{"id":189397,"date":"2022-10-20T05:47:24","date_gmt":"2022-10-20T03:47:24","guid":{"rendered":"http:\/\/dev.claret.cat\/producte\/la-isla-del-tesoro-5\/"},"modified":"2025-04-07T12:35:24","modified_gmt":"2025-04-07T10:35:24","slug":"la-isla-del-tesoro-9788427213777","status":"publish","type":"product","link":"https:\/\/www.claret.cat\/es\/libro\/la-isla-del-tesoro-9788427213777\/","title":{"rendered":"LA ISLA DEL TESORO"},"content":{"rendered":"<p>Cuando el joven Jim Hawkins encuentra el mapa de una isla donde se oculta un valioso tesoro, \u00e9l y sus compa\u00f1eros se lanzan a la aventura. Pero el protagonista no es el \u00fanico que anhela el tesoro: un peligroso grupo de piratas est\u00e1 dispuesto a todo para conseguirlo&#8230; as\u00ed que Jim deber\u00e1 hacer uso de toda su astucia y valor para sobrevivir a tan arriesgada aventura.<\/p>\n","protected":false},"excerpt":{"rendered":"<p>STEVENSON , ROBERT LOUIS<\/p>\n","protected":false},"featured_media":189398,"template":"","meta":{"_acf_changed":false,"om_disable_all_campaigns":false,"rs_blank_template":"","rs_page_bg_color":"","slide_template_v7":"","inline_featured_image":false,"_monsterinsights_skip_tracking":false,"_monsterinsights_sitenote_active":false,"_monsterinsights_sitenote_note":"","_monsterinsights_sitenote_category":0},"product_brand":[],"product_cat":[86,352],"product_tag":[],"class_list":{"0":"post-189397","1":"product","2":"type-product","3":"status-publish","4":"has-post-thumbnail","6":"product_cat-infantil","7":"product_cat-infantil-3_infantil-juvenil-spa","9":"first","10":"instock","11":"taxable","12":"shipping-taxable","13":"purchasable","14":"product-type-simple"},"acf":{"autor":"STEVENSON , ROBERT LOUIS","codart":"842721377","libros-coleccion":"INOLVIDABLES","ediciones":"1","encuadernacion":"Carton\u00e9","fecha_de_publicacion":"01\/03\/2018","novedad":"1","paginas":"288","subtitulo":"","orden":"0","portada":"0","idioma":"spa","editorial":[{"ID":6346,"post_author":"3","post_date":"2022-07-28 17:50:13","post_date_gmt":"2022-07-28 15:50:13","post_content":"","post_title":"RBA Molino","post_excerpt":"","post_status":"publish","comment_status":"closed","ping_status":"closed","post_password":"","post_name":"rba-molino","to_ping":"","pinged":"","post_modified":"2022-07-28 17:50:13","post_modified_gmt":"2022-07-28 15:50:13","post_content_filtered":"","post_parent":0,"guid":"http:\/\/dev.claret.cat\/editorial\/rba-molino\/","menu_order":0,"post_type":"editorial","post_mime_type":"","comment_count":"0","filter":"raw"}],"autores-libros":[{"ID":168215,"post_author":"3","post_date":"2022-10-14 18:17:26","post_date_gmt":"2022-10-14 16:17:26","post_content":"","post_title":"ROBERT LOUIS STEVENSON","post_excerpt":"","post_status":"publish","comment_status":"closed","ping_status":"closed","post_password":"","post_name":"robert-louis-stevenson","to_ping":"","pinged":"","post_modified":"2022-10-14 18:17:26","post_modified_gmt":"2022-10-14 16:17:26","post_content_filtered":"","post_parent":0,"guid":"http:\/\/dev.claret.cat\/autor\/robert-louis-stevenson\/","menu_order":0,"post_type":"autor","post_mime_type":"","comment_count":"0","filter":"raw"}]},"aioseo_notices":[],"_links":{"self":[{"href":"https:\/\/www.claret.cat\/es\/wp-json\/wp\/v2\/product\/189397","targetHints":{"allow":["GET"]}}],"collection":[{"href":"https:\/\/www.claret.cat\/es\/wp-json\/wp\/v2\/product"}],"about":[{"href":"https:\/\/www.claret.cat\/es\/wp-json\/wp\/v2\/types\/product"}],"wp:featuredmedia":[{"embeddable":true,"href":"https:\/\/www.claret.cat\/es\/wp-json\/wp\/v2\/media\/189398"}],"wp:attachment":[{"href":"https:\/\/www.claret.cat\/es\/wp-json\/wp\/v2\/media?parent=189397"}],"wp:term":[{"taxonomy":"product_brand","embeddable":true,"href":"https:\/\/www.claret.cat\/es\/wp-json\/wp\/v2\/product_brand?post=189397"},{"taxonomy":"product_cat","embeddable":true,"href":"https:\/\/www.claret.cat\/es\/wp-json\/wp\/v2\/product_cat?post=189397"},{"taxonomy":"product_tag","embeddable":true,"href":"https:\/\/www.claret.cat\/es\/wp-json\/wp\/v2\/product_tag?post=189397"}],"curies":[{"name":"wp","href":"https:\/\/api.w.org\/{rel}","templated":true}]}}