{"id":1895,"date":"2022-07-27T21:04:27","date_gmt":"2022-07-27T19:04:27","guid":{"rendered":"http:\/\/dev.claret.cat\/producto\/amfitrio-la-comedia-de-lolla-9788498593549\/"},"modified":"2025-03-13T19:11:00","modified_gmt":"2025-03-13T18:11:00","slug":"amfitrio-la-comedia-de-lolla-9788498593549","status":"publish","type":"product","link":"https:\/\/www.claret.cat\/es\/libro\/amfitrio-la-comedia-de-lolla-9788498593549\/","title":{"rendered":"AMFITRI\u00d3. LA COM\u00c8DIA DE L&#8221;OLLA."},"content":{"rendered":"<p>En l\u2019Amfitri\u00f3, Plaute recrea de manera hilarant un dels mites cl\u00e0ssics m\u00e9s coneguts: la concepci\u00f3 d\u2019H\u00e8rcules per part de J\u00fapiter, un episodi ple d\u2019equ\u00edvocs que acaba convertit en una tragicom\u00e8dia. En La com\u00e8dia de l\u2019olla (o Aulularia), en canvi, seguim la hist\u00f2ria d\u2019un vell avar que un bon dia es troba una olla plena de diners enterrada a casa seva. El volum presenta el text original llat\u00ed, la traducci\u00f3 al catal\u00e0 de Mar\u00e7al Olivar, convenientment anotada, i un pr\u00f2leg a c\u00e0rrec d\u2019Esther Artigas, professora de Filologia Llatina a la Universitat de Barcelona i especialista en el teatre rom\u00e0.<\/p>\n","protected":false},"excerpt":{"rendered":"<p>, PLAUTE<\/p>\n","protected":false},"featured_media":325802,"template":"","meta":{"_acf_changed":false,"om_disable_all_campaigns":false,"rs_blank_template":"","rs_page_bg_color":"","slide_template_v7":"","inline_featured_image":false,"_monsterinsights_skip_tracking":false,"_monsterinsights_sitenote_active":false,"_monsterinsights_sitenote_note":"","_monsterinsights_sitenote_category":0},"product_brand":[],"product_cat":[175,445],"product_tag":[],"class_list":{"0":"post-1895","1":"product","2":"type-product","3":"status-publish","4":"has-post-thumbnail","6":"product_cat-etica","7":"product_cat-etica-filosofia-2_humanidades","9":"first","10":"instock","11":"taxable","12":"shipping-taxable","13":"purchasable","14":"product-type-simple"},"acf":{"autor":", PLAUTE","codart":"849859354","ediciones":"1","encuadernacion":"R\u00fastica","fecha_de_publicacion":"01\/09\/2020","novedad":"1","paginas":"223","subtitulo":"","orden":"0","portada":"0","idioma":"spa","libros-coleccion":"BERNAT METGE ESSENCIAL","autores-libros":[{"ID":5951,"post_author":"3","post_date":"2022-07-28 17:34:59","post_date_gmt":"2022-07-28 15:34:59","post_content":"","post_title":"PLAUTE","post_excerpt":"","post_status":"publish","comment_status":"closed","ping_status":"closed","post_password":"","post_name":"plaute","to_ping":"","pinged":"","post_modified":"2022-07-28 17:34:59","post_modified_gmt":"2022-07-28 15:34:59","post_content_filtered":"","post_parent":0,"guid":"http:\/\/dev.claret.cat\/autor\/plaute\/","menu_order":0,"post_type":"autor","post_mime_type":"","comment_count":"0","filter":"raw"}],"editorial":[{"ID":6216,"post_author":"3","post_date":"2022-07-28 17:47:22","post_date_gmt":"2022-07-28 15:47:22","post_content":"","post_title":"Editorial Alpha","post_excerpt":"","post_status":"publish","comment_status":"closed","ping_status":"closed","post_password":"","post_name":"editorial-alpha","to_ping":"","pinged":"","post_modified":"2022-07-28 17:47:22","post_modified_gmt":"2022-07-28 15:47:22","post_content_filtered":"","post_parent":0,"guid":"http:\/\/dev.claret.cat\/editorial\/editorial-alpha\/","menu_order":0,"post_type":"editorial","post_mime_type":"","comment_count":"0","filter":"raw"}]},"aioseo_notices":[],"_links":{"self":[{"href":"https:\/\/www.claret.cat\/es\/wp-json\/wp\/v2\/product\/1895","targetHints":{"allow":["GET"]}}],"collection":[{"href":"https:\/\/www.claret.cat\/es\/wp-json\/wp\/v2\/product"}],"about":[{"href":"https:\/\/www.claret.cat\/es\/wp-json\/wp\/v2\/types\/product"}],"wp:featuredmedia":[{"embeddable":true,"href":"https:\/\/www.claret.cat\/es\/wp-json\/wp\/v2\/media\/325802"}],"wp:attachment":[{"href":"https:\/\/www.claret.cat\/es\/wp-json\/wp\/v2\/media?parent=1895"}],"wp:term":[{"taxonomy":"product_brand","embeddable":true,"href":"https:\/\/www.claret.cat\/es\/wp-json\/wp\/v2\/product_brand?post=1895"},{"taxonomy":"product_cat","embeddable":true,"href":"https:\/\/www.claret.cat\/es\/wp-json\/wp\/v2\/product_cat?post=1895"},{"taxonomy":"product_tag","embeddable":true,"href":"https:\/\/www.claret.cat\/es\/wp-json\/wp\/v2\/product_tag?post=1895"}],"curies":[{"name":"wp","href":"https:\/\/api.w.org\/{rel}","templated":true}]}}