{"id":189514,"date":"2022-10-20T05:49:27","date_gmt":"2022-10-20T03:49:27","guid":{"rendered":"http:\/\/dev.claret.cat\/producte\/les-closes\/"},"modified":"2023-01-28T00:56:58","modified_gmt":"2023-01-27T23:56:58","slug":"les-closes-9788416853175","status":"publish","type":"product","link":"https:\/\/www.claret.cat\/es\/libro\/les-closes-9788416853175\/","title":{"rendered":"LES CLOSES"},"content":{"rendered":"<p>Les Closes \u00e9s una finca de l&#8217;Empord\u00e0 on el propietari, un terratinent de filiaci\u00f3 republicana, ha estat assassinat i la seva dona acusada i empresonada, per b\u00e9 que finalment absolta. Cent anys despr\u00e9s, la seva besn\u00e9ta reconstrueix la hist\u00f2ria d&#8217;aquesta ombra darrere un nom que \u00e9s Dolors Canals a partir de diversos recursos: cartes, documents, entrevistes&#8230; teixint una teranyina liter\u00e0ria ambientada en els anys de la revoluci\u00f3 del 1868.<\/p>\n","protected":false},"excerpt":{"rendered":"<p>ANGLADA, MARIA \u00c0NGELS<\/p>\n","protected":false},"featured_media":189515,"template":"","meta":{"_acf_changed":false,"om_disable_all_campaigns":false,"rs_blank_template":"","rs_page_bg_color":"","slide_template_v7":"","inline_featured_image":false,"_monsterinsights_skip_tracking":false,"_monsterinsights_sitenote_active":false,"_monsterinsights_sitenote_note":"","_monsterinsights_sitenote_category":0},"product_brand":[],"product_cat":[87],"product_tag":[],"class_list":{"0":"post-189514","1":"product","2":"type-product","3":"status-publish","4":"has-post-thumbnail","6":"product_cat-literatura","8":"first","9":"instock","10":"taxable","11":"shipping-taxable","12":"purchasable","13":"product-type-simple"},"acf":{"autor":"ANGLADA, MARIA \u00c0NGELS","codart":"841685317","libros-coleccion":"S\u00e8rie Literatures","ediciones":"1","encuadernacion":"R\u00fastica","fecha_de_publicacion":"01\/03\/2018","novedad":"1","paginas":"140","subtitulo":"","orden":"0","portada":"0","idioma":"cat","editorial":[{"ID":148405,"post_author":"3","post_date":"2022-10-14 11:57:59","post_date_gmt":"2022-10-14 09:57:59","post_content":"","post_title":"L'AVEN\u00c7","post_excerpt":"","post_status":"publish","comment_status":"closed","ping_status":"closed","post_password":"","post_name":"lavenc-2","to_ping":"","pinged":"","post_modified":"2022-10-14 11:57:59","post_modified_gmt":"2022-10-14 09:57:59","post_content_filtered":"","post_parent":0,"guid":"http:\/\/dev.claret.cat\/editorial\/lavenc-2\/","menu_order":0,"post_type":"editorial","post_mime_type":"","comment_count":"0","filter":"raw"}],"autores-libros":[{"ID":163520,"post_author":"3","post_date":"2022-10-14 17:39:42","post_date_gmt":"2022-10-14 15:39:42","post_content":"","post_title":"MARIA ANGELS ANGLADA","post_excerpt":"","post_status":"publish","comment_status":"closed","ping_status":"closed","post_password":"","post_name":"maria-angels-anglada","to_ping":"","pinged":"","post_modified":"2022-10-14 17:39:42","post_modified_gmt":"2022-10-14 15:39:42","post_content_filtered":"","post_parent":0,"guid":"http:\/\/dev.claret.cat\/autor\/maria-angels-anglada\/","menu_order":0,"post_type":"autor","post_mime_type":"","comment_count":"0","filter":"raw"}]},"aioseo_notices":[],"_links":{"self":[{"href":"https:\/\/www.claret.cat\/es\/wp-json\/wp\/v2\/product\/189514","targetHints":{"allow":["GET"]}}],"collection":[{"href":"https:\/\/www.claret.cat\/es\/wp-json\/wp\/v2\/product"}],"about":[{"href":"https:\/\/www.claret.cat\/es\/wp-json\/wp\/v2\/types\/product"}],"wp:featuredmedia":[{"embeddable":true,"href":"https:\/\/www.claret.cat\/es\/wp-json\/wp\/v2\/media\/189515"}],"wp:attachment":[{"href":"https:\/\/www.claret.cat\/es\/wp-json\/wp\/v2\/media?parent=189514"}],"wp:term":[{"taxonomy":"product_brand","embeddable":true,"href":"https:\/\/www.claret.cat\/es\/wp-json\/wp\/v2\/product_brand?post=189514"},{"taxonomy":"product_cat","embeddable":true,"href":"https:\/\/www.claret.cat\/es\/wp-json\/wp\/v2\/product_cat?post=189514"},{"taxonomy":"product_tag","embeddable":true,"href":"https:\/\/www.claret.cat\/es\/wp-json\/wp\/v2\/product_tag?post=189514"}],"curies":[{"name":"wp","href":"https:\/\/api.w.org\/{rel}","templated":true}]}}