{"id":189547,"date":"2022-10-20T05:50:00","date_gmt":"2022-10-20T03:50:00","guid":{"rendered":"http:\/\/dev.claret.cat\/producte\/el-orden-del-dia\/"},"modified":"2023-01-28T06:46:33","modified_gmt":"2023-01-28T05:46:33","slug":"el-orden-del-dia-9788490665077","status":"publish","type":"product","link":"https:\/\/www.claret.cat\/es\/libro\/el-orden-del-dia-9788490665077\/","title":{"rendered":"EL ORDEN DEL D\u00cdA"},"content":{"rendered":"<p>En febrero de 1933, en el Reichstag se celebr\u00f3 una reuni\u00f3n secreta, que no estaba en el orden del d\u00eda, en la que los empresarios alemanes entre los que se contaban los due\u00f1os de Opel, Krupp, Siemens, IG Farben, Bayer, Telefunken, Agfa y Varta donaron grandes cantidades de dinero a Hitler para lograr la estabilidad que \u00e9l promet\u00eda. Desde ese a\u00f1o, Hitler tram\u00f3 una estrategia de cara a la comunidad internacional para anexionarse Austria \u00abpac\u00edficamente\u00bb; para ello, mientras se grangeaba la aquiescencia o el silencio de dirigentes europeos, mantuvo una guerra psicol\u00f3gica con Schuschnigg, el canciller austriaco, hasta que la ocupaci\u00f3n (un alarde del legendario ej\u00e9rcito germano, que ocultaba graves problemas t\u00e9cnicos) fue un hecho.<br \/>Esta obra desvela los mercadeos y simples intereses comunes, las mentiras y posverdades, que hicieron factible el ascenso del nazismo y su dominio en Europa hasta la Segunda Guerra Mundial, con las consecuencias de todos conocidas. El orden del d\u00eda narra de una manera trepidante y muy novedosa, en escenas memorables, las bambalinas del ascenso de Hitler al poder, en una clase magistral de literatura, historia y moral pol\u00edtica.<\/p>\n","protected":false},"excerpt":{"rendered":"<p>VUILLARD, \u00c9RIC<\/p>\n","protected":false},"featured_media":189548,"template":"","meta":{"_acf_changed":false,"om_disable_all_campaigns":false,"rs_blank_template":"","rs_page_bg_color":"","slide_template_v7":"","inline_featured_image":false,"_monsterinsights_skip_tracking":false,"_monsterinsights_sitenote_active":false,"_monsterinsights_sitenote_note":"","_monsterinsights_sitenote_category":0},"product_brand":[],"product_cat":[87],"product_tag":[],"class_list":{"0":"post-189547","1":"product","2":"type-product","3":"status-publish","4":"has-post-thumbnail","6":"product_cat-literatura","8":"first","9":"instock","10":"taxable","11":"shipping-taxable","12":"purchasable","13":"product-type-simple"},"acf":{"autor":"VUILLARD, \u00c9RIC","codart":"849066507","libros-coleccion":"ANDANZAS*","ediciones":"1","encuadernacion":"R\u00fastica","fecha_de_publicacion":"01\/03\/2018","novedad":"1","paginas":"141","subtitulo":"PREMIO GONCOURT 2017","orden":"0","portada":"0","idioma":"spa","editorial":[{"ID":148913,"post_author":"3","post_date":"2022-10-14 12:01:58","post_date_gmt":"2022-10-14 10:01:58","post_content":"","post_title":"Tusquets Editores S.A.","post_excerpt":"","post_status":"publish","comment_status":"closed","ping_status":"closed","post_password":"","post_name":"tusquets-editores-s-a","to_ping":"","pinged":"","post_modified":"2022-10-14 12:01:58","post_modified_gmt":"2022-10-14 10:01:58","post_content_filtered":"","post_parent":0,"guid":"http:\/\/dev.claret.cat\/editorial\/tusquets-editores-s-a\/","menu_order":0,"post_type":"editorial","post_mime_type":"","comment_count":"0","filter":"raw"}],"autores-libros":[{"ID":155270,"post_author":"3","post_date":"2022-10-14 15:11:30","post_date_gmt":"2022-10-14 13:11:30","post_content":"","post_title":"\u00c9RIC VUILLARD","post_excerpt":"","post_status":"publish","comment_status":"closed","ping_status":"closed","post_password":"","post_name":"eric-vuillard","to_ping":"","pinged":"","post_modified":"2022-10-14 15:11:30","post_modified_gmt":"2022-10-14 13:11:30","post_content_filtered":"","post_parent":0,"guid":"http:\/\/dev.claret.cat\/autor\/eric-vuillard\/","menu_order":0,"post_type":"autor","post_mime_type":"","comment_count":"0","filter":"raw"}]},"aioseo_notices":[],"_links":{"self":[{"href":"https:\/\/www.claret.cat\/es\/wp-json\/wp\/v2\/product\/189547","targetHints":{"allow":["GET"]}}],"collection":[{"href":"https:\/\/www.claret.cat\/es\/wp-json\/wp\/v2\/product"}],"about":[{"href":"https:\/\/www.claret.cat\/es\/wp-json\/wp\/v2\/types\/product"}],"wp:featuredmedia":[{"embeddable":true,"href":"https:\/\/www.claret.cat\/es\/wp-json\/wp\/v2\/media\/189548"}],"wp:attachment":[{"href":"https:\/\/www.claret.cat\/es\/wp-json\/wp\/v2\/media?parent=189547"}],"wp:term":[{"taxonomy":"product_brand","embeddable":true,"href":"https:\/\/www.claret.cat\/es\/wp-json\/wp\/v2\/product_brand?post=189547"},{"taxonomy":"product_cat","embeddable":true,"href":"https:\/\/www.claret.cat\/es\/wp-json\/wp\/v2\/product_cat?post=189547"},{"taxonomy":"product_tag","embeddable":true,"href":"https:\/\/www.claret.cat\/es\/wp-json\/wp\/v2\/product_tag?post=189547"}],"curies":[{"name":"wp","href":"https:\/\/api.w.org\/{rel}","templated":true}]}}