{"id":189637,"date":"2022-10-20T05:51:32","date_gmt":"2022-10-20T03:51:32","guid":{"rendered":"http:\/\/dev.claret.cat\/producte\/el-corazon-del-viaje\/"},"modified":"2024-05-23T03:39:55","modified_gmt":"2024-05-23T01:39:55","slug":"el-corazon-del-viaje-9788491650850","status":"publish","type":"product","link":"https:\/\/www.claret.cat\/es\/libro\/el-corazon-del-viaje-9788491650850\/","title":{"rendered":"EL CORAZ\u00d3N DEL VIAJE"},"content":{"rendered":"<p>Dorotea se ha instalado en la tierra, proveniente de un viaje intergal\u00e1ctico que ten\u00eda como finalidad conocer la fe cristiana para poder terminar con esta &#8216;superstici\u00f3n&#8217;. Pero el acercamiento de Dorotea a los fundamentos de la fe despierta en ella un intenso inter\u00e9s por Jes\u00fas y una paulatina implicaci\u00f3n en la comunidad eclesial. La correspondencia con su superior, el comandante de la misi\u00f3n, nos permite compartir su transformaci\u00f3n personal. El coraz\u00f3n del viaje. La exploraci\u00f3n, continuaci\u00f3n del Viaje al coraz\u00f3n de la fe. El aterrizaje, como en el volumen anterior muestra los misterios b\u00e1sicos del cristianismo partiendo de textos b\u00edblicos, lit\u00fargicos, de los Padres de la Iglesia y de la tradici\u00f3n cristiana. Y lo hace de manera muy amena, siguiendo el hilo de una narraci\u00f3n de ciencia-ficci\u00f3n.<\/p>\n","protected":false},"excerpt":{"rendered":"<p>FERRET, N\u00daRIA<\/p>\n","protected":false},"featured_media":361044,"template":"","meta":{"_acf_changed":false,"om_disable_all_campaigns":false,"rs_blank_template":"","rs_page_bg_color":"","slide_template_v7":"","inline_featured_image":false,"_monsterinsights_skip_tracking":false,"_monsterinsights_sitenote_active":false,"_monsterinsights_sitenote_note":"","_monsterinsights_sitenote_category":0},"product_brand":[],"product_cat":[345,79,344,78],"product_tag":[],"class_list":{"0":"post-189637","1":"product","2":"type-product","3":"status-publish","4":"has-post-thumbnail","6":"product_cat-espiritualidad","7":"product_cat-espiritualitat","8":"product_cat-pastoral-1_espiritualidad","9":"product_cat-pastoral","11":"first","12":"instock","13":"taxable","14":"shipping-taxable","15":"purchasable","16":"product-type-simple"},"acf":{"autor":"FERRET, N\u00daRIA","codart":"849165085","libros-coleccion":"CPL LIBRI","ediciones":"1","encuadernacion":"R\u00fastica","fecha_de_publicacion":"23\/02\/2018","novedad":"1","paginas":"220","subtitulo":"LA EXPLORACI\u00d3N","orden":"0","portada":"0","idioma":"spa","editorial":[{"ID":6172,"post_author":"3","post_date":"2022-07-28 17:46:27","post_date_gmt":"2022-07-28 15:46:27","post_content":"","post_title":"CPL","post_excerpt":"","post_status":"publish","comment_status":"closed","ping_status":"closed","post_password":"","post_name":"cpl","to_ping":"","pinged":"","post_modified":"2022-07-28 17:46:27","post_modified_gmt":"2022-07-28 15:46:27","post_content_filtered":"","post_parent":0,"guid":"http:\/\/dev.claret.cat\/editorial\/cpl\/","menu_order":0,"post_type":"editorial","post_mime_type":"","comment_count":"0","filter":"raw"}],"autores-libros":[{"ID":360981,"post_author":"3","post_date":"2023-01-15 07:03:18","post_date_gmt":"2023-01-15 06:03:18","post_content":"","post_title":"N\u00daRIA FERRET","post_excerpt":"","post_status":"publish","comment_status":"closed","ping_status":"closed","post_password":"","post_name":"nuria-ferret","to_ping":"","pinged":"","post_modified":"2023-01-15 07:03:18","post_modified_gmt":"2023-01-15 06:03:18","post_content_filtered":"","post_parent":0,"guid":"https:\/\/www.claret.cat\/autor\/nuria-ferret\/","menu_order":0,"post_type":"autor","post_mime_type":"","comment_count":"0","filter":"raw"}]},"aioseo_notices":[],"_links":{"self":[{"href":"https:\/\/www.claret.cat\/es\/wp-json\/wp\/v2\/product\/189637","targetHints":{"allow":["GET"]}}],"collection":[{"href":"https:\/\/www.claret.cat\/es\/wp-json\/wp\/v2\/product"}],"about":[{"href":"https:\/\/www.claret.cat\/es\/wp-json\/wp\/v2\/types\/product"}],"wp:featuredmedia":[{"embeddable":true,"href":"https:\/\/www.claret.cat\/es\/wp-json\/wp\/v2\/media\/361044"}],"wp:attachment":[{"href":"https:\/\/www.claret.cat\/es\/wp-json\/wp\/v2\/media?parent=189637"}],"wp:term":[{"taxonomy":"product_brand","embeddable":true,"href":"https:\/\/www.claret.cat\/es\/wp-json\/wp\/v2\/product_brand?post=189637"},{"taxonomy":"product_cat","embeddable":true,"href":"https:\/\/www.claret.cat\/es\/wp-json\/wp\/v2\/product_cat?post=189637"},{"taxonomy":"product_tag","embeddable":true,"href":"https:\/\/www.claret.cat\/es\/wp-json\/wp\/v2\/product_tag?post=189637"}],"curies":[{"name":"wp","href":"https:\/\/api.w.org\/{rel}","templated":true}]}}