{"id":189731,"date":"2022-10-20T05:53:08","date_gmt":"2022-10-20T03:53:08","guid":{"rendered":"http:\/\/dev.claret.cat\/producte\/la-epidemia-del-narcisismo\/"},"modified":"2024-05-23T20:59:50","modified_gmt":"2024-05-23T18:59:50","slug":"la-epidemia-del-narcisismo-9788470576362","status":"publish","type":"product","link":"https:\/\/www.claret.cat\/es\/libro\/la-epidemia-del-narcisismo-9788470576362\/","title":{"rendered":"LA EPIDEMIA DEL NARCISISMO"},"content":{"rendered":"<p>Imaginamos el narcisismo social como un taburete que reposa sobre cuatro patas. Una pata tiene que ver con la educaci\u00f3n, incluyendo la permisividad de padres y madres y una educaci\u00f3n centrada en la autoestima. La segunda pata es la cultura medi\u00e1tica de la fama superficial. La tercera es internet: a pesar de sus muchos beneficios, la red tambi\u00e9n sirve como conducto para el narcisismo individual. Finalmente, el cr\u00e9dito f\u00e1cil hace que los sue\u00f1os narcisistas se hagan realidad\u2026<br \/>Tenemos un reto para usted: piense hacia d\u00f3nde queremos ir como cultura y qui\u00e9n quiere ser usted como persona. Podemos tomar el camino del narcisismo, el que nos ha tra\u00eddo hasta aqu\u00ed. Este camino est\u00e1 plagado de se\u00f1ales de egocentrismo, relaciones superficiales, vanidad, aislamiento social, econom\u00eda de pacotilla, rescates y culpa. O podemos tomar otro camino, el que est\u00e1 marcado por la responsabilidad hacia nosotros mismos, hacia nuestras familias y comunidades.<\/p>\n","protected":false},"excerpt":{"rendered":"<p>TWENGE, JEAN M.; KEITH CAMPBELL, W.<\/p>\n","protected":false},"featured_media":349592,"template":"","meta":{"_acf_changed":false,"om_disable_all_campaigns":false,"rs_blank_template":"","rs_page_bg_color":"","slide_template_v7":"","inline_featured_image":false,"_monsterinsights_skip_tracking":false,"_monsterinsights_sitenote_active":false,"_monsterinsights_sitenote_note":"","_monsterinsights_sitenote_category":0},"product_brand":[],"product_cat":[100,550],"product_tag":[],"class_list":{"0":"post-189731","1":"product","2":"type-product","3":"status-publish","4":"has-post-thumbnail","6":"product_cat-escola-de-pares","7":"product_cat-escuela-de-padres-3_infantil-juvenil-spa-spa","9":"first","10":"instock","11":"taxable","12":"shipping-taxable","13":"purchasable","14":"product-type-simple"},"acf":{"autor":"TWENGE, JEAN M.; KEITH CAMPBELL, W.","codart":"847057636","libros-coleccion":"","ediciones":"1","encuadernacion":"R\u00fastica","fecha_de_publicacion":"19\/02\/2018","novedad":"1","paginas":"504","subtitulo":"VIVIR EN LA ERA DE LA PRETENSI\u00d3N","orden":"0","portada":"0","idioma":"spa","editorial":[{"ID":6173,"post_author":"3","post_date":"2022-07-28 17:46:28","post_date_gmt":"2022-07-28 15:46:28","post_content":"","post_title":"Cristiandad","post_excerpt":"","post_status":"publish","comment_status":"closed","ping_status":"closed","post_password":"","post_name":"cristiandad","to_ping":"","pinged":"","post_modified":"2022-07-28 17:46:28","post_modified_gmt":"2022-07-28 15:46:28","post_content_filtered":"","post_parent":0,"guid":"http:\/\/dev.claret.cat\/editorial\/cristiandad\/","menu_order":0,"post_type":"editorial","post_mime_type":"","comment_count":"0","filter":"raw"}],"autores-libros":[{"ID":349590,"post_author":"3","post_date":"2023-01-14 06:41:51","post_date_gmt":"2023-01-14 05:41:51","post_content":"","post_title":"JEAN M. TWENGE","post_excerpt":"","post_status":"publish","comment_status":"closed","ping_status":"closed","post_password":"","post_name":"jean-m-twenge","to_ping":"","pinged":"","post_modified":"2023-01-14 06:41:51","post_modified_gmt":"2023-01-14 05:41:51","post_content_filtered":"","post_parent":0,"guid":"https:\/\/www.claret.cat\/autor\/jean-m-twenge\/","menu_order":0,"post_type":"autor","post_mime_type":"","comment_count":"0","filter":"raw"},{"ID":349591,"post_author":"3","post_date":"2023-01-14 06:42:00","post_date_gmt":"2023-01-14 05:42:00","post_content":"","post_title":"W. KEITH CAMPBELL","post_excerpt":"","post_status":"publish","comment_status":"closed","ping_status":"closed","post_password":"","post_name":"w-keith-campbell","to_ping":"","pinged":"","post_modified":"2023-01-14 06:42:00","post_modified_gmt":"2023-01-14 05:42:00","post_content_filtered":"","post_parent":0,"guid":"https:\/\/www.claret.cat\/autor\/w-keith-campbell\/","menu_order":0,"post_type":"autor","post_mime_type":"","comment_count":"0","filter":"raw"}]},"aioseo_notices":[],"_links":{"self":[{"href":"https:\/\/www.claret.cat\/es\/wp-json\/wp\/v2\/product\/189731","targetHints":{"allow":["GET"]}}],"collection":[{"href":"https:\/\/www.claret.cat\/es\/wp-json\/wp\/v2\/product"}],"about":[{"href":"https:\/\/www.claret.cat\/es\/wp-json\/wp\/v2\/types\/product"}],"wp:featuredmedia":[{"embeddable":true,"href":"https:\/\/www.claret.cat\/es\/wp-json\/wp\/v2\/media\/349592"}],"wp:attachment":[{"href":"https:\/\/www.claret.cat\/es\/wp-json\/wp\/v2\/media?parent=189731"}],"wp:term":[{"taxonomy":"product_brand","embeddable":true,"href":"https:\/\/www.claret.cat\/es\/wp-json\/wp\/v2\/product_brand?post=189731"},{"taxonomy":"product_cat","embeddable":true,"href":"https:\/\/www.claret.cat\/es\/wp-json\/wp\/v2\/product_cat?post=189731"},{"taxonomy":"product_tag","embeddable":true,"href":"https:\/\/www.claret.cat\/es\/wp-json\/wp\/v2\/product_tag?post=189731"}],"curies":[{"name":"wp","href":"https:\/\/api.w.org\/{rel}","templated":true}]}}