{"id":18974,"date":"2022-10-01T23:50:32","date_gmt":"2022-10-01T21:50:32","guid":{"rendered":"http:\/\/dev.claret.cat\/producte\/la-visita-al-enfermo\/"},"modified":"2026-04-01T22:45:31","modified_gmt":"2026-04-01T20:45:31","slug":"la-visita-al-enfermo-9788428827591","status":"publish","type":"product","link":"https:\/\/www.claret.cat\/es\/libro\/la-visita-al-enfermo-9788428827591\/","title":{"rendered":"LA VISITA AL ENFERMO"},"content":{"rendered":"<p>Cuando se acoge a una visita se pide \u2013en todos los casos\u2013 prudencia, respeto a la intimidad y a los l\u00edmites establecidos, a riesgo de que la imprudencia o la curiosidad provoquen que no se te vuelva a invitar o que se te eche de casa antes de tiempo. Esta prudencia y respeto son tambi\u00e9n las claves de toda visita al enfermo. Entramos en su casa (y muchas veces sin previo aviso y \u00absin llamar a la puerta\u00bb de su vida), pretendiendo entrar en estancias existenciales a las que a\u00fan no nos han dado permiso. Esto es lo que el autor, con sus claves propositivas, te\u00f3ricas y pr\u00e1cticas, quiere desvelarnos en este libro. Nos invita a quitarnos el velo (des-velar) que tenemos ante nuestros ojos y que nos impide ver que no siempre actuamos correctamente; que nuestras actitudes y acciones a veces curiosean o invaden el coraz\u00f3n\/hogar del enfermo.<\/p>\n","protected":false},"excerpt":{"rendered":"<p>BERMEJO, JOS\u00c9 CARLOS<\/p>\n","protected":false},"featured_media":1078280,"template":"","meta":{"_acf_changed":false,"om_disable_all_campaigns":false,"rs_blank_template":"","rs_page_bg_color":"","slide_template_v7":"","inline_featured_image":false,"_monsterinsights_skip_tracking":false,"_monsterinsights_sitenote_active":false,"_monsterinsights_sitenote_note":"","_monsterinsights_sitenote_category":0},"product_brand":[],"product_cat":[515,289,285,419],"product_tag":[],"class_list":{"0":"post-18974","1":"product","2":"type-product","3":"status-publish","4":"has-post-thumbnail","6":"product_cat-moral-de-la-persona-bioetica-teologia-1_espiritualidad","7":"product_cat-moral-de-la-persona-bioetica","8":"product_cat-pastoral-teologia","9":"product_cat-pastoral-teologia-1_espiritualidad","11":"first","12":"instock","13":"taxable","14":"shipping-taxable","15":"purchasable","16":"product-type-simple"},"acf":{"autor":"BERMEJO, JOS\u00c9 CARLOS","codart":"842882759","libros-coleccion":"","ediciones":"1","encuadernacion":"R\u00fastica","fecha_de_publicacion":"03\/09\/2014","novedad":"0","paginas":"170","subtitulo":"BUENAS Y MALAS PR\u00c1CTICAS","orden":"999","portada":"0","idioma":"spa","editorial":[{"ID":6335,"post_author":"3","post_date":"2022-07-28 17:49:59","post_date_gmt":"2022-07-28 15:49:59","post_content":"","post_title":"PPC altres","post_excerpt":"","post_status":"publish","comment_status":"closed","ping_status":"closed","post_password":"","post_name":"ppc-altres","to_ping":"","pinged":"","post_modified":"2022-07-28 17:49:59","post_modified_gmt":"2022-07-28 15:49:59","post_content_filtered":"","post_parent":0,"guid":"http:\/\/dev.claret.cat\/editorial\/ppc-altres\/","menu_order":0,"post_type":"editorial","post_mime_type":"","comment_count":"0","filter":"raw"}],"autores-libros":[{"ID":5637,"post_author":"3","post_date":"2022-07-28 17:28:16","post_date_gmt":"2022-07-28 15:28:16","post_content":"","post_title":"JOS\u00c9 CARLOS BERMEJO","post_excerpt":"","post_status":"publish","comment_status":"closed","ping_status":"closed","post_password":"","post_name":"jose-carlos-bermejo","to_ping":"","pinged":"","post_modified":"2022-07-28 17:28:16","post_modified_gmt":"2022-07-28 15:28:16","post_content_filtered":"","post_parent":0,"guid":"http:\/\/dev.claret.cat\/autor\/jose-carlos-bermejo\/","menu_order":0,"post_type":"autor","post_mime_type":"","comment_count":"0","filter":"raw"}],"booktrailer":"","resenas":""},"aioseo_notices":[],"_links":{"self":[{"href":"https:\/\/www.claret.cat\/es\/wp-json\/wp\/v2\/product\/18974","targetHints":{"allow":["GET"]}}],"collection":[{"href":"https:\/\/www.claret.cat\/es\/wp-json\/wp\/v2\/product"}],"about":[{"href":"https:\/\/www.claret.cat\/es\/wp-json\/wp\/v2\/types\/product"}],"wp:featuredmedia":[{"embeddable":true,"href":"https:\/\/www.claret.cat\/es\/wp-json\/wp\/v2\/media\/1078280"}],"wp:attachment":[{"href":"https:\/\/www.claret.cat\/es\/wp-json\/wp\/v2\/media?parent=18974"}],"wp:term":[{"taxonomy":"product_brand","embeddable":true,"href":"https:\/\/www.claret.cat\/es\/wp-json\/wp\/v2\/product_brand?post=18974"},{"taxonomy":"product_cat","embeddable":true,"href":"https:\/\/www.claret.cat\/es\/wp-json\/wp\/v2\/product_cat?post=18974"},{"taxonomy":"product_tag","embeddable":true,"href":"https:\/\/www.claret.cat\/es\/wp-json\/wp\/v2\/product_tag?post=18974"}],"curies":[{"name":"wp","href":"https:\/\/api.w.org\/{rel}","templated":true}]}}