{"id":189743,"date":"2022-10-20T05:53:20","date_gmt":"2022-10-20T03:53:20","guid":{"rendered":"http:\/\/dev.claret.cat\/producte\/el-capitulo-viii-de-la-exhortacion-apostolica-pos-sinodal-amoris-laetitia\/"},"modified":"2024-05-02T06:09:41","modified_gmt":"2024-05-02T04:09:41","slug":"el-capitulo-viii-de-la-exhortacion-apostolica-possinodal-amoris-laetitia-9788428832250","status":"publish","type":"product","link":"https:\/\/www.claret.cat\/es\/libro\/el-capitulo-viii-de-la-exhortacion-apostolica-possinodal-amoris-laetitia-9788428832250\/","title":{"rendered":"EL CAP\u00cdTULO VIII DE LA  EXHORTACI\u00d3N APOST\u00d3LICA POS-SINODAL &#8211; AMORIS LAETITIA"},"content":{"rendered":"<p>El matrimonio cristiano, reflejo de la uni\u00f3n entre Cristo y su Iglesia, se materializa plenamente en la uni\u00f3n entre un hombre y una mujer, que se donan rec\u00edprocamente en un amor \u00fanico y en libre fidelidad, se pertenecen hasta la muerte y se abren a la comunicaci\u00f3n de la vida, consagrados por el sacramento que les confiere la gracia para constituirse en Iglesia dom\u00e9stica y en fermento de vida nueva para la sociedad. Otras formas de uni\u00f3n contradicen radicalmente este ideal, pero algunas lo realizan al menos de modo parcial y an\u00e1logo. Los Padres sinodales expresaron que la Iglesia no deja de valorar los elementos constructivos en aquellas situaciones que todav\u00eda no corresponden o ya no corresponden a su ense\u00f1anza sobre el matrimonio (Amoris laetitia 292).<\/p>\n","protected":false},"excerpt":{"rendered":"<p>COCCOPALMERIO, FRANCESCO Card.<\/p>\n","protected":false},"featured_media":337767,"template":"","meta":{"_acf_changed":false,"om_disable_all_campaigns":false,"rs_blank_template":"","rs_page_bg_color":"","slide_template_v7":"","inline_featured_image":false,"_monsterinsights_skip_tracking":false,"_monsterinsights_sitenote_active":false,"_monsterinsights_sitenote_note":"","_monsterinsights_sitenote_category":0},"product_brand":[],"product_cat":[93,543,76,342],"product_tag":[],"class_list":{"0":"post-189743","1":"product","2":"type-product","3":"status-publish","4":"has-post-thumbnail","6":"product_cat-eclesiologia","7":"product_cat-eclesiologia-es","8":"product_cat-teologia","9":"product_cat-teologia-1_espiritualidad","11":"first","12":"instock","13":"taxable","14":"shipping-taxable","15":"purchasable","16":"product-type-simple"},"acf":{"autor":"COCCOPALMERIO, FRANCESCO Card.","codart":"842883225","libros-coleccion":"","ediciones":"1","encuadernacion":"R\u00fastica","fecha_de_publicacion":"19\/02\/2018","novedad":"1","paginas":"80","subtitulo":"AMORIS LAETITIA","orden":"0","portada":"0","idioma":"spa","editorial":[{"ID":6335,"post_author":"3","post_date":"2022-07-28 17:49:59","post_date_gmt":"2022-07-28 15:49:59","post_content":"","post_title":"PPC altres","post_excerpt":"","post_status":"publish","comment_status":"closed","ping_status":"closed","post_password":"","post_name":"ppc-altres","to_ping":"","pinged":"","post_modified":"2022-07-28 17:49:59","post_modified_gmt":"2022-07-28 15:49:59","post_content_filtered":"","post_parent":0,"guid":"http:\/\/dev.claret.cat\/editorial\/ppc-altres\/","menu_order":0,"post_type":"editorial","post_mime_type":"","comment_count":"0","filter":"raw"}],"autores-libros":[{"ID":288531,"post_author":"3","post_date":"2022-12-10 08:09:05","post_date_gmt":"2022-12-10 07:09:05","post_content":"","post_title":"FRANCESCO Card. COCCOPALMERIO","post_excerpt":"","post_status":"publish","comment_status":"closed","ping_status":"closed","post_password":"","post_name":"francesco-card-coccopalmerio","to_ping":"","pinged":"","post_modified":"2022-12-10 08:09:05","post_modified_gmt":"2022-12-10 07:09:05","post_content_filtered":"","post_parent":0,"guid":"http:\/\/dev.claret.cat\/autor\/francesco-card-coccopalmerio\/","menu_order":0,"post_type":"autor","post_mime_type":"","comment_count":"0","filter":"raw"}]},"aioseo_notices":[],"_links":{"self":[{"href":"https:\/\/www.claret.cat\/es\/wp-json\/wp\/v2\/product\/189743","targetHints":{"allow":["GET"]}}],"collection":[{"href":"https:\/\/www.claret.cat\/es\/wp-json\/wp\/v2\/product"}],"about":[{"href":"https:\/\/www.claret.cat\/es\/wp-json\/wp\/v2\/types\/product"}],"wp:featuredmedia":[{"embeddable":true,"href":"https:\/\/www.claret.cat\/es\/wp-json\/wp\/v2\/media\/337767"}],"wp:attachment":[{"href":"https:\/\/www.claret.cat\/es\/wp-json\/wp\/v2\/media?parent=189743"}],"wp:term":[{"taxonomy":"product_brand","embeddable":true,"href":"https:\/\/www.claret.cat\/es\/wp-json\/wp\/v2\/product_brand?post=189743"},{"taxonomy":"product_cat","embeddable":true,"href":"https:\/\/www.claret.cat\/es\/wp-json\/wp\/v2\/product_cat?post=189743"},{"taxonomy":"product_tag","embeddable":true,"href":"https:\/\/www.claret.cat\/es\/wp-json\/wp\/v2\/product_tag?post=189743"}],"curies":[{"name":"wp","href":"https:\/\/api.w.org\/{rel}","templated":true}]}}