{"id":189803,"date":"2022-10-20T05:54:19","date_gmt":"2022-10-20T03:54:19","guid":{"rendered":"http:\/\/dev.claret.cat\/producte\/seguir-a-jesus\/"},"modified":"2024-05-23T06:20:12","modified_gmt":"2024-05-23T04:20:12","slug":"seguir-a-jesus-9788490234976","status":"publish","type":"product","link":"https:\/\/www.claret.cat\/es\/libro\/seguir-a-jesus-9788490234976\/","title":{"rendered":"SEGUIR A JES\u00daS"},"content":{"rendered":"<p>Jesucristo ense\u00f1aba a sus disc\u00edpulos. Quer\u00eda as\u00ed que cuantos ya compart\u00edan su existencia hicieran propia su causa y su destino.  La tradici\u00f3n evang\u00e9lica no concuerda en mostrar una versi\u00f3n \u00fanica de los or\u00edgenes hist\u00f3ricos del discipulado de Jes\u00fas. No todos los seguidores de Jesucristo surgieron, como lo cuentan Marcos y Mateo. Apoyados en Juan, ser disc\u00edpulo de Jes\u00fas puede ser adem\u00e1s la etapa final de un largo proceso \u00edntimo, empezado por un testimonio que suscita curiosidad por su persona.<\/p>\n","protected":false},"excerpt":{"rendered":"<p>BARTOLOM\u00c9, JUAN JOS\u00c9<\/p>\n","protected":false},"featured_media":359419,"template":"","meta":{"_acf_changed":false,"om_disable_all_campaigns":false,"rs_blank_template":"","rs_page_bg_color":"","slide_template_v7":"","inline_featured_image":false,"_monsterinsights_skip_tracking":false,"_monsterinsights_sitenote_active":false,"_monsterinsights_sitenote_note":"","_monsterinsights_sitenote_category":0},"product_brand":[],"product_cat":[341,75,344,78],"product_tag":[],"class_list":{"0":"post-189803","1":"product","2":"type-product","3":"status-publish","4":"has-post-thumbnail","6":"product_cat-biblia-es","7":"product_cat-biblia","8":"product_cat-pastoral-1_espiritualidad","9":"product_cat-pastoral","11":"first","12":"instock","13":"taxable","14":"shipping-taxable","15":"purchasable","16":"product-type-simple"},"acf":{"autor":"BARTOLOM\u00c9, JUAN JOS\u00c9","codart":"849023497","libros-coleccion":"SUSHI BOOKS","ediciones":"1","encuadernacion":"R\u00fastica","fecha_de_publicacion":"12\/02\/2018","novedad":"1","paginas":"64","subtitulo":"DOS INICIOS DIVERSOS DEL DISCIPULADO DE JES\u00daS","orden":"0","portada":"0","idioma":"spa","editorial":[{"ID":6155,"post_author":"3","post_date":"2022-07-28 17:46:04","post_date_gmt":"2022-07-28 15:46:04","post_content":"","post_title":"Central Catequ\u00edstica Salesiana","post_excerpt":"","post_status":"publish","comment_status":"closed","ping_status":"closed","post_password":"","post_name":"central-catequistica-salesiana","to_ping":"","pinged":"","post_modified":"2022-07-28 17:46:04","post_modified_gmt":"2022-07-28 15:46:04","post_content_filtered":"","post_parent":0,"guid":"http:\/\/dev.claret.cat\/editorial\/central-catequistica-salesiana\/","menu_order":0,"post_type":"editorial","post_mime_type":"","comment_count":"0","filter":"raw"}],"autores-libros":[{"ID":8369,"post_author":"3","post_date":"2022-09-30 09:48:03","post_date_gmt":"2022-09-30 07:48:03","post_content":"","post_title":"JUAN JOSE BARTOLOME","post_excerpt":"","post_status":"publish","comment_status":"closed","ping_status":"closed","post_password":"","post_name":"juan-jose-bartolome","to_ping":"","pinged":"","post_modified":"2022-09-30 09:48:03","post_modified_gmt":"2022-09-30 07:48:03","post_content_filtered":"","post_parent":0,"guid":"http:\/\/dev.claret.cat\/autor\/juan-jose-bartolome\/","menu_order":0,"post_type":"autor","post_mime_type":"","comment_count":"0","filter":"raw"}]},"aioseo_notices":[],"_links":{"self":[{"href":"https:\/\/www.claret.cat\/es\/wp-json\/wp\/v2\/product\/189803","targetHints":{"allow":["GET"]}}],"collection":[{"href":"https:\/\/www.claret.cat\/es\/wp-json\/wp\/v2\/product"}],"about":[{"href":"https:\/\/www.claret.cat\/es\/wp-json\/wp\/v2\/types\/product"}],"wp:featuredmedia":[{"embeddable":true,"href":"https:\/\/www.claret.cat\/es\/wp-json\/wp\/v2\/media\/359419"}],"wp:attachment":[{"href":"https:\/\/www.claret.cat\/es\/wp-json\/wp\/v2\/media?parent=189803"}],"wp:term":[{"taxonomy":"product_brand","embeddable":true,"href":"https:\/\/www.claret.cat\/es\/wp-json\/wp\/v2\/product_brand?post=189803"},{"taxonomy":"product_cat","embeddable":true,"href":"https:\/\/www.claret.cat\/es\/wp-json\/wp\/v2\/product_cat?post=189803"},{"taxonomy":"product_tag","embeddable":true,"href":"https:\/\/www.claret.cat\/es\/wp-json\/wp\/v2\/product_tag?post=189803"}],"curies":[{"name":"wp","href":"https:\/\/api.w.org\/{rel}","templated":true}]}}