{"id":189815,"date":"2022-10-20T05:54:31","date_gmt":"2022-10-20T03:54:31","guid":{"rendered":"http:\/\/dev.claret.cat\/producte\/liturgia-de-las-horas-la-oracion-del-pueblo-cristiano\/"},"modified":"2024-05-23T03:38:00","modified_gmt":"2024-05-23T01:38:00","slug":"liturgia-de-las-horas-la-oracion-del-pueblo-cristiano-9788491650935","status":"publish","type":"product","link":"https:\/\/www.claret.cat\/es\/libro\/liturgia-de-las-horas-la-oracion-del-pueblo-cristiano-9788491650935\/","title":{"rendered":"LITURGIA DE LAS HORAS: LA ORACI\u00d3N DEL PUEBLO CRISTIANO"},"content":{"rendered":"<p>Una de las reformas m\u00e1s significativas del Concilio Vaticano II fue la que afect\u00f3 a la Liturgia de las Horas, que con el tiempo se hab\u00eda ido centrando en los ministros ordenados y en los religiosos y religiosas. La reforma conciliar volvi\u00f3 a convertirla en la oraci\u00f3n del pueblo cristiano, la oraci\u00f3n que, de forma p\u00fablica y comunitaria, la Iglesia dirige a Dios en los principales momentos de la jornada.  Mons. Juli\u00e1n L\u00f3pez, obispo de Le\u00f3n y presidente de la comisi\u00f3n de liturgia de la Conferencia Episcopal Espa\u00f1ola public\u00f3 en 1984 un libro de referencia: La Oraci\u00f3n de las Horas: Historia, teolog\u00eda y pastoral del Oficio Divino, cuyo objetivo era ofrecer de manera sistem\u00e1tica el an\u00e1lisis de la estructura de la Liturgia de las Horas, as\u00ed como de su teolog\u00eda y su espiritualidad.  Dossiers CPL pone al alcance de todos una nueva edici\u00f3n actualizada y revisada de aquella publicaci\u00f3n, que incluye una visi\u00f3n hist\u00f3rica que parte del juda\u00edsmo, una completa explicaci\u00f3n de la estructura actual de la Liturgia de las Horas y de los elementos que la configuran, y un estudio de su teolog\u00eda, su espiritualidad y su pastoral.<\/p>\n","protected":false},"excerpt":{"rendered":"<p>L\u00d3PEZ MART\u00cdN, JULI\u00c1N<\/p>\n","protected":false},"featured_media":361061,"template":"","meta":{"_acf_changed":false,"om_disable_all_campaigns":false,"rs_blank_template":"","rs_page_bg_color":"","slide_template_v7":"","inline_featured_image":false,"_monsterinsights_skip_tracking":false,"_monsterinsights_sitenote_active":false,"_monsterinsights_sitenote_note":"","_monsterinsights_sitenote_category":0},"product_brand":[],"product_cat":[80,346,344,78],"product_tag":[],"class_list":{"0":"post-189815","1":"product","2":"type-product","3":"status-publish","4":"has-post-thumbnail","6":"product_cat-liturgia","7":"product_cat-libros-liturgia","8":"product_cat-pastoral-1_espiritualidad","9":"product_cat-pastoral","11":"first","12":"instock","13":"taxable","14":"shipping-taxable","15":"purchasable","16":"product-type-simple"},"acf":{"autor":"L\u00d3PEZ MART\u00cdN, JULI\u00c1N","codart":"849165093","libros-coleccion":"DOSSIERS CPL","ediciones":"1","encuadernacion":"R\u00fastica","fecha_de_publicacion":"12\/02\/2018","novedad":"1","paginas":"264","subtitulo":"","orden":"0","portada":"0","idioma":"spa","editorial":[{"ID":6172,"post_author":"3","post_date":"2022-07-28 17:46:27","post_date_gmt":"2022-07-28 15:46:27","post_content":"","post_title":"CPL","post_excerpt":"","post_status":"publish","comment_status":"closed","ping_status":"closed","post_password":"","post_name":"cpl","to_ping":"","pinged":"","post_modified":"2022-07-28 17:46:27","post_modified_gmt":"2022-07-28 15:46:27","post_content_filtered":"","post_parent":0,"guid":"http:\/\/dev.claret.cat\/editorial\/cpl\/","menu_order":0,"post_type":"editorial","post_mime_type":"","comment_count":"0","filter":"raw"}],"autores-libros":[{"ID":161285,"post_author":"3","post_date":"2022-10-14 17:16:58","post_date_gmt":"2022-10-14 15:16:58","post_content":"","post_title":"JULIAN LOPEZ MARTIN","post_excerpt":"","post_status":"publish","comment_status":"closed","ping_status":"closed","post_password":"","post_name":"julian-lopez-martin","to_ping":"","pinged":"","post_modified":"2022-10-14 17:16:58","post_modified_gmt":"2022-10-14 15:16:58","post_content_filtered":"","post_parent":0,"guid":"http:\/\/dev.claret.cat\/autor\/julian-lopez-martin\/","menu_order":0,"post_type":"autor","post_mime_type":"","comment_count":"0","filter":"raw"}]},"aioseo_notices":[],"_links":{"self":[{"href":"https:\/\/www.claret.cat\/es\/wp-json\/wp\/v2\/product\/189815","targetHints":{"allow":["GET"]}}],"collection":[{"href":"https:\/\/www.claret.cat\/es\/wp-json\/wp\/v2\/product"}],"about":[{"href":"https:\/\/www.claret.cat\/es\/wp-json\/wp\/v2\/types\/product"}],"wp:featuredmedia":[{"embeddable":true,"href":"https:\/\/www.claret.cat\/es\/wp-json\/wp\/v2\/media\/361061"}],"wp:attachment":[{"href":"https:\/\/www.claret.cat\/es\/wp-json\/wp\/v2\/media?parent=189815"}],"wp:term":[{"taxonomy":"product_brand","embeddable":true,"href":"https:\/\/www.claret.cat\/es\/wp-json\/wp\/v2\/product_brand?post=189815"},{"taxonomy":"product_cat","embeddable":true,"href":"https:\/\/www.claret.cat\/es\/wp-json\/wp\/v2\/product_cat?post=189815"},{"taxonomy":"product_tag","embeddable":true,"href":"https:\/\/www.claret.cat\/es\/wp-json\/wp\/v2\/product_tag?post=189815"}],"curies":[{"name":"wp","href":"https:\/\/api.w.org\/{rel}","templated":true}]}}