{"id":189830,"date":"2022-10-20T05:54:46","date_gmt":"2022-10-20T03:54:46","guid":{"rendered":"http:\/\/dev.claret.cat\/producte\/san-juan-berchmans-un-joven-jesuita\/"},"modified":"2024-05-23T03:36:40","modified_gmt":"2024-05-23T01:36:40","slug":"san-juan-berchmans-un-joven-jesuita-9788491651024","status":"publish","type":"product","link":"https:\/\/www.claret.cat\/es\/libro\/san-juan-berchmans-un-joven-jesuita-9788491651024\/","title":{"rendered":"SAN JUAN BERCHMANS, UN JOVEN JESUITA"},"content":{"rendered":"<p>Un joven jesuita, muerto a los 22 a\u00f1os, ejemplo de fidelidad en la vida cotidiana.  Y la historia empieza as\u00ed:  &#8221;Cuando me pidieron si pod\u00eda escribir un peque\u00f1o libro sobre la vida de san Juan Berchmans el s\u00ed surgi\u00f3 de forma espont\u00e1nea, porque desde el recuerdo de mi infancia y primeros a\u00f1os de juventud la Congregaci\u00f3n mariana de la Anunciaci\u00f3n y San Juan Berchmans fue un centro donde viv\u00ed la mejor iniciaci\u00f3n a la vida cristiana&#8230;&#8221;<\/p>\n","protected":false},"excerpt":{"rendered":"<p>RENAU I MAN\u00c9N, S.I., JES\u00daS<\/p>\n","protected":false},"featured_media":361079,"template":"","meta":{"_acf_changed":false,"om_disable_all_campaigns":false,"rs_blank_template":"","rs_page_bg_color":"","slide_template_v7":"","inline_featured_image":false,"_monsterinsights_skip_tracking":false,"_monsterinsights_sitenote_active":false,"_monsterinsights_sitenote_note":"","_monsterinsights_sitenote_category":0},"product_brand":[],"product_cat":[346,80,344,78,95,545],"product_tag":[],"class_list":{"0":"post-189830","1":"product","2":"type-product","3":"status-publish","4":"has-post-thumbnail","6":"product_cat-libros-liturgia","7":"product_cat-liturgia","8":"product_cat-pastoral-1_espiritualidad","9":"product_cat-pastoral","10":"product_cat-santoral","11":"product_cat-santoral-1_espiritualidad-spa","13":"first","14":"instock","15":"taxable","16":"shipping-taxable","17":"purchasable","18":"product-type-simple"},"acf":{"autor":"RENAU I MAN\u00c9N, S.I., JES\u00daS","codart":"849165102","libros-coleccion":"SUSHI BOOKS","ediciones":"1","encuadernacion":"R\u00fastica","fecha_de_publicacion":"12\/02\/2018","novedad":"1","paginas":"28","subtitulo":"","orden":"0","portada":"0","idioma":"spa","editorial":[{"ID":6172,"post_author":"3","post_date":"2022-07-28 17:46:27","post_date_gmt":"2022-07-28 15:46:27","post_content":"","post_title":"CPL","post_excerpt":"","post_status":"publish","comment_status":"closed","ping_status":"closed","post_password":"","post_name":"cpl","to_ping":"","pinged":"","post_modified":"2022-07-28 17:46:27","post_modified_gmt":"2022-07-28 15:46:27","post_content_filtered":"","post_parent":0,"guid":"http:\/\/dev.claret.cat\/editorial\/cpl\/","menu_order":0,"post_type":"editorial","post_mime_type":"","comment_count":"0","filter":"raw"}],"autores-libros":[{"ID":5589,"post_author":"3","post_date":"2022-07-28 17:27:14","post_date_gmt":"2022-07-28 15:27:14","post_content":"","post_title":"JES\u00daS RENAU I MAN\u00c9N, S.I.","post_excerpt":"","post_status":"publish","comment_status":"closed","ping_status":"closed","post_password":"","post_name":"jesus-renau-i-manen-s-i","to_ping":"","pinged":"","post_modified":"2022-07-28 17:27:14","post_modified_gmt":"2022-07-28 15:27:14","post_content_filtered":"","post_parent":0,"guid":"http:\/\/dev.claret.cat\/autor\/jesus-renau-i-manen-s-i\/","menu_order":0,"post_type":"autor","post_mime_type":"","comment_count":"0","filter":"raw"}]},"aioseo_notices":[],"_links":{"self":[{"href":"https:\/\/www.claret.cat\/es\/wp-json\/wp\/v2\/product\/189830","targetHints":{"allow":["GET"]}}],"collection":[{"href":"https:\/\/www.claret.cat\/es\/wp-json\/wp\/v2\/product"}],"about":[{"href":"https:\/\/www.claret.cat\/es\/wp-json\/wp\/v2\/types\/product"}],"wp:featuredmedia":[{"embeddable":true,"href":"https:\/\/www.claret.cat\/es\/wp-json\/wp\/v2\/media\/361079"}],"wp:attachment":[{"href":"https:\/\/www.claret.cat\/es\/wp-json\/wp\/v2\/media?parent=189830"}],"wp:term":[{"taxonomy":"product_brand","embeddable":true,"href":"https:\/\/www.claret.cat\/es\/wp-json\/wp\/v2\/product_brand?post=189830"},{"taxonomy":"product_cat","embeddable":true,"href":"https:\/\/www.claret.cat\/es\/wp-json\/wp\/v2\/product_cat?post=189830"},{"taxonomy":"product_tag","embeddable":true,"href":"https:\/\/www.claret.cat\/es\/wp-json\/wp\/v2\/product_tag?post=189830"}],"curies":[{"name":"wp","href":"https:\/\/api.w.org\/{rel}","templated":true}]}}