{"id":189857,"date":"2022-10-20T05:55:14","date_gmt":"2022-10-20T03:55:14","guid":{"rendered":"http:\/\/dev.claret.cat\/producte\/sant-joan-berchmans-un-jove-jesuita\/"},"modified":"2024-05-23T03:36:51","modified_gmt":"2024-05-23T01:36:51","slug":"sant-joan-berchmans-un-jove-jesuita-9788491651031","status":"publish","type":"product","link":"https:\/\/www.claret.cat\/es\/libro\/sant-joan-berchmans-un-jove-jesuita-9788491651031\/","title":{"rendered":"SANT JOAN BERCHMANS, UN JOVE JESUITA"},"content":{"rendered":"<p>Un jove jesu\u00efta, mort als 22 anys, exemple de fidelitat en la vida quotidiana.  I la hist\u00f2ria comen\u00e7a aix\u00ed:  &#8221;Quan em va demanar si podia escriure un llibret sobre la vida de sant Joan Berchmans el s\u00ed em va sortir de forma espont\u00e0nia perqu\u00e8 en els records de la meva infantesa i primers anys de la joventut la Congregaci\u00f3 mariana de l&#8217;Anunciaci\u00f3 i Sant Joan Berchmans va ser un centre a on vaig viure la millor iniciaci\u00f3 a la vida cristiana&#8230;.&#8221;<\/p>\n","protected":false},"excerpt":{"rendered":"<p>RENAU I MAN\u00c9N, S.I., JES\u00daS<\/p>\n","protected":false},"featured_media":361081,"template":"","meta":{"_acf_changed":false,"om_disable_all_campaigns":false,"rs_blank_template":"","rs_page_bg_color":"","slide_template_v7":"","inline_featured_image":false,"_monsterinsights_skip_tracking":false,"_monsterinsights_sitenote_active":false,"_monsterinsights_sitenote_note":"","_monsterinsights_sitenote_category":0},"product_brand":[],"product_cat":[346,80,78,344,545,95],"product_tag":[],"class_list":{"0":"post-189857","1":"product","2":"type-product","3":"status-publish","4":"has-post-thumbnail","6":"product_cat-libros-liturgia","7":"product_cat-liturgia","8":"product_cat-pastoral","9":"product_cat-pastoral-1_espiritualidad","10":"product_cat-santoral-1_espiritualidad-spa","11":"product_cat-santoral","13":"first","14":"instock","15":"taxable","16":"shipping-taxable","17":"purchasable","18":"product-type-simple"},"acf":{"autor":"RENAU I MAN\u00c9N, S.I., JES\u00daS","codart":"849165103","libros-coleccion":"Sants i Santes","ediciones":"1","encuadernacion":"R\u00fastica","fecha_de_publicacion":"12\/02\/2018","novedad":"1","paginas":"28","subtitulo":"","orden":"0","portada":"0","idioma":"cat","editorial":[{"ID":6172,"post_author":"3","post_date":"2022-07-28 17:46:27","post_date_gmt":"2022-07-28 15:46:27","post_content":"","post_title":"CPL","post_excerpt":"","post_status":"publish","comment_status":"closed","ping_status":"closed","post_password":"","post_name":"cpl","to_ping":"","pinged":"","post_modified":"2022-07-28 17:46:27","post_modified_gmt":"2022-07-28 15:46:27","post_content_filtered":"","post_parent":0,"guid":"http:\/\/dev.claret.cat\/editorial\/cpl\/","menu_order":0,"post_type":"editorial","post_mime_type":"","comment_count":"0","filter":"raw"}],"autores-libros":[{"ID":5589,"post_author":"3","post_date":"2022-07-28 17:27:14","post_date_gmt":"2022-07-28 15:27:14","post_content":"","post_title":"JES\u00daS RENAU I MAN\u00c9N, S.I.","post_excerpt":"","post_status":"publish","comment_status":"closed","ping_status":"closed","post_password":"","post_name":"jesus-renau-i-manen-s-i","to_ping":"","pinged":"","post_modified":"2022-07-28 17:27:14","post_modified_gmt":"2022-07-28 15:27:14","post_content_filtered":"","post_parent":0,"guid":"http:\/\/dev.claret.cat\/autor\/jesus-renau-i-manen-s-i\/","menu_order":0,"post_type":"autor","post_mime_type":"","comment_count":"0","filter":"raw"}]},"aioseo_notices":[],"_links":{"self":[{"href":"https:\/\/www.claret.cat\/es\/wp-json\/wp\/v2\/product\/189857","targetHints":{"allow":["GET"]}}],"collection":[{"href":"https:\/\/www.claret.cat\/es\/wp-json\/wp\/v2\/product"}],"about":[{"href":"https:\/\/www.claret.cat\/es\/wp-json\/wp\/v2\/types\/product"}],"wp:featuredmedia":[{"embeddable":true,"href":"https:\/\/www.claret.cat\/es\/wp-json\/wp\/v2\/media\/361081"}],"wp:attachment":[{"href":"https:\/\/www.claret.cat\/es\/wp-json\/wp\/v2\/media?parent=189857"}],"wp:term":[{"taxonomy":"product_brand","embeddable":true,"href":"https:\/\/www.claret.cat\/es\/wp-json\/wp\/v2\/product_brand?post=189857"},{"taxonomy":"product_cat","embeddable":true,"href":"https:\/\/www.claret.cat\/es\/wp-json\/wp\/v2\/product_cat?post=189857"},{"taxonomy":"product_tag","embeddable":true,"href":"https:\/\/www.claret.cat\/es\/wp-json\/wp\/v2\/product_tag?post=189857"}],"curies":[{"name":"wp","href":"https:\/\/api.w.org\/{rel}","templated":true}]}}