{"id":18988,"date":"2022-10-01T23:50:41","date_gmt":"2022-10-01T21:50:41","guid":{"rendered":"http:\/\/dev.claret.cat\/producte\/jesus-maestro-de-meditacion-el-acompanamiento-espiritual-en-el-evangelio\/"},"modified":"2026-02-26T19:55:25","modified_gmt":"2026-02-26T18:55:25","slug":"jesus-maestro-de-meditacion-el-acompanamiento-espiritual-en-el-evangelio-9788428827935","status":"publish","type":"product","link":"https:\/\/www.claret.cat\/es\/libro\/jesus-maestro-de-meditacion-el-acompanamiento-espiritual-en-el-evangelio-9788428827935\/","title":{"rendered":"JES\u00daS, MAESTRO DE MEDITACI\u00d3N. EL ACOMPA\u00d1AMIENTO ESPIRITUAL EN EL EVANGELIO"},"content":{"rendered":"<p>El libro se divide en cuatro partes: la espiritualidad de la armon\u00eda (cap\u00edtulo 1), que en la relaci\u00f3n con Dios se limita en la mayor\u00eda de las ocasiones a la oraci\u00f3n vocal; la espiritualidad de la misi\u00f3n (cap\u00edtulo 2), en que el acento recae en las meditaciones de la Sagrada Escritura, al igual que en di\u00e1logos espont\u00e1neos con Jesucristo; la espiritualidad del silencio (cap\u00edtulo 3), en que la oraci\u00f3n se simplifica hasta hacerse pura contemplaci\u00f3n; y, en fin, la espiritualidad del ser (cap\u00edtulo 4), donde la propuesta del autor alcanza una cima m\u00edstica que, sin embargo, en su lenguaje aparece cercana y sencilla.<\/p>\n","protected":false},"excerpt":{"rendered":"<p>JALICS, FRANZ<\/p>\n","protected":false},"featured_media":980814,"template":"","meta":{"_acf_changed":false,"om_disable_all_campaigns":false,"rs_blank_template":"","rs_page_bg_color":"","slide_template_v7":"","inline_featured_image":false,"_monsterinsights_skip_tracking":false,"_monsterinsights_sitenote_active":false,"_monsterinsights_sitenote_note":"","_monsterinsights_sitenote_category":0},"product_brand":[],"product_cat":[543,93,345,79],"product_tag":[],"class_list":{"0":"post-18988","1":"product","2":"type-product","3":"status-publish","4":"has-post-thumbnail","6":"product_cat-eclesiologia-es","7":"product_cat-eclesiologia","8":"product_cat-espiritualidad","9":"product_cat-espiritualitat","11":"first","12":"instock","13":"taxable","14":"shipping-taxable","15":"purchasable","16":"product-type-simple"},"acf":{"autor":"JALICS, FRANZ","codart":"842882793","libros-coleccion":"Sauce","ediciones":"1","encuadernacion":"R\u00fastica","fecha_de_publicacion":"04\/02\/2015","novedad":"0","paginas":"208","subtitulo":"EL ACOMPA\u00d1AMIENTO ESPIRITUAL EN EL EVANGELIO","orden":"999","portada":"0","idioma":"spa","editorial":[{"ID":6335,"post_author":"3","post_date":"2022-07-28 17:49:59","post_date_gmt":"2022-07-28 15:49:59","post_content":"","post_title":"PPC altres","post_excerpt":"","post_status":"publish","comment_status":"closed","ping_status":"closed","post_password":"","post_name":"ppc-altres","to_ping":"","pinged":"","post_modified":"2022-07-28 17:49:59","post_modified_gmt":"2022-07-28 15:49:59","post_content_filtered":"","post_parent":0,"guid":"http:\/\/dev.claret.cat\/editorial\/ppc-altres\/","menu_order":0,"post_type":"editorial","post_mime_type":"","comment_count":"0","filter":"raw"}],"autores-libros":[{"ID":156378,"post_author":"3","post_date":"2022-10-14 15:20:20","post_date_gmt":"2022-10-14 13:20:20","post_content":"","post_title":"FRANZ JALICS","post_excerpt":"","post_status":"publish","comment_status":"closed","ping_status":"closed","post_password":"","post_name":"franz-jalics","to_ping":"","pinged":"","post_modified":"2022-10-14 15:20:20","post_modified_gmt":"2022-10-14 13:20:20","post_content_filtered":"","post_parent":0,"guid":"http:\/\/dev.claret.cat\/autor\/franz-jalics\/","menu_order":0,"post_type":"autor","post_mime_type":"","comment_count":"0","filter":"raw"}],"booktrailer":"","resenas":""},"aioseo_notices":[],"_links":{"self":[{"href":"https:\/\/www.claret.cat\/es\/wp-json\/wp\/v2\/product\/18988","targetHints":{"allow":["GET"]}}],"collection":[{"href":"https:\/\/www.claret.cat\/es\/wp-json\/wp\/v2\/product"}],"about":[{"href":"https:\/\/www.claret.cat\/es\/wp-json\/wp\/v2\/types\/product"}],"wp:featuredmedia":[{"embeddable":true,"href":"https:\/\/www.claret.cat\/es\/wp-json\/wp\/v2\/media\/980814"}],"wp:attachment":[{"href":"https:\/\/www.claret.cat\/es\/wp-json\/wp\/v2\/media?parent=18988"}],"wp:term":[{"taxonomy":"product_brand","embeddable":true,"href":"https:\/\/www.claret.cat\/es\/wp-json\/wp\/v2\/product_brand?post=18988"},{"taxonomy":"product_cat","embeddable":true,"href":"https:\/\/www.claret.cat\/es\/wp-json\/wp\/v2\/product_cat?post=18988"},{"taxonomy":"product_tag","embeddable":true,"href":"https:\/\/www.claret.cat\/es\/wp-json\/wp\/v2\/product_tag?post=18988"}],"curies":[{"name":"wp","href":"https:\/\/api.w.org\/{rel}","templated":true}]}}