{"id":189944,"date":"2022-10-20T05:56:39","date_gmt":"2022-10-20T03:56:39","guid":{"rendered":"http:\/\/dev.claret.cat\/producte\/fundamentos-de-la-direccion-de-empresas\/"},"modified":"2024-05-24T04:57:23","modified_gmt":"2024-05-24T02:57:23","slug":"fundamentos-de-la-direccion-de-empresas-9788432149184","status":"publish","type":"product","link":"https:\/\/www.claret.cat\/es\/libro\/fundamentos-de-la-direccion-de-empresas-9788432149184\/","title":{"rendered":"FUNDAMENTOS DE LA DIRECCI\u00d3N DE EMPRESAS"},"content":{"rendered":"<p>Manual sobre la direcci\u00f3n de empresas dirigido a economistas, empresarios, ejecutivos, directivos y estudiantes de estas materias en los institutos de empresa y facultades universitarias.<\/p>\n","protected":false},"excerpt":{"rendered":"<p>P\u00c9REZ L\u00d3PEZ, JUAN ANTONIO<\/p>\n","protected":false},"featured_media":343949,"template":"","meta":{"_acf_changed":false,"om_disable_all_campaigns":false,"rs_blank_template":"","rs_page_bg_color":"","slide_template_v7":"","inline_featured_image":false,"_monsterinsights_skip_tracking":false,"_monsterinsights_sitenote_active":false,"_monsterinsights_sitenote_note":"","_monsterinsights_sitenote_category":0},"product_brand":[],"product_cat":[84,350],"product_tag":[],"class_list":{"0":"post-189944","1":"product","2":"type-product","3":"status-publish","4":"has-post-thumbnail","6":"product_cat-sociologia","7":"product_cat-sociologia-2_humanidades","9":"first","10":"instock","11":"taxable","12":"shipping-taxable","13":"purchasable","14":"product-type-simple"},"acf":{"autor":"P\u00c9REZ L\u00d3PEZ, JUAN ANTONIO","codart":"843214918","libros-coleccion":"SUSHI BOOKS","ediciones":"7","encuadernacion":"R\u00fastica","fecha_de_publicacion":"06\/02\/2018","novedad":"1","paginas":"328","subtitulo":"","orden":"0","portada":"0","idioma":"spa","editorial":[{"ID":6348,"post_author":"3","post_date":"2022-07-28 17:50:16","post_date_gmt":"2022-07-28 15:50:16","post_content":"","post_title":"Rialp","post_excerpt":"","post_status":"publish","comment_status":"closed","ping_status":"closed","post_password":"","post_name":"rialp","to_ping":"","pinged":"","post_modified":"2022-07-28 17:50:16","post_modified_gmt":"2022-07-28 15:50:16","post_content_filtered":"","post_parent":0,"guid":"http:\/\/dev.claret.cat\/editorial\/rialp\/","menu_order":0,"post_type":"editorial","post_mime_type":"","comment_count":"0","filter":"raw"}],"autores-libros":[{"ID":160951,"post_author":"3","post_date":"2022-10-14 15:57:12","post_date_gmt":"2022-10-14 13:57:12","post_content":"","post_title":"JUAN ANTONIO PEREZ LOPEZ","post_excerpt":"","post_status":"publish","comment_status":"closed","ping_status":"closed","post_password":"","post_name":"juan-antonio-perez-lopez","to_ping":"","pinged":"","post_modified":"2022-10-14 15:57:12","post_modified_gmt":"2022-10-14 13:57:12","post_content_filtered":"","post_parent":0,"guid":"http:\/\/dev.claret.cat\/autor\/juan-antonio-perez-lopez\/","menu_order":0,"post_type":"autor","post_mime_type":"","comment_count":"0","filter":"raw"}]},"aioseo_notices":[],"_links":{"self":[{"href":"https:\/\/www.claret.cat\/es\/wp-json\/wp\/v2\/product\/189944","targetHints":{"allow":["GET"]}}],"collection":[{"href":"https:\/\/www.claret.cat\/es\/wp-json\/wp\/v2\/product"}],"about":[{"href":"https:\/\/www.claret.cat\/es\/wp-json\/wp\/v2\/types\/product"}],"wp:featuredmedia":[{"embeddable":true,"href":"https:\/\/www.claret.cat\/es\/wp-json\/wp\/v2\/media\/343949"}],"wp:attachment":[{"href":"https:\/\/www.claret.cat\/es\/wp-json\/wp\/v2\/media?parent=189944"}],"wp:term":[{"taxonomy":"product_brand","embeddable":true,"href":"https:\/\/www.claret.cat\/es\/wp-json\/wp\/v2\/product_brand?post=189944"},{"taxonomy":"product_cat","embeddable":true,"href":"https:\/\/www.claret.cat\/es\/wp-json\/wp\/v2\/product_cat?post=189944"},{"taxonomy":"product_tag","embeddable":true,"href":"https:\/\/www.claret.cat\/es\/wp-json\/wp\/v2\/product_tag?post=189944"}],"curies":[{"name":"wp","href":"https:\/\/api.w.org\/{rel}","templated":true}]}}