{"id":189983,"date":"2022-10-20T05:57:22","date_gmt":"2022-10-20T03:57:22","guid":{"rendered":"http:\/\/dev.claret.cat\/producte\/el-gran-juego-de-la-biblia-junior\/"},"modified":"2026-02-24T11:15:09","modified_gmt":"2026-02-24T10:15:09","slug":"el-gran-juego-de-la-biblia-junior-9780245920004","status":"publish","type":"product","link":"https:\/\/www.claret.cat\/es\/libro\/el-gran-juego-de-la-biblia-junior-9780245920004\/","title":{"rendered":"EL GRAN JUEGO DE LA BIBLIA JUNIOR"},"content":{"rendered":"<p>Por fin el popular juego El Gran Juego de la Biblia, en versi\u00f3n junior&#8230; Para que los m\u00e1s peque\u00f1os puedan aprender de la Biblia mientras se divierten con diferentes pruebas.<br \/>En este divert\u00eddisimo juego los m\u00e1s peque\u00f1os deber\u00e1n ir superando diferentes pruebas para recuperar a 5 ovejas que se han perdido, estas 5 pruebas son:<br \/>1) Pregunta B\u00edblica. Una pregunta de la Biblia adaptada a su nivel.<br \/>2) M\u00edmica. Definir una palabra b\u00edblica s\u00f3lo con los gestos.<br \/>3) Dib\u00fajalo. Dibujar una palabra b\u00edblica<br \/>4) Mold\u00e9alo. Moldear con plastilina un personaje, animal o concepto b\u00edblico.<br \/>5) Verdadero o Falso. Adivinar si una afirmaci\u00f3n es verdadera o falsa..<br \/>Para ver las instrucciones del juego pulse en &#8211; ABBA INSTRUCCIONES Gran Juego Biblia JUNIOR.pdf, al final de esta rese\u00f1a.<br \/>El juego contiene:<br \/>1 Tablero de dimensiones 40&#215;50 cm<br \/>1 Hoja de instrucciones<br \/>20 fichas de ovejas de diferentes colores<br \/>8 fichas de personajes b\u00edblicos<br \/>1 Reloj de arena que marcar\u00e1 el tiempo de cada prueba<br \/>1 Lapiz<br \/>4 botes de plastilina para la prueba de moldear<br \/>Un block de notas para hacer los dibujos<br \/>100 cartas con preguntas y respuestas<br \/>Viene presentado en una caja de alta calidad que simula un libro.<br \/>Un juego ideal para toda familia con ni\u00f1os, maestros de escuela dominical, monitores de campamentos&#8230;<\/p>\n","protected":false},"excerpt":{"rendered":"<p>LUCIANO&#8217;S GIFTS<\/p>\n","protected":false},"featured_media":1013097,"template":"","meta":{"_acf_changed":false,"om_disable_all_campaigns":false,"rs_blank_template":"","rs_page_bg_color":"","slide_template_v7":"","inline_featured_image":false,"_monsterinsights_skip_tracking":false,"_monsterinsights_sitenote_active":false,"_monsterinsights_sitenote_note":"","_monsterinsights_sitenote_category":0},"product_brand":[],"product_cat":[77,343],"product_tag":[],"class_list":{"0":"post-189983","1":"product","2":"type-product","3":"status-publish","4":"has-post-thumbnail","6":"product_cat-catequesi","7":"product_cat-catequesis","9":"first","10":"instock","11":"taxable","12":"shipping-taxable","13":"purchasable","14":"product-type-simple"},"acf":{"autor":"LUCIANO'S GIFTS","codart":"024592000","libros-coleccion":"","ediciones":"1","encuadernacion":"R\u00fastica","fecha_de_publicacion":"01\/02\/2018","novedad":"1","paginas":"1","subtitulo":"","orden":"0","portada":"0","idioma":"spa","editorial":[{"ID":8255,"post_author":"3","post_date":"2022-09-30 09:21:31","post_date_gmt":"2022-09-30 07:21:31","post_content":"","post_title":"LUCIANO'S GIFTS","post_excerpt":"","post_status":"publish","comment_status":"closed","ping_status":"closed","post_password":"","post_name":"lucianos-gifts-3","to_ping":"","pinged":"","post_modified":"2022-09-30 09:21:31","post_modified_gmt":"2022-09-30 07:21:31","post_content_filtered":"","post_parent":0,"guid":"http:\/\/dev.claret.cat\/editorial\/lucianos-gifts-3\/","menu_order":0,"post_type":"editorial","post_mime_type":"","comment_count":"0","filter":"raw"}],"autores-libros":[{"ID":5747,"post_author":"3","post_date":"2022-07-28 17:30:36","post_date_gmt":"2022-07-28 15:30:36","post_content":"","post_title":"LUCIANO\u00b4S GIFTS","post_excerpt":"","post_status":"publish","comment_status":"closed","ping_status":"closed","post_password":"","post_name":"lucianos-gifts","to_ping":"","pinged":"","post_modified":"2022-07-28 17:30:36","post_modified_gmt":"2022-07-28 15:30:36","post_content_filtered":"","post_parent":0,"guid":"http:\/\/dev.claret.cat\/autor\/lucianos-gifts\/","menu_order":0,"post_type":"autor","post_mime_type":"","comment_count":"0","filter":"raw"}],"booktrailer":"","resenas":""},"aioseo_notices":[],"_links":{"self":[{"href":"https:\/\/www.claret.cat\/es\/wp-json\/wp\/v2\/product\/189983","targetHints":{"allow":["GET"]}}],"collection":[{"href":"https:\/\/www.claret.cat\/es\/wp-json\/wp\/v2\/product"}],"about":[{"href":"https:\/\/www.claret.cat\/es\/wp-json\/wp\/v2\/types\/product"}],"wp:featuredmedia":[{"embeddable":true,"href":"https:\/\/www.claret.cat\/es\/wp-json\/wp\/v2\/media\/1013097"}],"wp:attachment":[{"href":"https:\/\/www.claret.cat\/es\/wp-json\/wp\/v2\/media?parent=189983"}],"wp:term":[{"taxonomy":"product_brand","embeddable":true,"href":"https:\/\/www.claret.cat\/es\/wp-json\/wp\/v2\/product_brand?post=189983"},{"taxonomy":"product_cat","embeddable":true,"href":"https:\/\/www.claret.cat\/es\/wp-json\/wp\/v2\/product_cat?post=189983"},{"taxonomy":"product_tag","embeddable":true,"href":"https:\/\/www.claret.cat\/es\/wp-json\/wp\/v2\/product_tag?post=189983"}],"curies":[{"name":"wp","href":"https:\/\/api.w.org\/{rel}","templated":true}]}}