{"id":190112,"date":"2022-10-20T05:59:26","date_gmt":"2022-10-20T03:59:26","guid":{"rendered":"http:\/\/dev.claret.cat\/producte\/fill-producte-36\/"},"modified":"2023-01-28T15:47:11","modified_gmt":"2023-01-28T14:47:11","slug":"fill-producte-36-9788466143776","status":"publish","type":"product","link":"https:\/\/www.claret.cat\/es\/libro\/fill-producte-36-9788466143776\/","title":{"rendered":"FILL. PRODUCTE 36"},"content":{"rendered":"<p>Quarta part de L&#8217;home dels records. En una comunitat que sembla perfecta, la Claire rep l&#8217;assignaci\u00f3 de ser paridora. Sembla una missi\u00f3 molt f\u00e0cil: ha d&#8217;engendrar un Nat per donar-lo a una familia. Despr\u00e9s del part, per\u00f2, descobreix sentiments que mai havia tingut i que l&#8217;abocaran a una aventura vital plena de perills i sentiments contraposats.<\/p>\n","protected":false},"excerpt":{"rendered":"<p>LOWRY, LOIS<\/p>\n","protected":false},"featured_media":190113,"template":"","meta":{"_acf_changed":false,"om_disable_all_campaigns":false,"rs_blank_template":"","rs_page_bg_color":"","slide_template_v7":"","inline_featured_image":false,"_monsterinsights_skip_tracking":false,"_monsterinsights_sitenote_active":false,"_monsterinsights_sitenote_note":"","_monsterinsights_sitenote_category":0},"product_brand":[],"product_cat":[117],"product_tag":[],"class_list":{"0":"post-190112","1":"product","2":"type-product","3":"status-publish","4":"has-post-thumbnail","6":"product_cat-juvenil","8":"first","9":"instock","10":"taxable","11":"shipping-taxable","12":"purchasable","13":"product-type-simple"},"acf":{"autor":"LOWRY, LOIS","codart":"846614377","libros-coleccion":"GRAN ANGULAR","ediciones":"1","encuadernacion":"R\u00fastica","fecha_de_publicacion":"01\/02\/2018","novedad":"1","paginas":"254","subtitulo":"","orden":"0","portada":"0","idioma":"cat","autores-libros":[{"ID":162405,"post_author":"3","post_date":"2022-10-14 17:30:45","post_date_gmt":"2022-10-14 15:30:45","post_content":"","post_title":"LOIS LOWRY","post_excerpt":"","post_status":"publish","comment_status":"closed","ping_status":"closed","post_password":"","post_name":"lois-lowry","to_ping":"","pinged":"","post_modified":"2022-10-14 17:30:45","post_modified_gmt":"2022-10-14 15:30:45","post_content_filtered":"","post_parent":0,"guid":"http:\/\/dev.claret.cat\/autor\/lois-lowry\/","menu_order":0,"post_type":"autor","post_mime_type":"","comment_count":"0","filter":"raw"}]},"aioseo_notices":[],"_links":{"self":[{"href":"https:\/\/www.claret.cat\/es\/wp-json\/wp\/v2\/product\/190112","targetHints":{"allow":["GET"]}}],"collection":[{"href":"https:\/\/www.claret.cat\/es\/wp-json\/wp\/v2\/product"}],"about":[{"href":"https:\/\/www.claret.cat\/es\/wp-json\/wp\/v2\/types\/product"}],"wp:featuredmedia":[{"embeddable":true,"href":"https:\/\/www.claret.cat\/es\/wp-json\/wp\/v2\/media\/190113"}],"wp:attachment":[{"href":"https:\/\/www.claret.cat\/es\/wp-json\/wp\/v2\/media?parent=190112"}],"wp:term":[{"taxonomy":"product_brand","embeddable":true,"href":"https:\/\/www.claret.cat\/es\/wp-json\/wp\/v2\/product_brand?post=190112"},{"taxonomy":"product_cat","embeddable":true,"href":"https:\/\/www.claret.cat\/es\/wp-json\/wp\/v2\/product_cat?post=190112"},{"taxonomy":"product_tag","embeddable":true,"href":"https:\/\/www.claret.cat\/es\/wp-json\/wp\/v2\/product_tag?post=190112"}],"curies":[{"name":"wp","href":"https:\/\/api.w.org\/{rel}","templated":true}]}}