{"id":190115,"date":"2022-10-20T05:59:29","date_gmt":"2022-10-20T03:59:29","guid":{"rendered":"http:\/\/dev.claret.cat\/producte\/lhome-dels-records\/"},"modified":"2023-01-28T15:38:42","modified_gmt":"2023-01-28T14:38:42","slug":"lhome-dels-records-9788466143783","status":"publish","type":"product","link":"https:\/\/www.claret.cat\/es\/libro\/lhome-dels-records-9788466143783\/","title":{"rendered":"L&#8217;HOME DELS RECORDS"},"content":{"rendered":"<p>En Jon\u00e0s \u00e9s un membre de La Comunitat, un m\u00f3n pretesament ideal: sense conflictes, sense pobresa, sense atur ni injust\u00edcies ni desigualtat. Una societat en que els valors de la fam\u00edlia s\u00f3n de m\u00e0xima import\u00e0ncia, mai s&#8217;ha sentit a parlar de rebel\u00b7li\u00f3 juvenil i l&#8217;educaci\u00f3 \u00e9s quasi una forma de vida.<br \/> Aviat arribar\u00e0 la Cerim\u00f2nia Anual, el moment en que els Dotze (els nens de la generaci\u00f3 de dotze anys de La Comunitat) reben les seves assignacions vital\u00edcies determinades pel Comit\u00e8 dels Ancians. En Jon\u00e0s \u00e9s escollit per un c\u00e0rrec molt especial: comen\u00e7ar\u00e0 una formaci\u00f3 amb l&#8217;home dels records, i a poc a poc, anir\u00e0 descobrint els foscos secrets que s&#8217;oculten sota la fr\u00e0gil perfecci\u00f3 del seu m\u00f3n.<br \/> Narrada amb una senzillesa que enganya, aquesta \u00e9s la provocativa hist\u00f2ria d&#8217;un nen que experimenta una cosa incre\u00efble i n&#8217;empr\u00e8n una altra d&#8217;impossible. Aquest llibre q\u00fcestiona els valors que sempre hem donat per fets i torna a examinar les nostres creences m\u00e9s profundes.<\/p>\n","protected":false},"excerpt":{"rendered":"<p>LOWRY, LOIS<\/p>\n","protected":false},"featured_media":190116,"template":"","meta":{"_acf_changed":false,"om_disable_all_campaigns":false,"rs_blank_template":"","rs_page_bg_color":"","slide_template_v7":"","inline_featured_image":false,"_monsterinsights_skip_tracking":false,"_monsterinsights_sitenote_active":false,"_monsterinsights_sitenote_note":"","_monsterinsights_sitenote_category":0},"product_brand":[],"product_cat":[117],"product_tag":[],"class_list":{"0":"post-190115","1":"product","2":"type-product","3":"status-publish","4":"has-post-thumbnail","6":"product_cat-juvenil","8":"first","9":"instock","10":"taxable","11":"shipping-taxable","12":"purchasable","13":"product-type-simple"},"acf":{"autor":"LOWRY, LOIS","codart":"846614378","libros-coleccion":"GRAN ANGULAR","ediciones":"1","encuadernacion":"R\u00fastica","fecha_de_publicacion":"01\/02\/2018","novedad":"1","paginas":"158","subtitulo":"","orden":"0","portada":"0","idioma":"cat","autores-libros":[{"ID":162405,"post_author":"3","post_date":"2022-10-14 17:30:45","post_date_gmt":"2022-10-14 15:30:45","post_content":"","post_title":"LOIS LOWRY","post_excerpt":"","post_status":"publish","comment_status":"closed","ping_status":"closed","post_password":"","post_name":"lois-lowry","to_ping":"","pinged":"","post_modified":"2022-10-14 17:30:45","post_modified_gmt":"2022-10-14 15:30:45","post_content_filtered":"","post_parent":0,"guid":"http:\/\/dev.claret.cat\/autor\/lois-lowry\/","menu_order":0,"post_type":"autor","post_mime_type":"","comment_count":"0","filter":"raw"}]},"aioseo_notices":[],"_links":{"self":[{"href":"https:\/\/www.claret.cat\/es\/wp-json\/wp\/v2\/product\/190115","targetHints":{"allow":["GET"]}}],"collection":[{"href":"https:\/\/www.claret.cat\/es\/wp-json\/wp\/v2\/product"}],"about":[{"href":"https:\/\/www.claret.cat\/es\/wp-json\/wp\/v2\/types\/product"}],"wp:featuredmedia":[{"embeddable":true,"href":"https:\/\/www.claret.cat\/es\/wp-json\/wp\/v2\/media\/190116"}],"wp:attachment":[{"href":"https:\/\/www.claret.cat\/es\/wp-json\/wp\/v2\/media?parent=190115"}],"wp:term":[{"taxonomy":"product_brand","embeddable":true,"href":"https:\/\/www.claret.cat\/es\/wp-json\/wp\/v2\/product_brand?post=190115"},{"taxonomy":"product_cat","embeddable":true,"href":"https:\/\/www.claret.cat\/es\/wp-json\/wp\/v2\/product_cat?post=190115"},{"taxonomy":"product_tag","embeddable":true,"href":"https:\/\/www.claret.cat\/es\/wp-json\/wp\/v2\/product_tag?post=190115"}],"curies":[{"name":"wp","href":"https:\/\/api.w.org\/{rel}","templated":true}]}}