{"id":190157,"date":"2022-10-20T06:00:08","date_gmt":"2022-10-20T04:00:08","guid":{"rendered":"http:\/\/dev.claret.cat\/producte\/meditar-3-minutos\/"},"modified":"2023-01-28T11:22:43","modified_gmt":"2023-01-28T10:22:43","slug":"meditar-3-minutos-9788499886275","status":"publish","type":"product","link":"https:\/\/www.claret.cat\/es\/libro\/meditar-3-minutos-9788499886275\/","title":{"rendered":"MEDITAR 3 MINUTOS"},"content":{"rendered":"<p>Hace m\u00e1s de dos mil a\u00f1os que se practica la meditaci\u00f3n, tanto en Oriente como en Occidente. Actualmente, los beneficios de la meditaci\u00f3n han sido confirmados por numerosos estudios cient\u00edficos. Laico y muy accesible, el mindfulness (o meditaci\u00f3n de plena consciencia) se practica en las consultas m\u00e9dicas, las escuelas, la empresa y hasta en los hogares. Nos ofrece serenidad, fuerza y lucidez, y tambi\u00e9n nos ayuda a resistir los males de nuestra \u00e9poca: ego\u00edsmo, materialismo, dispersi\u00f3n digital. Este libro ofrece 40 ejercicios para concienciar nuestro estado interior, escuchar el rumor del universo o contemplar la naturaleza. Un aut\u00e9ntico tratado para entablar amistad con uno mismo y con el mundo que nos invita a un fascinante cuidado de la mente.<br \/> Si eres principiante, estos ejercicios presentados por uno de los pioneros de la meditaci\u00f3n laica en Europa har\u00e1n que tengas ganas de investigar m\u00e1s. Si ya meditas, pueden ayudarte a refrescar tu pr\u00e1ctica y a vivirla a diario.<\/p>\n","protected":false},"excerpt":{"rendered":"<p>ANDR\u00c9, CHRISTOPHE<\/p>\n","protected":false},"featured_media":190158,"template":"","meta":{"_acf_changed":false,"om_disable_all_campaigns":false,"rs_blank_template":"","rs_page_bg_color":"","slide_template_v7":"","inline_featured_image":false,"_monsterinsights_skip_tracking":false,"_monsterinsights_sitenote_active":false,"_monsterinsights_sitenote_note":"","_monsterinsights_sitenote_category":0},"product_brand":[],"product_cat":[79,94],"product_tag":[],"class_list":{"0":"post-190157","1":"product","2":"type-product","3":"status-publish","4":"has-post-thumbnail","6":"product_cat-espiritualitat","7":"product_cat-religions","9":"first","10":"instock","11":"taxable","12":"shipping-taxable","13":"purchasable","14":"product-type-simple"},"acf":{"autor":"ANDR\u00c9, CHRISTOPHE","codart":"849988627","libros-coleccion":"Psicolog\u00eda","ediciones":"1","encuadernacion":"R\u00fastica","fecha_de_publicacion":"01\/02\/2018","novedad":"1","paginas":"225","subtitulo":"","orden":"0","portada":"0","idioma":"spa","editorial":[{"ID":147993,"post_author":"3","post_date":"2022-10-14 11:54:48","post_date_gmt":"2022-10-14 09:54:48","post_content":"","post_title":"Editorial Kair\u00f3s SA","post_excerpt":"","post_status":"publish","comment_status":"closed","ping_status":"closed","post_password":"","post_name":"editorial-kairos-sa","to_ping":"","pinged":"","post_modified":"2022-10-14 11:54:48","post_modified_gmt":"2022-10-14 09:54:48","post_content_filtered":"","post_parent":0,"guid":"http:\/\/dev.claret.cat\/editorial\/editorial-kairos-sa\/","menu_order":0,"post_type":"editorial","post_mime_type":"","comment_count":"0","filter":"raw"}],"autores-libros":[{"ID":152946,"post_author":"3","post_date":"2022-10-14 14:52:51","post_date_gmt":"2022-10-14 12:52:51","post_content":"","post_title":"CHRISTOPHE ANDR\u00c9","post_excerpt":"","post_status":"publish","comment_status":"closed","ping_status":"closed","post_password":"","post_name":"christophe-andre","to_ping":"","pinged":"","post_modified":"2022-10-14 14:52:51","post_modified_gmt":"2022-10-14 12:52:51","post_content_filtered":"","post_parent":0,"guid":"http:\/\/dev.claret.cat\/autor\/christophe-andre\/","menu_order":0,"post_type":"autor","post_mime_type":"","comment_count":"0","filter":"raw"}]},"aioseo_notices":[],"_links":{"self":[{"href":"https:\/\/www.claret.cat\/es\/wp-json\/wp\/v2\/product\/190157","targetHints":{"allow":["GET"]}}],"collection":[{"href":"https:\/\/www.claret.cat\/es\/wp-json\/wp\/v2\/product"}],"about":[{"href":"https:\/\/www.claret.cat\/es\/wp-json\/wp\/v2\/types\/product"}],"wp:featuredmedia":[{"embeddable":true,"href":"https:\/\/www.claret.cat\/es\/wp-json\/wp\/v2\/media\/190158"}],"wp:attachment":[{"href":"https:\/\/www.claret.cat\/es\/wp-json\/wp\/v2\/media?parent=190157"}],"wp:term":[{"taxonomy":"product_brand","embeddable":true,"href":"https:\/\/www.claret.cat\/es\/wp-json\/wp\/v2\/product_brand?post=190157"},{"taxonomy":"product_cat","embeddable":true,"href":"https:\/\/www.claret.cat\/es\/wp-json\/wp\/v2\/product_cat?post=190157"},{"taxonomy":"product_tag","embeddable":true,"href":"https:\/\/www.claret.cat\/es\/wp-json\/wp\/v2\/product_tag?post=190157"}],"curies":[{"name":"wp","href":"https:\/\/api.w.org\/{rel}","templated":true}]}}