{"id":190166,"date":"2022-10-20T06:00:17","date_gmt":"2022-10-20T04:00:17","guid":{"rendered":"http:\/\/dev.claret.cat\/producte\/365-quodlibets-del-catala\/"},"modified":"2023-01-28T17:37:34","modified_gmt":"2023-01-28T16:37:34","slug":"365-quodlibets-del-catala-9788417113117","status":"publish","type":"product","link":"https:\/\/www.claret.cat\/es\/libro\/365-quodlibets-del-catala-9788417113117\/","title":{"rendered":"365 QU\u00d2DLIBETS DEL CATAL\u00c0"},"content":{"rendered":"<p>Aquest manual, escrit amb un to divulgador, am\u00e8 i humor\u00edstic, est\u00e0 adre\u00e7at a les persones interessades en q\u00fcestions l\u00e8xiques, ortogr\u00e0fiques, morfosint\u00e0ctiques, etimol\u00f2giques i filol\u00f2giques de la llengua catalana, que es completen amb una multitud de curiositats. Aquest ventall de temes permet d&#8217;adquirir uns coneixements ling\u00fc\u00edstics imprescindibles per a una major formaci\u00f3 personal, acad\u00e8mica i professional.<\/p>\n","protected":false},"excerpt":{"rendered":"<p>SERRA PUJOL, PERE JULI<\/p>\n","protected":false},"featured_media":190167,"template":"","meta":{"_acf_changed":false,"om_disable_all_campaigns":false,"rs_blank_template":"","rs_page_bg_color":"","slide_template_v7":"","inline_featured_image":false,"_monsterinsights_skip_tracking":false,"_monsterinsights_sitenote_active":false,"_monsterinsights_sitenote_note":"","_monsterinsights_sitenote_category":0},"product_brand":[],"product_cat":[98,87],"product_tag":[],"class_list":{"0":"post-190166","1":"product","2":"type-product","3":"status-publish","4":"has-post-thumbnail","6":"product_cat-diccionaris","7":"product_cat-literatura","9":"first","10":"instock","11":"taxable","12":"shipping-taxable","13":"purchasable","14":"product-type-simple"},"acf":{"autor":"SERRA PUJOL, PERE JULI","codart":"841711311","libros-coleccion":"Menjavents","ediciones":"1","encuadernacion":"R\u00fastica","fecha_de_publicacion":"01\/02\/2018","novedad":"1","paginas":"225","subtitulo":"DIVULGACIONS DE LA LLENGUA CATALANA","orden":"0","portada":"0","idioma":"cat","editorial":[{"ID":147749,"post_author":"3","post_date":"2022-10-14 11:52:56","post_date_gmt":"2022-10-14 09:52:56","post_content":"","post_title":"Documenta Balear","post_excerpt":"","post_status":"publish","comment_status":"closed","ping_status":"closed","post_password":"","post_name":"documenta-balear","to_ping":"","pinged":"","post_modified":"2022-10-14 11:52:56","post_modified_gmt":"2022-10-14 09:52:56","post_content_filtered":"","post_parent":0,"guid":"http:\/\/dev.claret.cat\/editorial\/documenta-balear\/","menu_order":0,"post_type":"editorial","post_mime_type":"","comment_count":"0","filter":"raw"}]},"aioseo_notices":[],"_links":{"self":[{"href":"https:\/\/www.claret.cat\/es\/wp-json\/wp\/v2\/product\/190166","targetHints":{"allow":["GET"]}}],"collection":[{"href":"https:\/\/www.claret.cat\/es\/wp-json\/wp\/v2\/product"}],"about":[{"href":"https:\/\/www.claret.cat\/es\/wp-json\/wp\/v2\/types\/product"}],"wp:featuredmedia":[{"embeddable":true,"href":"https:\/\/www.claret.cat\/es\/wp-json\/wp\/v2\/media\/190167"}],"wp:attachment":[{"href":"https:\/\/www.claret.cat\/es\/wp-json\/wp\/v2\/media?parent=190166"}],"wp:term":[{"taxonomy":"product_brand","embeddable":true,"href":"https:\/\/www.claret.cat\/es\/wp-json\/wp\/v2\/product_brand?post=190166"},{"taxonomy":"product_cat","embeddable":true,"href":"https:\/\/www.claret.cat\/es\/wp-json\/wp\/v2\/product_cat?post=190166"},{"taxonomy":"product_tag","embeddable":true,"href":"https:\/\/www.claret.cat\/es\/wp-json\/wp\/v2\/product_tag?post=190166"}],"curies":[{"name":"wp","href":"https:\/\/api.w.org\/{rel}","templated":true}]}}