{"id":190217,"date":"2022-10-20T06:01:07","date_gmt":"2022-10-20T04:01:07","guid":{"rendered":"http:\/\/dev.claret.cat\/producte\/els-infants-de-la-resistencia-2-primeres-repressions\/"},"modified":"2025-01-31T14:51:56","modified_gmt":"2025-01-31T13:51:56","slug":"els-infants-de-la-resistencia-2-primeres-repressions-9788417183127","status":"publish","type":"product","link":"https:\/\/www.claret.cat\/es\/libro\/els-infants-de-la-resistencia-2-primeres-repressions-9788417183127\/","title":{"rendered":"ELS INFANTS DE LA RESIST\u00c8NCIA 2. PRIMERES REPRESSIONS"},"content":{"rendered":"<p>En aquesta segona part d&#8217;Els infants de la Resist\u00e8ncia, el Fran\u00e7ois, l&#8217;Eus\u00e8be i la Lisa ja no estan tan sols en la desigual lluita que han empr\u00e8s contra els ocupants nazis. Els adults miraran d&#8217;ajudar-los en una operaci\u00f3 terriblement arriscada en qu\u00e8, en una Fran\u00e7a cada vegada m\u00e9s trencada i dividida, hauran d&#8217;enfrontar-se al racisme, la viol\u00e8ncia i fins i tot la mort.<\/p>\n","protected":false},"excerpt":{"rendered":"<p>ERS, BENO\u00ceT \/ DUGOMIER, VINCENT<\/p>\n","protected":false},"featured_media":317582,"template":"","meta":{"_acf_changed":false,"om_disable_all_campaigns":false,"rs_blank_template":"","rs_page_bg_color":"","slide_template_v7":"","inline_featured_image":false,"_monsterinsights_skip_tracking":false,"_monsterinsights_sitenote_active":false,"_monsterinsights_sitenote_note":"","_monsterinsights_sitenote_category":0},"product_brand":[],"product_cat":[558,108],"product_tag":[],"class_list":{"0":"post-190217","1":"product","2":"type-product","3":"status-publish","4":"has-post-thumbnail","6":"product_cat-comic-3_infantil-juvenil-spa-spa","7":"product_cat-comic","9":"first","10":"instock","11":"taxable","12":"shipping-taxable","13":"purchasable","14":"product-type-simple"},"acf":{"autor":"ERS, BENO\u00ceT \/ DUGOMIER, VINCENT","codart":"841718312","libros-coleccion":"Els infants de la Resist\u00e8ncia","ediciones":"1","encuadernacion":"Carton\u00e9","fecha_de_publicacion":"01\/02\/2018","novedad":"1","paginas":"47","subtitulo":"","orden":"0","portada":"0","idioma":"cat","editorial":[{"ID":147931,"post_author":"3","post_date":"2022-10-14 11:54:20","post_date_gmt":"2022-10-14 09:54:20","post_content":"","post_title":"EDITORIAL BASE (CAT)","post_excerpt":"","post_status":"publish","comment_status":"closed","ping_status":"closed","post_password":"","post_name":"editorial-base-cat","to_ping":"","pinged":"","post_modified":"2022-10-14 11:54:20","post_modified_gmt":"2022-10-14 09:54:20","post_content_filtered":"","post_parent":0,"guid":"http:\/\/dev.claret.cat\/editorial\/editorial-base-cat\/","menu_order":0,"post_type":"editorial","post_mime_type":"","comment_count":"0","filter":"raw"}],"autores-libros":[{"ID":151589,"post_author":"3","post_date":"2022-10-14 14:42:04","post_date_gmt":"2022-10-14 12:42:04","post_content":"","post_title":"BENO\u00ceT ERS","post_excerpt":"","post_status":"publish","comment_status":"closed","ping_status":"closed","post_password":"","post_name":"benoit-ers","to_ping":"","pinged":"","post_modified":"2022-10-14 14:42:04","post_modified_gmt":"2022-10-14 12:42:04","post_content_filtered":"","post_parent":0,"guid":"http:\/\/dev.claret.cat\/autor\/benoit-ers\/","menu_order":0,"post_type":"autor","post_mime_type":"","comment_count":"0","filter":"raw"},{"ID":171117,"post_author":"3","post_date":"2022-10-14 22:40:49","post_date_gmt":"2022-10-14 20:40:49","post_content":"","post_title":"VINCENT DUGOMIER","post_excerpt":"","post_status":"publish","comment_status":"closed","ping_status":"closed","post_password":"","post_name":"vincent-dugomier","to_ping":"","pinged":"","post_modified":"2022-10-14 22:40:49","post_modified_gmt":"2022-10-14 20:40:49","post_content_filtered":"","post_parent":0,"guid":"http:\/\/dev.claret.cat\/autor\/vincent-dugomier\/","menu_order":0,"post_type":"autor","post_mime_type":"","comment_count":"0","filter":"raw"}]},"aioseo_notices":[],"_links":{"self":[{"href":"https:\/\/www.claret.cat\/es\/wp-json\/wp\/v2\/product\/190217","targetHints":{"allow":["GET"]}}],"collection":[{"href":"https:\/\/www.claret.cat\/es\/wp-json\/wp\/v2\/product"}],"about":[{"href":"https:\/\/www.claret.cat\/es\/wp-json\/wp\/v2\/types\/product"}],"wp:featuredmedia":[{"embeddable":true,"href":"https:\/\/www.claret.cat\/es\/wp-json\/wp\/v2\/media\/317582"}],"wp:attachment":[{"href":"https:\/\/www.claret.cat\/es\/wp-json\/wp\/v2\/media?parent=190217"}],"wp:term":[{"taxonomy":"product_brand","embeddable":true,"href":"https:\/\/www.claret.cat\/es\/wp-json\/wp\/v2\/product_brand?post=190217"},{"taxonomy":"product_cat","embeddable":true,"href":"https:\/\/www.claret.cat\/es\/wp-json\/wp\/v2\/product_cat?post=190217"},{"taxonomy":"product_tag","embeddable":true,"href":"https:\/\/www.claret.cat\/es\/wp-json\/wp\/v2\/product_tag?post=190217"}],"curies":[{"name":"wp","href":"https:\/\/api.w.org\/{rel}","templated":true}]}}