{"id":190253,"date":"2022-10-20T06:01:44","date_gmt":"2022-10-20T04:01:44","guid":{"rendered":"http:\/\/dev.claret.cat\/producte\/hombres\/"},"modified":"2023-01-28T01:12:26","modified_gmt":"2023-01-28T00:12:26","slug":"hombres-9788416544646","status":"publish","type":"product","link":"https:\/\/www.claret.cat\/es\/libro\/hombres-9788416544646\/","title":{"rendered":"HOMBRES"},"content":{"rendered":"<p>La primera novela de la autora de \u00abT\u00fa no eres como otras madres\u00bb.<br \/>Una historia sorprendente y adictiva: la de una mujer y todos los hombres de su vida.<br \/>Europa, a\u00f1os 40 y 50. La autora narra en Hombres \u2014otra de sus grandes novelas autobiogr\u00e1ficas\u2014 la educaci\u00f3n sentimental de una hermosa joven que alcanza su madurez entregada a la furia de vivir, sobrevivir y revivir. Eveline, la turbadora protagonista de esta novela, siempre en manos o en brazos de los hombres, no es s\u00f3lo un personaje \u00abconstruido\u00bb con partes de la vida de la propia Angelika Schrobsdorff y de otras mujeres a las que conoci\u00f3 en su juventud, sino toda una figura de carne y hueso. En muchas novelas de aprendizaje, la protagonista es una joven apocada, discreta y estudiosa; pero Eveline es muy distinta\u2026 aunque tambi\u00e9n muy autocr\u00edtica. La frescura y la crudeza de su voz nos arrastran sin remedio hasta los conmovedores cap\u00edtulos finales.<\/p>\n","protected":false},"excerpt":{"rendered":"<p>SCHROBSDORFF,ANGELIKA<\/p>\n","protected":false},"featured_media":190254,"template":"","meta":{"_acf_changed":false,"om_disable_all_campaigns":false,"rs_blank_template":"","rs_page_bg_color":"","slide_template_v7":"","inline_featured_image":false,"_monsterinsights_skip_tracking":false,"_monsterinsights_sitenote_active":false,"_monsterinsights_sitenote_note":"","_monsterinsights_sitenote_category":0},"product_brand":[],"product_cat":[87],"product_tag":[],"class_list":{"0":"post-190253","1":"product","2":"type-product","3":"status-publish","4":"has-post-thumbnail","6":"product_cat-literatura","8":"first","9":"instock","10":"taxable","11":"shipping-taxable","12":"purchasable","13":"product-type-simple"},"acf":{"autor":"SCHROBSDORFF,ANGELIKA","codart":"841654464","libros-coleccion":"FUERA DE COLECCI\u00d3N","ediciones":"1","encuadernacion":"Carpeta","fecha_de_publicacion":"01\/02\/2018","novedad":"1","paginas":"576","subtitulo":"","orden":"0","portada":"0","idioma":"spa","editorial":[{"ID":148107,"post_author":"3","post_date":"2022-10-14 11:55:41","post_date_gmt":"2022-10-14 09:55:41","post_content":"","post_title":"ERRATA NATURAE EDITORES S.L","post_excerpt":"","post_status":"publish","comment_status":"closed","ping_status":"closed","post_password":"","post_name":"errata-naturae-editores-s-l","to_ping":"","pinged":"","post_modified":"2022-10-14 11:55:41","post_modified_gmt":"2022-10-14 09:55:41","post_content_filtered":"","post_parent":0,"guid":"http:\/\/dev.claret.cat\/editorial\/errata-naturae-editores-s-l\/","menu_order":0,"post_type":"editorial","post_mime_type":"","comment_count":"0","filter":"raw"}],"autores-libros":[{"ID":150466,"post_author":"3","post_date":"2022-10-14 14:33:11","post_date_gmt":"2022-10-14 12:33:11","post_content":"","post_title":"ANGELIKA SCHROBSDORFF","post_excerpt":"","post_status":"publish","comment_status":"closed","ping_status":"closed","post_password":"","post_name":"angelika-schrobsdorff","to_ping":"","pinged":"","post_modified":"2022-10-14 14:33:11","post_modified_gmt":"2022-10-14 12:33:11","post_content_filtered":"","post_parent":0,"guid":"http:\/\/dev.claret.cat\/autor\/angelika-schrobsdorff\/","menu_order":0,"post_type":"autor","post_mime_type":"","comment_count":"0","filter":"raw"}]},"aioseo_notices":[],"_links":{"self":[{"href":"https:\/\/www.claret.cat\/es\/wp-json\/wp\/v2\/product\/190253","targetHints":{"allow":["GET"]}}],"collection":[{"href":"https:\/\/www.claret.cat\/es\/wp-json\/wp\/v2\/product"}],"about":[{"href":"https:\/\/www.claret.cat\/es\/wp-json\/wp\/v2\/types\/product"}],"wp:featuredmedia":[{"embeddable":true,"href":"https:\/\/www.claret.cat\/es\/wp-json\/wp\/v2\/media\/190254"}],"wp:attachment":[{"href":"https:\/\/www.claret.cat\/es\/wp-json\/wp\/v2\/media?parent=190253"}],"wp:term":[{"taxonomy":"product_brand","embeddable":true,"href":"https:\/\/www.claret.cat\/es\/wp-json\/wp\/v2\/product_brand?post=190253"},{"taxonomy":"product_cat","embeddable":true,"href":"https:\/\/www.claret.cat\/es\/wp-json\/wp\/v2\/product_cat?post=190253"},{"taxonomy":"product_tag","embeddable":true,"href":"https:\/\/www.claret.cat\/es\/wp-json\/wp\/v2\/product_tag?post=190253"}],"curies":[{"name":"wp","href":"https:\/\/api.w.org\/{rel}","templated":true}]}}