{"id":190295,"date":"2022-10-20T06:02:26","date_gmt":"2022-10-20T04:02:26","guid":{"rendered":"http:\/\/dev.claret.cat\/producte\/musiques-a-lantiguitat\/"},"modified":"2025-02-01T01:06:12","modified_gmt":"2025-02-01T00:06:12","slug":"musiques-a-lantiguitat-9788483309827","status":"publish","type":"product","link":"https:\/\/www.claret.cat\/es\/libro\/musiques-a-lantiguitat-9788483309827\/","title":{"rendered":"M\u00daSIQUES A L&#8217;ANTIGUITAT"},"content":{"rendered":"<p>El cat\u00e0leg d&#8217;una de les exposicions m\u00e9s completes que s&#8217;han fet mai sobre la m\u00fasica de les civilitzacions antigues. Aquesta obra aplega m\u00e9s de 370 peces origin\u00e0ries de l&#8217;Orient Mitj\u00e0, Egipte, Gr\u00e8cia i Roma. S&#8217;hi poden veure alguns dels primers instruments de la humanitat, aix\u00ed com extraordin\u00e0ries representacions art\u00edstiques al voltant de la figura del m\u00fasic i tamb\u00e9 els primers sistemes de notaci\u00f3 musical.<\/p>\n","protected":false},"excerpt":{"rendered":"<p>GUICHARD, H\u00c9L\u00c8NE \/ JEAMMET, VIOLAINE \/ Y OTROS<\/p>\n","protected":false},"featured_media":190296,"template":"","meta":{"_acf_changed":false,"om_disable_all_campaigns":false,"rs_blank_template":"","rs_page_bg_color":"","slide_template_v7":"","inline_featured_image":false,"_monsterinsights_skip_tracking":false,"_monsterinsights_sitenote_active":false,"_monsterinsights_sitenote_note":"","_monsterinsights_sitenote_category":0},"product_brand":[],"product_cat":[110,560,85,351,111,332,105,555],"product_tag":[],"class_list":{"0":"post-190295","1":"product","2":"type-product","3":"status-publish","4":"has-post-thumbnail","6":"product_cat-art","7":"product_cat-arte","8":"product_cat-historia","9":"product_cat-historia-2_humanidades","10":"product_cat-musica","11":"product_cat-musica-4_escolar-spa","12":"product_cat-regal","13":"product_cat-regalo","15":"first","16":"instock","17":"taxable","18":"shipping-taxable","19":"purchasable","20":"product-type-simple"},"acf":{"editorial":[{"ID":6392,"post_author":"3","post_date":"2022-07-28 17:51:10","post_date_gmt":"2022-07-28 15:51:10","post_content":"","post_title":"Viena","post_excerpt":"","post_status":"publish","comment_status":"closed","ping_status":"closed","post_password":"","post_name":"viena","to_ping":"","pinged":"","post_modified":"2022-07-28 17:51:10","post_modified_gmt":"2022-07-28 15:51:10","post_content_filtered":"","post_parent":0,"guid":"http:\/\/dev.claret.cat\/editorial\/viena\/","menu_order":0,"post_type":"editorial","post_mime_type":"","comment_count":"0","filter":"raw"}],"autores-libros":[{"ID":5534,"post_author":"3","post_date":"2022-07-28 17:26:03","post_date_gmt":"2022-07-28 15:26:03","post_content":"","post_title":"H\u00c9L\u00c8NE GUICHARD","post_excerpt":"","post_status":"publish","comment_status":"closed","ping_status":"closed","post_password":"","post_name":"helene-guichard","to_ping":"","pinged":"","post_modified":"2022-07-28 17:26:03","post_modified_gmt":"2022-07-28 15:26:03","post_content_filtered":"","post_parent":0,"guid":"http:\/\/dev.claret.cat\/autor\/helene-guichard\/","menu_order":0,"post_type":"autor","post_mime_type":"","comment_count":"0","filter":"raw"},{"ID":429364,"post_author":"3","post_date":"2023-05-16 09:46:44","post_date_gmt":"2023-05-16 07:46:44","post_content":"","post_title":"VIOLAINE JEAMMET","post_excerpt":"","post_status":"publish","comment_status":"closed","ping_status":"closed","post_password":"","post_name":"violaine-jeammet","to_ping":"","pinged":"","post_modified":"2023-05-16 09:46:44","post_modified_gmt":"2023-05-16 07:46:44","post_content_filtered":"","post_parent":0,"guid":"https:\/\/www.claret.cat\/autor\/violaine-jeammet\/","menu_order":0,"post_type":"autor","post_mime_type":"","comment_count":"0","filter":"raw"},{"ID":405133,"post_author":"3","post_date":"2023-02-28 02:03:54","post_date_gmt":"2023-02-28 01:03:54","post_content":"","post_title":"'Y OTROS'","post_excerpt":"","post_status":"publish","comment_status":"closed","ping_status":"closed","post_password":"","post_name":"y-otros-2","to_ping":"","pinged":"","post_modified":"2023-02-28 02:03:54","post_modified_gmt":"2023-02-28 01:03:54","post_content_filtered":"","post_parent":0,"guid":"https:\/\/www.claret.cat\/autor\/y-otros-2\/","menu_order":0,"post_type":"autor","post_mime_type":"","comment_count":"0","filter":"raw"}],"autor":"GUICHARD, H\u00c9L\u00c8NE \/ JEAMMET, VIOLAINE \/ 'Y OTROS'","codart":"848330982","libros-coleccion":"FORA DE COL.LECCI\u00d3","ediciones":"1","encuadernacion":"R\u00fastica","fecha_de_publicacion":"01\/02\/2018","novedad":"1","paginas":"0","subtitulo":"","orden":"0","portada":"0","idioma":"cat"},"aioseo_notices":[],"_links":{"self":[{"href":"https:\/\/www.claret.cat\/es\/wp-json\/wp\/v2\/product\/190295","targetHints":{"allow":["GET"]}}],"collection":[{"href":"https:\/\/www.claret.cat\/es\/wp-json\/wp\/v2\/product"}],"about":[{"href":"https:\/\/www.claret.cat\/es\/wp-json\/wp\/v2\/types\/product"}],"wp:featuredmedia":[{"embeddable":true,"href":"https:\/\/www.claret.cat\/es\/wp-json\/wp\/v2\/media\/190296"}],"wp:attachment":[{"href":"https:\/\/www.claret.cat\/es\/wp-json\/wp\/v2\/media?parent=190295"}],"wp:term":[{"taxonomy":"product_brand","embeddable":true,"href":"https:\/\/www.claret.cat\/es\/wp-json\/wp\/v2\/product_brand?post=190295"},{"taxonomy":"product_cat","embeddable":true,"href":"https:\/\/www.claret.cat\/es\/wp-json\/wp\/v2\/product_cat?post=190295"},{"taxonomy":"product_tag","embeddable":true,"href":"https:\/\/www.claret.cat\/es\/wp-json\/wp\/v2\/product_tag?post=190295"}],"curies":[{"name":"wp","href":"https:\/\/api.w.org\/{rel}","templated":true}]}}