{"id":19031,"date":"2022-10-01T23:51:18","date_gmt":"2022-10-01T21:51:18","guid":{"rendered":"http:\/\/dev.claret.cat\/producte\/cien-noches\/"},"modified":"2023-01-28T02:35:26","modified_gmt":"2023-01-28T01:35:26","slug":"cien-noches-9788433999108","status":"publish","type":"product","link":"https:\/\/www.claret.cat\/es\/libro\/cien-noches-9788433999108\/","title":{"rendered":"CIEN NOCHES"},"content":{"rendered":"<p>Una f\u00e1bula moral con trazas detectivescas y cient\u00edficas que indaga en el amor y la infidelidad. Una novela er\u00f3tica y negra que explora las formas que adoptan las mentiras. Alrededor de la mitad de los seres humanos confiesa ser infiel sexualmente a su pareja. \u00bfPero la otra mitad dice la verdad o miente? Solo hay una forma de comprobarlo: investigar su vida a trav\u00e9s de detectives o de medios de espionaje electr\u00f3nico. Este es el experimento antropol\u00f3gico que plantea esta novela: investigar sin su consentimiento a seis mil personas para elaborar por fin una estad\u00edstica fiable de los comportamientos sexuales de nuestras sociedades.Irene, su protagonista, busca en la sexualidad los secretos del alma humana. De joven, viaja de Madrid a Chicago para realizar sus estudios universitarios en Psicolog\u00eda, y all\u00ed, lejos de su familia, empieza a analizar casi cient\u00edficamente a los hombres con los que se cruza y con los que se acuesta. Su mirada fr\u00eda de investigadora cambia cuando se enamora del argentino Claudio, que arrastra consigo un doloroso secreto y cuya familia tiene un pasado oscuro vinculado con la historia de su pa\u00eds.Cien noches es a la vez una novela de reflexi\u00f3n sentimental, de indagaci\u00f3n er\u00f3tica y de persecuci\u00f3n policial de un asesino que no ha dejado ning\u00fan rastro de su crimen.En Cien noches se exploran las distintas formas de amor \u2013algunas radicales y extremas\u2013 y los diversos comportamientos sexuales \u2013algunos igualmente radicales y extremos\u2013; se levanta acta de la lealtad, la infidelidad, los deseos inconfesables, los tab\u00fas, las medias verdades y los enga\u00f1os que envuelven nuestras relaciones. Se habla de m\u00e1scaras y de mentiras. Y a modo de juego se incorporan una serie de expedientes de adulterios que el autor pidi\u00f3 a los escritores Edurne Portela, Manuel Vilas, Sergio del Molino, Lara Moreno y Jos\u00e9 Ovejero, en un estimulante ejercicio de promiscuidad literaria.<\/p>\n","protected":false},"excerpt":{"rendered":"<p>MART\u00cdN, LUISG\u00c9<\/p>\n","protected":false},"featured_media":65504,"template":"","meta":{"_acf_changed":false,"om_disable_all_campaigns":false,"rs_blank_template":"","rs_page_bg_color":"","slide_template_v7":"","inline_featured_image":false,"_monsterinsights_skip_tracking":false,"_monsterinsights_sitenote_active":false,"_monsterinsights_sitenote_note":"","_monsterinsights_sitenote_category":0},"product_brand":[],"product_cat":[127],"product_tag":[],"class_list":{"0":"post-19031","1":"product","2":"type-product","3":"status-publish","4":"has-post-thumbnail","6":"product_cat-novella-contemporania","8":"first","9":"instock","10":"taxable","11":"shipping-taxable","12":"purchasable","13":"product-type-simple"},"acf":{"autor":"MART\u00cdN, LUISG\u00c9","codart":"843399910","libros-coleccion":"Narrativas hisp\u00e1nicas","ediciones":"1","encuadernacion":"R\u00fastica","fecha_de_publicacion":"01\/11\/2020","novedad":"1","paginas":"264","subtitulo":"PREMIO HERRALDE DE NOVELA","orden":"0","portada":"0","idioma":"spa","editorial":[{"ID":6219,"post_author":"3","post_date":"2022-07-28 17:47:26","post_date_gmt":"2022-07-28 15:47:26","post_content":"","post_title":"Editorial Anagrama S.A.","post_excerpt":"","post_status":"publish","comment_status":"closed","ping_status":"closed","post_password":"","post_name":"editorial-anagrama-s-a","to_ping":"","pinged":"","post_modified":"2022-07-28 17:47:26","post_modified_gmt":"2022-07-28 15:47:26","post_content_filtered":"","post_parent":0,"guid":"http:\/\/dev.claret.cat\/editorial\/editorial-anagrama-s-a\/","menu_order":0,"post_type":"editorial","post_mime_type":"","comment_count":"0","filter":"raw"}],"autores-libros":[{"ID":162795,"post_author":"3","post_date":"2022-10-14 17:33:52","post_date_gmt":"2022-10-14 15:33:52","post_content":"","post_title":"LUISGE MARTIN","post_excerpt":"","post_status":"publish","comment_status":"closed","ping_status":"closed","post_password":"","post_name":"luisge-martin","to_ping":"","pinged":"","post_modified":"2022-10-14 17:33:52","post_modified_gmt":"2022-10-14 15:33:52","post_content_filtered":"","post_parent":0,"guid":"http:\/\/dev.claret.cat\/autor\/luisge-martin\/","menu_order":0,"post_type":"autor","post_mime_type":"","comment_count":"0","filter":"raw"}]},"aioseo_notices":[],"_links":{"self":[{"href":"https:\/\/www.claret.cat\/es\/wp-json\/wp\/v2\/product\/19031","targetHints":{"allow":["GET"]}}],"collection":[{"href":"https:\/\/www.claret.cat\/es\/wp-json\/wp\/v2\/product"}],"about":[{"href":"https:\/\/www.claret.cat\/es\/wp-json\/wp\/v2\/types\/product"}],"wp:featuredmedia":[{"embeddable":true,"href":"https:\/\/www.claret.cat\/es\/wp-json\/wp\/v2\/media\/65504"}],"wp:attachment":[{"href":"https:\/\/www.claret.cat\/es\/wp-json\/wp\/v2\/media?parent=19031"}],"wp:term":[{"taxonomy":"product_brand","embeddable":true,"href":"https:\/\/www.claret.cat\/es\/wp-json\/wp\/v2\/product_brand?post=19031"},{"taxonomy":"product_cat","embeddable":true,"href":"https:\/\/www.claret.cat\/es\/wp-json\/wp\/v2\/product_cat?post=19031"},{"taxonomy":"product_tag","embeddable":true,"href":"https:\/\/www.claret.cat\/es\/wp-json\/wp\/v2\/product_tag?post=19031"}],"curies":[{"name":"wp","href":"https:\/\/api.w.org\/{rel}","templated":true}]}}