{"id":19037,"date":"2022-10-01T23:51:25","date_gmt":"2022-10-01T21:51:25","guid":{"rendered":"http:\/\/dev.claret.cat\/producte\/facsimil\/"},"modified":"2023-01-28T03:49:18","modified_gmt":"2023-01-28T02:49:18","slug":"facsimil-9788433999122","status":"publish","type":"product","link":"https:\/\/www.claret.cat\/es\/libro\/facsimil-9788433999122\/","title":{"rendered":"FACS\u00cdMIL"},"content":{"rendered":"<p>Un contra la ilusi\u00f3n de una respuesta \u00fanica, contra el facilismo que elimina matices y neutraliza el pensamiento. Este libro osado, amargo y divertido est\u00e1 basado en un modelo antip\u00e1tico, tal vez el m\u00e1s antip\u00e1tico de todos: un examen de selecci\u00f3n m\u00faltiple para acceder a la educaci\u00f3n universitaria, concretamente el que miles de j\u00f3venes, a lo largo de d\u00e9cadas, tuvieron que afrontar para postular a las universidades chilenas.\u00abA ustedes no los educaron, los entrenaron\u00bb, sentencia un personaje de este libro feroz, hecho de relatos, fragmentos l\u00edricos y ejercicios de lenguaje, pero tambi\u00e9n de textos que reconocemos sombr\u00edamente como demasiado cercanos (folleter\u00eda, publicidad, panfletos). Facs\u00edmil aborda el fracaso de un sistema educativo que ha perpetuado las desigualdades y precarizado la experiencia. Es un libro contra la ilusi\u00f3n de una respuesta \u00fanica, contra el facilismo que elimina matices y neutraliza el pensamiento.Publicado por primera vez en 2014, Facs\u00edmil acumul\u00f3 elogios, ediciones y traducciones a una velocidad inesperada, demostrando que su particular\u00edsima mezcla de mordacidad y ternura resuena en diversas escalas, y convirti\u00e9ndose en uno de los t\u00edtulos fundamentales de Alejandro Zambra.<\/p>\n","protected":false},"excerpt":{"rendered":"<p>ZAMBRA, ALEJANDRO<\/p>\n","protected":false},"featured_media":65140,"template":"","meta":{"_acf_changed":false,"om_disable_all_campaigns":false,"rs_blank_template":"","rs_page_bg_color":"","slide_template_v7":"","inline_featured_image":false,"_monsterinsights_skip_tracking":false,"_monsterinsights_sitenote_active":false,"_monsterinsights_sitenote_note":"","_monsterinsights_sitenote_category":0},"product_brand":[],"product_cat":[127],"product_tag":[],"class_list":{"0":"post-19037","1":"product","2":"type-product","3":"status-publish","4":"has-post-thumbnail","6":"product_cat-novella-contemporania","8":"first","9":"instock","10":"taxable","11":"shipping-taxable","12":"purchasable","13":"product-type-simple"},"acf":{"autor":"ZAMBRA, ALEJANDRO","codart":"843399912","libros-coleccion":"Narrativas hisp\u00e1nicas","ediciones":"1","encuadernacion":"R\u00fastica","fecha_de_publicacion":"01\/02\/2021","novedad":"1","paginas":"128","subtitulo":"","orden":"0","portada":"0","idioma":"spa","editorial":[{"ID":6219,"post_author":"3","post_date":"2022-07-28 17:47:26","post_date_gmt":"2022-07-28 15:47:26","post_content":"","post_title":"Editorial Anagrama S.A.","post_excerpt":"","post_status":"publish","comment_status":"closed","ping_status":"closed","post_password":"","post_name":"editorial-anagrama-s-a","to_ping":"","pinged":"","post_modified":"2022-07-28 17:47:26","post_modified_gmt":"2022-07-28 15:47:26","post_content_filtered":"","post_parent":0,"guid":"http:\/\/dev.claret.cat\/editorial\/editorial-anagrama-s-a\/","menu_order":0,"post_type":"editorial","post_mime_type":"","comment_count":"0","filter":"raw"}],"autores-libros":[{"ID":149583,"post_author":"3","post_date":"2022-10-14 14:26:04","post_date_gmt":"2022-10-14 12:26:04","post_content":"","post_title":"ALEJANDRO ZAMBRA","post_excerpt":"","post_status":"publish","comment_status":"closed","ping_status":"closed","post_password":"","post_name":"alejandro-zambra","to_ping":"","pinged":"","post_modified":"2022-10-14 14:26:04","post_modified_gmt":"2022-10-14 12:26:04","post_content_filtered":"","post_parent":0,"guid":"http:\/\/dev.claret.cat\/autor\/alejandro-zambra\/","menu_order":0,"post_type":"autor","post_mime_type":"","comment_count":"0","filter":"raw"}]},"aioseo_notices":[],"_links":{"self":[{"href":"https:\/\/www.claret.cat\/es\/wp-json\/wp\/v2\/product\/19037","targetHints":{"allow":["GET"]}}],"collection":[{"href":"https:\/\/www.claret.cat\/es\/wp-json\/wp\/v2\/product"}],"about":[{"href":"https:\/\/www.claret.cat\/es\/wp-json\/wp\/v2\/types\/product"}],"wp:featuredmedia":[{"embeddable":true,"href":"https:\/\/www.claret.cat\/es\/wp-json\/wp\/v2\/media\/65140"}],"wp:attachment":[{"href":"https:\/\/www.claret.cat\/es\/wp-json\/wp\/v2\/media?parent=19037"}],"wp:term":[{"taxonomy":"product_brand","embeddable":true,"href":"https:\/\/www.claret.cat\/es\/wp-json\/wp\/v2\/product_brand?post=19037"},{"taxonomy":"product_cat","embeddable":true,"href":"https:\/\/www.claret.cat\/es\/wp-json\/wp\/v2\/product_cat?post=19037"},{"taxonomy":"product_tag","embeddable":true,"href":"https:\/\/www.claret.cat\/es\/wp-json\/wp\/v2\/product_tag?post=19037"}],"curies":[{"name":"wp","href":"https:\/\/api.w.org\/{rel}","templated":true}]}}