{"id":190382,"date":"2022-10-20T06:03:54","date_gmt":"2022-10-20T04:03:54","guid":{"rendered":"http:\/\/dev.claret.cat\/producte\/cachorros-voladores-paw-patrol-patrulla-canina-primeras-lecturas\/"},"modified":"2023-01-28T10:06:34","modified_gmt":"2023-01-28T09:06:34","slug":"cachorros-voladores-paw-patrol-patrulla-canina-primeras-lecturas-9788448849689","status":"publish","type":"product","link":"https:\/\/www.claret.cat\/es\/libro\/cachorros-voladores-paw-patrol-patrulla-canina-primeras-lecturas-9788448849689\/","title":{"rendered":"CACHORROS VOLADORES (PAW PATROL &#8211; PATRULLA CANINA. PRIMERAS LECTURAS)"},"content":{"rendered":"<p>Los cachorros de la Patrulla Canina est\u00e1n listos para entrar en acci\u00f3n. Descubre la emocionante misi\u00f3n que les espera en este nuevo volumen de la colecci\u00f3n \u00abPrimeras lecturas\u00bb. \u00a1A volar se ha dicho! El capit\u00e1n Turbot y su primo Fran\u00e7ois viajan a Isla Volc\u00e1n cuando de  repente&#8230;, \u00a1el volc\u00e1n entra en erupci\u00f3n! Para este arriesgado rescate,  participar\u00e1n todos los miembros de la Patrulla Canina&#8230;, \u00a1que acudir\u00e1n volando en sus nuevas mochilas voladoras!La colecci\u00f3n de primeras lecturas de la Patrulla Canina est\u00e1 pensada para que los m\u00e1s peque\u00f1os se inicien en la lectura de una manera divertida, al mismo tiempo que trabajan valores como la amistad, el trabajo en equipo, la superaci\u00f3n, la tolerancia y la generosidad. \u00a1No hay nada imposible para la Patrulla Canina!<\/p>\n","protected":false},"excerpt":{"rendered":"<p>NICKELODEON<\/p>\n","protected":false},"featured_media":190383,"template":"","meta":{"_acf_changed":false,"om_disable_all_campaigns":false,"rs_blank_template":"","rs_page_bg_color":"","slide_template_v7":"","inline_featured_image":false,"_monsterinsights_skip_tracking":false,"_monsterinsights_sitenote_active":false,"_monsterinsights_sitenote_note":"","_monsterinsights_sitenote_category":0},"product_brand":[],"product_cat":[86],"product_tag":[],"class_list":{"0":"post-190382","1":"product","2":"type-product","3":"status-publish","4":"has-post-thumbnail","6":"product_cat-infantil","8":"first","9":"instock","10":"taxable","11":"shipping-taxable","12":"purchasable","13":"product-type-simple"},"acf":{"autor":"NICKELODEON","codart":"844884968","libros-coleccion":"SUSHI BOOKS","ediciones":"1","encuadernacion":"Carton\u00e9","fecha_de_publicacion":"01\/02\/2018","novedad":"1","paginas":"40","subtitulo":"","orden":"0","portada":"0","idioma":"spa","editorial":[{"ID":6141,"post_author":"3","post_date":"2022-07-28 17:45:46","post_date_gmt":"2022-07-28 15:45:46","post_content":"","post_title":"BEASCOA","post_excerpt":"","post_status":"publish","comment_status":"closed","ping_status":"closed","post_password":"","post_name":"beascoa","to_ping":"","pinged":"","post_modified":"2022-07-28 17:45:46","post_modified_gmt":"2022-07-28 15:45:46","post_content_filtered":"","post_parent":0,"guid":"http:\/\/dev.claret.cat\/editorial\/beascoa\/","menu_order":0,"post_type":"editorial","post_mime_type":"","comment_count":"0","filter":"raw"}],"autores-libros":[{"ID":165803,"post_author":"3","post_date":"2022-10-14 17:58:04","post_date_gmt":"2022-10-14 15:58:04","post_content":"","post_title":"NICKELODEON","post_excerpt":"","post_status":"publish","comment_status":"closed","ping_status":"closed","post_password":"","post_name":"nickelodeon","to_ping":"","pinged":"","post_modified":"2022-10-14 17:58:04","post_modified_gmt":"2022-10-14 15:58:04","post_content_filtered":"","post_parent":0,"guid":"http:\/\/dev.claret.cat\/autor\/nickelodeon\/","menu_order":0,"post_type":"autor","post_mime_type":"","comment_count":"0","filter":"raw"}]},"aioseo_notices":[],"_links":{"self":[{"href":"https:\/\/www.claret.cat\/es\/wp-json\/wp\/v2\/product\/190382","targetHints":{"allow":["GET"]}}],"collection":[{"href":"https:\/\/www.claret.cat\/es\/wp-json\/wp\/v2\/product"}],"about":[{"href":"https:\/\/www.claret.cat\/es\/wp-json\/wp\/v2\/types\/product"}],"wp:featuredmedia":[{"embeddable":true,"href":"https:\/\/www.claret.cat\/es\/wp-json\/wp\/v2\/media\/190383"}],"wp:attachment":[{"href":"https:\/\/www.claret.cat\/es\/wp-json\/wp\/v2\/media?parent=190382"}],"wp:term":[{"taxonomy":"product_brand","embeddable":true,"href":"https:\/\/www.claret.cat\/es\/wp-json\/wp\/v2\/product_brand?post=190382"},{"taxonomy":"product_cat","embeddable":true,"href":"https:\/\/www.claret.cat\/es\/wp-json\/wp\/v2\/product_cat?post=190382"},{"taxonomy":"product_tag","embeddable":true,"href":"https:\/\/www.claret.cat\/es\/wp-json\/wp\/v2\/product_tag?post=190382"}],"curies":[{"name":"wp","href":"https:\/\/api.w.org\/{rel}","templated":true}]}}