{"id":190448,"date":"2022-10-20T06:04:58","date_gmt":"2022-10-20T04:04:58","guid":{"rendered":"http:\/\/dev.claret.cat\/producte\/no-culpes-al-karma-de-lo-que-te-pasa-por-gilipollas-3\/"},"modified":"2023-01-28T03:57:10","modified_gmt":"2023-01-28T02:57:10","slug":"no-culpes-al-karma-de-lo-que-te-pasa-por-gilipollas-9788467051889","status":"publish","type":"product","link":"https:\/\/www.claret.cat\/es\/libro\/no-culpes-al-karma-de-lo-que-te-pasa-por-gilipollas-9788467051889\/","title":{"rendered":"NO CULPES AL KARMA DE LO QUE TE PASA POR GILIPOLLAS"},"content":{"rendered":"<p>Si est\u00e1s leyendo estas l\u00edneas  es que te ha llamado la atenci\u00f3n el t\u00edtulo.<br \/>\u00bfTe gustar\u00eda dec\u00edrselo a alguien?<br \/>\u00bfSer\u00edas capaz de dec\u00edrtelo a ti mismo?<br \/>Y lo m\u00e1s importante:<br \/>\u00bfTe gustar\u00eda mantener durante un buen rato la sonrisa que se te ha quedado en la cara?<br \/>Pues esta es tu novela.<br \/>Te podr\u00edamos contar con m\u00e1s o menos gracia de qu\u00e9 va la cosa,  para que te hicieras una idea: que si la protagonista, Sara, es muy  maja, que si tiene un trabajo muy interesante (es plumista, \u00bfa que nunca lo hab\u00edas o\u00eddo?), que si es un pel\u00edn obsesiva y al\u00e9rgica a los sobresaltos&#8230;<br \/>Por supuesto, la vida se le complica y se encuentra con que  su piso se convierte en una especie de camarote de los  hermanos Marx cuando en la misma semana se meten a vivir con ella su padre deprimido, su hermana rebelde y  su exc\u00e9ntrico prometido y, sobre todo, el novio al que  lleva mucho tiempo sin ver&#8230;<br \/>Pero mejor no te lo contamos porque te gustar\u00e1  leerlo. Lo \u00fanico que necesitas saber es que, desde  el t\u00edtulo, te garantizamos unas cuantas horas de  descacharrante diversi\u00f3n como hac\u00eda tiempo que no disfrutabas.<\/p>\n","protected":false},"excerpt":{"rendered":"<p>NORTON, LAURA<\/p>\n","protected":false},"featured_media":190449,"template":"","meta":{"_acf_changed":false,"om_disable_all_campaigns":false,"rs_blank_template":"","rs_page_bg_color":"","slide_template_v7":"","inline_featured_image":false,"_monsterinsights_skip_tracking":false,"_monsterinsights_sitenote_active":false,"_monsterinsights_sitenote_note":"","_monsterinsights_sitenote_category":0},"product_brand":[],"product_cat":[87],"product_tag":[],"class_list":{"0":"post-190448","1":"product","2":"type-product","3":"status-publish","4":"has-post-thumbnail","6":"product_cat-literatura","8":"first","9":"instock","10":"taxable","11":"shipping-taxable","12":"purchasable","13":"product-type-simple"},"acf":{"autor":"NORTON, LAURA","codart":"846705188","libros-coleccion":"Bestseller","ediciones":"1","encuadernacion":"R\u00fastica","fecha_de_publicacion":"01\/02\/2018","novedad":"1","paginas":"354","subtitulo":"","orden":"0","portada":"0","idioma":"spa","editorial":[{"ID":6149,"post_author":"3","post_date":"2022-07-28 17:45:56","post_date_gmt":"2022-07-28 15:45:56","post_content":"","post_title":"BOOKET","post_excerpt":"","post_status":"publish","comment_status":"closed","ping_status":"closed","post_password":"","post_name":"booket","to_ping":"","pinged":"","post_modified":"2022-07-28 17:45:56","post_modified_gmt":"2022-07-28 15:45:56","post_content_filtered":"","post_parent":0,"guid":"http:\/\/dev.claret.cat\/editorial\/booket\/","menu_order":0,"post_type":"editorial","post_mime_type":"","comment_count":"0","filter":"raw"}],"autores-libros":[{"ID":161976,"post_author":"3","post_date":"2022-10-14 17:27:22","post_date_gmt":"2022-10-14 15:27:22","post_content":"","post_title":"LAURA NORTON","post_excerpt":"","post_status":"publish","comment_status":"closed","ping_status":"closed","post_password":"","post_name":"laura-norton","to_ping":"","pinged":"","post_modified":"2022-10-14 17:27:22","post_modified_gmt":"2022-10-14 15:27:22","post_content_filtered":"","post_parent":0,"guid":"http:\/\/dev.claret.cat\/autor\/laura-norton\/","menu_order":0,"post_type":"autor","post_mime_type":"","comment_count":"0","filter":"raw"}]},"aioseo_notices":[],"_links":{"self":[{"href":"https:\/\/www.claret.cat\/es\/wp-json\/wp\/v2\/product\/190448","targetHints":{"allow":["GET"]}}],"collection":[{"href":"https:\/\/www.claret.cat\/es\/wp-json\/wp\/v2\/product"}],"about":[{"href":"https:\/\/www.claret.cat\/es\/wp-json\/wp\/v2\/types\/product"}],"wp:featuredmedia":[{"embeddable":true,"href":"https:\/\/www.claret.cat\/es\/wp-json\/wp\/v2\/media\/190449"}],"wp:attachment":[{"href":"https:\/\/www.claret.cat\/es\/wp-json\/wp\/v2\/media?parent=190448"}],"wp:term":[{"taxonomy":"product_brand","embeddable":true,"href":"https:\/\/www.claret.cat\/es\/wp-json\/wp\/v2\/product_brand?post=190448"},{"taxonomy":"product_cat","embeddable":true,"href":"https:\/\/www.claret.cat\/es\/wp-json\/wp\/v2\/product_cat?post=190448"},{"taxonomy":"product_tag","embeddable":true,"href":"https:\/\/www.claret.cat\/es\/wp-json\/wp\/v2\/product_tag?post=190448"}],"curies":[{"name":"wp","href":"https:\/\/api.w.org\/{rel}","templated":true}]}}