{"id":19046,"date":"2022-10-01T23:51:33","date_gmt":"2022-10-01T21:51:33","guid":{"rendered":"http:\/\/dev.claret.cat\/producte\/revancha\/"},"modified":"2023-01-28T17:13:15","modified_gmt":"2023-01-28T16:13:15","slug":"revancha-9788433999177","status":"publish","type":"product","link":"https:\/\/www.claret.cat\/es\/libro\/revancha-9788433999177\/","title":{"rendered":"REVANCHA"},"content":{"rendered":"<p>Una novela adictiva, violenta y vertiginosa, sobre venganza, amor y ultras.\u00a0 Amador es el consejero y n\u00famero dos de la facci\u00f3n cri\u00adminal de Lokos, el grupo ultra del FC Barcelona. Extor\u00adsionan, pegan palizas por encargo, mueven droga y des\u00adtruyen a bandas de traficantes o ultras enemigos. Su kapo es Alberto Cid, alias el Cid, un psic\u00f3pata catal\u00e1n sin alma ni escr\u00fapulos. Amador y el Cid, legendarios skinheads neonazis del gol sur durante los ochenta y noventa, fueron inseparables durante a\u00f1os, hasta que algo les separ\u00f3. Amador acarrea muchos secretos, y el mayor de ellos es su homosexualidad. C\u00e9sar \u00abJabal\u00ed\u00bb Beltr\u00e1n fue rugbista y ahora se gana la vida vengando por encargo a v\u00edctimas de pederastas y atropelladores en fuga. Un secuestro, una redada y un bot\u00edn desapare\u00adcido hacen que la vida de C\u00e9sar y la de Amador se entre\u00adcrucen, con resultados imprevisibles para ambos.<\/p>\n","protected":false},"excerpt":{"rendered":"<p>AMAT, KIKO<\/p>\n","protected":false},"featured_media":65276,"template":"","meta":{"_acf_changed":false,"om_disable_all_campaigns":false,"rs_blank_template":"","rs_page_bg_color":"","slide_template_v7":"","inline_featured_image":false,"_monsterinsights_skip_tracking":false,"_monsterinsights_sitenote_active":false,"_monsterinsights_sitenote_note":"","_monsterinsights_sitenote_category":0},"product_brand":[],"product_cat":[127],"product_tag":[],"class_list":{"0":"post-19046","1":"product","2":"type-product","3":"status-publish","4":"has-post-thumbnail","6":"product_cat-novella-contemporania","8":"first","9":"instock","10":"taxable","11":"shipping-taxable","12":"purchasable","13":"product-type-simple"},"acf":{"autor":"AMAT, KIKO","codart":"843399917","libros-coleccion":"Narrativas hisp\u00e1nicas","ediciones":"1","encuadernacion":"R\u00fastica","fecha_de_publicacion":"01\/01\/2021","novedad":"1","paginas":"324","subtitulo":"","orden":"0","portada":"0","idioma":"spa","editorial":[{"ID":6219,"post_author":"3","post_date":"2022-07-28 17:47:26","post_date_gmt":"2022-07-28 15:47:26","post_content":"","post_title":"Editorial Anagrama S.A.","post_excerpt":"","post_status":"publish","comment_status":"closed","ping_status":"closed","post_password":"","post_name":"editorial-anagrama-s-a","to_ping":"","pinged":"","post_modified":"2022-07-28 17:47:26","post_modified_gmt":"2022-07-28 15:47:26","post_content_filtered":"","post_parent":0,"guid":"http:\/\/dev.claret.cat\/editorial\/editorial-anagrama-s-a\/","menu_order":0,"post_type":"editorial","post_mime_type":"","comment_count":"0","filter":"raw"}],"autores-libros":[{"ID":161669,"post_author":"3","post_date":"2022-10-14 17:20:05","post_date_gmt":"2022-10-14 15:20:05","post_content":"","post_title":"KIKO AMAT","post_excerpt":"","post_status":"publish","comment_status":"closed","ping_status":"closed","post_password":"","post_name":"kiko-amat","to_ping":"","pinged":"","post_modified":"2022-10-14 17:20:05","post_modified_gmt":"2022-10-14 15:20:05","post_content_filtered":"","post_parent":0,"guid":"http:\/\/dev.claret.cat\/autor\/kiko-amat\/","menu_order":0,"post_type":"autor","post_mime_type":"","comment_count":"0","filter":"raw"}]},"aioseo_notices":[],"_links":{"self":[{"href":"https:\/\/www.claret.cat\/es\/wp-json\/wp\/v2\/product\/19046","targetHints":{"allow":["GET"]}}],"collection":[{"href":"https:\/\/www.claret.cat\/es\/wp-json\/wp\/v2\/product"}],"about":[{"href":"https:\/\/www.claret.cat\/es\/wp-json\/wp\/v2\/types\/product"}],"wp:featuredmedia":[{"embeddable":true,"href":"https:\/\/www.claret.cat\/es\/wp-json\/wp\/v2\/media\/65276"}],"wp:attachment":[{"href":"https:\/\/www.claret.cat\/es\/wp-json\/wp\/v2\/media?parent=19046"}],"wp:term":[{"taxonomy":"product_brand","embeddable":true,"href":"https:\/\/www.claret.cat\/es\/wp-json\/wp\/v2\/product_brand?post=19046"},{"taxonomy":"product_cat","embeddable":true,"href":"https:\/\/www.claret.cat\/es\/wp-json\/wp\/v2\/product_cat?post=19046"},{"taxonomy":"product_tag","embeddable":true,"href":"https:\/\/www.claret.cat\/es\/wp-json\/wp\/v2\/product_tag?post=19046"}],"curies":[{"name":"wp","href":"https:\/\/api.w.org\/{rel}","templated":true}]}}