{"id":190475,"date":"2022-10-20T06:05:25","date_gmt":"2022-10-20T04:05:25","guid":{"rendered":"http:\/\/dev.claret.cat\/producte\/60-activitats-montessori-per-al-teu-nado\/"},"modified":"2025-10-20T20:54:01","modified_gmt":"2025-10-20T18:54:01","slug":"60-activitats-montessori-per-al-teu-nado-9788491374770","status":"publish","type":"product","link":"https:\/\/www.claret.cat\/es\/libro\/60-activitats-montessori-per-al-teu-nado-9788491374770\/","title":{"rendered":"60 ACTIVITATS MONTESSORI PER AL TEU NAD\u00d3"},"content":{"rendered":"<p>Quan un nad\u00f3 arriba al m\u00f3n, l\u2019acollim, el protegim i el cuidem. Tamb\u00e9 podem alimentar-li les ganes de descobrir, fomentar la seva atenci\u00f3 i ajudar-lo a desenvolupar la seva concentraci\u00f3 en un ambient de calma i serenitat.<br \/>Aquesta obra, dedicada a la pedagogia de Maria Montessori per als m\u00e9s petits, des del naixement fins als quinze mesos, us proposa idees i activitats per:<br \/>\u2013 Preparar l\u2019univers dels nadons.<br \/>\u2013 Crear i preparar el material sensorial adaptat a cada etapa de la seva evoluci\u00f3.<br \/>\u2013 Acompanyar-lo en el desenvolupament de les seves compet\u00e8ncies.<br \/>\u2013 Fomentar la seva autonomia.<br \/>\u2013 Afavorir a casa un ambient ser\u00e8 i positiu.<\/p>\n","protected":false},"excerpt":{"rendered":"<p>PLACE, MARIE H\u00c9L\u00c8NE<\/p>\n","protected":false},"featured_media":190476,"template":"","meta":{"_acf_changed":false,"om_disable_all_campaigns":false,"rs_blank_template":"","rs_page_bg_color":"","slide_template_v7":"","inline_featured_image":false,"_monsterinsights_skip_tracking":false,"_monsterinsights_sitenote_active":false,"_monsterinsights_sitenote_note":"","_monsterinsights_sitenote_category":0},"product_brand":[],"product_cat":[100,550],"product_tag":[],"class_list":{"0":"post-190475","1":"product","2":"type-product","3":"status-publish","4":"has-post-thumbnail","6":"product_cat-escola-de-pares","7":"product_cat-escuela-de-padres-3_infantil-juvenil-spa-spa","9":"first","10":"instock","11":"taxable","12":"shipping-taxable","13":"purchasable","14":"product-type-simple"},"acf":{"autor":"PLACE, MARIE H\u00c9L\u00c8NE","codart":"849137477","libros-coleccion":"SUSHI BOOKS","ediciones":"1","encuadernacion":"R\u00fastica","fecha_de_publicacion":"01\/02\/2018","novedad":"1","paginas":"192","subtitulo":"IDEES PER AJUDAR-LO A SER AUT\u00d2NOM I PREPARAR EL SEU UNIVERS","orden":"0","portada":"0","idioma":"cat","editorial":[{"ID":6249,"post_author":"3","post_date":"2022-07-28 17:48:09","post_date_gmt":"2022-07-28 15:48:09","post_content":"","post_title":"Estrella Polar","post_excerpt":"","post_status":"publish","comment_status":"closed","ping_status":"closed","post_password":"","post_name":"estrella-polar","to_ping":"","pinged":"","post_modified":"2022-07-28 17:48:09","post_modified_gmt":"2022-07-28 15:48:09","post_content_filtered":"","post_parent":0,"guid":"http:\/\/dev.claret.cat\/editorial\/estrella-polar\/","menu_order":0,"post_type":"editorial","post_mime_type":"","comment_count":"0","filter":"raw"}],"autores-libros":[{"ID":163888,"post_author":"3","post_date":"2022-10-14 17:42:39","post_date_gmt":"2022-10-14 15:42:39","post_content":"","post_title":"MARIE H\u00c9L\u00c8NE PLACE","post_excerpt":"","post_status":"publish","comment_status":"closed","ping_status":"closed","post_password":"","post_name":"marie-helene-place","to_ping":"","pinged":"","post_modified":"2022-10-14 17:42:39","post_modified_gmt":"2022-10-14 15:42:39","post_content_filtered":"","post_parent":0,"guid":"http:\/\/dev.claret.cat\/autor\/marie-helene-place\/","menu_order":0,"post_type":"autor","post_mime_type":"","comment_count":"0","filter":"raw"}],"booktrailer":"","resenas":""},"aioseo_notices":[],"_links":{"self":[{"href":"https:\/\/www.claret.cat\/es\/wp-json\/wp\/v2\/product\/190475","targetHints":{"allow":["GET"]}}],"collection":[{"href":"https:\/\/www.claret.cat\/es\/wp-json\/wp\/v2\/product"}],"about":[{"href":"https:\/\/www.claret.cat\/es\/wp-json\/wp\/v2\/types\/product"}],"wp:featuredmedia":[{"embeddable":true,"href":"https:\/\/www.claret.cat\/es\/wp-json\/wp\/v2\/media\/190476"}],"wp:attachment":[{"href":"https:\/\/www.claret.cat\/es\/wp-json\/wp\/v2\/media?parent=190475"}],"wp:term":[{"taxonomy":"product_brand","embeddable":true,"href":"https:\/\/www.claret.cat\/es\/wp-json\/wp\/v2\/product_brand?post=190475"},{"taxonomy":"product_cat","embeddable":true,"href":"https:\/\/www.claret.cat\/es\/wp-json\/wp\/v2\/product_cat?post=190475"},{"taxonomy":"product_tag","embeddable":true,"href":"https:\/\/www.claret.cat\/es\/wp-json\/wp\/v2\/product_tag?post=190475"}],"curies":[{"name":"wp","href":"https:\/\/api.w.org\/{rel}","templated":true}]}}