{"id":1905,"date":"2022-07-27T21:04:47","date_gmt":"2022-07-27T19:04:47","guid":{"rendered":"http:\/\/dev.claret.cat\/producto\/dema-sera-un-altre-dia-9788498889345\/"},"modified":"2023-01-28T07:19:04","modified_gmt":"2023-01-28T06:19:04","slug":"dema-sera-un-altre-dia-9788498889345","status":"publish","type":"product","link":"https:\/\/www.claret.cat\/es\/libro\/dema-sera-un-altre-dia-9788498889345\/","title":{"rendered":"DEM\u00c0 SER\u00c0 UN ALTRE DIA"},"content":{"rendered":"<p>Joan Mart\u00ednez-Alier ha passat seixanta anys de la seva vida a Catalunya i vint a altres llocs. Ha estat professor d&#8217;economia i hist\u00f2ria econ\u00f2mica a la UAB i \u00e9s investigador de l&#8217;ICTA i codirector de l&#8217;Atlas of Environmental Justice. Aquest llibre documenta la seva traject\u00f2ria des dels estudis agraris cap a l&#8217;economia ecol\u00f2gica (anys 1970) i l&#8217;ecologia pol\u00edtica (anys 1980). Explica la fundaci\u00f3 de la Societat Internacional d&#8217;Economia Ecol\u00f2gica de la que fou president el 2006-07. Ha predicat sobre aquests temes a Barcelona i tamb\u00e9 a Oxford, Stanford, Yale, Berl\u00edn, Cuba, Per\u00fa, Equador (LA FALCSO), M\u00e8xic, Brasil, l&#8217;\u00cdndia, Xina, Jap\u00f3. El llibre t\u00e9 cap\u00edtols sobre els protagonistes de l&#8217;ecologisme llatinoameric\u00e0 i de la hist\u00f2ria socioambiental de l&#8217;\u00cdndia. Parla tamb\u00e9 del latifundisme andal\u00fas i peru\u00e0, de l&#8217;editorial Ruedo ib\u00e9rico de Par\u00eds, de l&#8217;enrabiada del 1977 per l&#8217;autoamnistia dels franquistes, de les revistes Bicicleta i Ecolog\u00eda Pol\u00edtica, de la pol\u00edtica verda, de la satyagraha gloriosa del primer d&#8217;octubre del 2017 a Catalunya. Inclou entrevistes i presenta a m\u00e9s alguns escrits in\u00e8dits. Joan Mart\u00ednez-Alier ha<\/p>\n","protected":false},"excerpt":{"rendered":"<p>MART\u00cdNEZ ALIER, JOAN<\/p>\n","protected":false},"featured_media":66000,"template":"","meta":{"_acf_changed":false,"om_disable_all_campaigns":false,"rs_blank_template":"","rs_page_bg_color":"","slide_template_v7":"","inline_featured_image":false,"_monsterinsights_skip_tracking":false,"_monsterinsights_sitenote_active":false,"_monsterinsights_sitenote_note":"","_monsterinsights_sitenote_category":0},"product_brand":[],"product_cat":[182,378],"product_tag":[],"class_list":{"0":"post-1905","1":"product","2":"type-product","3":"status-publish","4":"has-post-thumbnail","6":"product_cat-social-i-economica","7":"product_cat-social-y-economica","9":"first","10":"instock","11":"taxable","12":"shipping-taxable","13":"purchasable","14":"product-type-simple"},"acf":{"autor":"MART\u00cdNEZ ALIER, JOAN","codart":"849888934","ediciones":"1","encuadernacion":"R\u00fastica","fecha_de_publicacion":"01\/10\/2019","novedad":"1","paginas":"392","subtitulo":"UNA VIDA FENT ECONOMIA ECO\u00d2GICA I ECOLOGIA POL\u00cdTICA","orden":"0","portada":"0","idioma":"cat","libros-coleccion":"Antrazyt","autores-libros":[{"ID":5601,"post_author":"3","post_date":"2022-07-28 17:27:29","post_date_gmt":"2022-07-28 15:27:29","post_content":"","post_title":"JOAN MARTINEZ ALIER","post_excerpt":"","post_status":"publish","comment_status":"closed","ping_status":"closed","post_password":"","post_name":"joan-martinez-alier","to_ping":"","pinged":"","post_modified":"2022-07-28 17:27:29","post_modified_gmt":"2022-07-28 15:27:29","post_content_filtered":"","post_parent":0,"guid":"http:\/\/dev.claret.cat\/autor\/joan-martinez-alier\/","menu_order":0,"post_type":"autor","post_mime_type":"","comment_count":"0","filter":"raw"}],"editorial":[{"ID":6269,"post_author":"3","post_date":"2022-07-28 17:48:34","post_date_gmt":"2022-07-28 15:48:34","post_content":"","post_title":"Icaria editorial","post_excerpt":"","post_status":"publish","comment_status":"closed","ping_status":"closed","post_password":"","post_name":"icaria-editorial","to_ping":"","pinged":"","post_modified":"2022-07-28 17:48:34","post_modified_gmt":"2022-07-28 15:48:34","post_content_filtered":"","post_parent":0,"guid":"http:\/\/dev.claret.cat\/editorial\/icaria-editorial\/","menu_order":0,"post_type":"editorial","post_mime_type":"","comment_count":"0","filter":"raw"}]},"aioseo_notices":[],"_links":{"self":[{"href":"https:\/\/www.claret.cat\/es\/wp-json\/wp\/v2\/product\/1905","targetHints":{"allow":["GET"]}}],"collection":[{"href":"https:\/\/www.claret.cat\/es\/wp-json\/wp\/v2\/product"}],"about":[{"href":"https:\/\/www.claret.cat\/es\/wp-json\/wp\/v2\/types\/product"}],"wp:featuredmedia":[{"embeddable":true,"href":"https:\/\/www.claret.cat\/es\/wp-json\/wp\/v2\/media\/66000"}],"wp:attachment":[{"href":"https:\/\/www.claret.cat\/es\/wp-json\/wp\/v2\/media?parent=1905"}],"wp:term":[{"taxonomy":"product_brand","embeddable":true,"href":"https:\/\/www.claret.cat\/es\/wp-json\/wp\/v2\/product_brand?post=1905"},{"taxonomy":"product_cat","embeddable":true,"href":"https:\/\/www.claret.cat\/es\/wp-json\/wp\/v2\/product_cat?post=1905"},{"taxonomy":"product_tag","embeddable":true,"href":"https:\/\/www.claret.cat\/es\/wp-json\/wp\/v2\/product_tag?post=1905"}],"curies":[{"name":"wp","href":"https:\/\/api.w.org\/{rel}","templated":true}]}}