{"id":19064,"date":"2022-10-01T23:51:52","date_gmt":"2022-10-01T21:51:52","guid":{"rendered":"http:\/\/dev.claret.cat\/producte\/parte-de-mi\/"},"modified":"2023-01-28T18:53:34","modified_gmt":"2023-01-28T17:53:34","slug":"parte-de-mi-9788433999245","status":"publish","type":"product","link":"https:\/\/www.claret.cat\/es\/libro\/parte-de-mi-9788433999245\/","title":{"rendered":"PARTE DE M\u00cd"},"content":{"rendered":"<p>El diario en Instagram de un a\u00f1o de pandemia: lo cotidiano y lo extraordinario contado por una de nuestras mejores narradoras. El lector tiene en sus manos el diario de una escritora durante el primer a\u00f1o de la pandemia. Un diario peculiar, ya que lo escribi\u00f3 en sucesivas entradas de Instagram, bajo el hashtag #ParteDeM\u00ed. La primera entrada es del 17 de abril, un mes despu\u00e9s de que se decretase el confinamiento, y la \u00faltima, del 31 de diciembre. En cada entrada, una imagen: en la primera aparece la caja de los hilos de la abuela, una caja que forma \u00abparte de m\u00ed\u00bb, como el resto de las cosas que ir\u00e1n surgiendo. As\u00ed, se suceden la gata, los libros de la biblioteca, viejas fotograf\u00edas familiares; im\u00e1genes del padre y sus pinturas; la sobrina enfermera; la dama que se esconde al otro lado de ciertas instant\u00e1neas; la escalera que se abre al mundo exterior y el sol en el balconcillo durante el encierro; un plato de macarrones; la portada de una novela de Agatha Christie en una antigua edici\u00f3n de Molino; las fotos de la bisabuela, de la abuela roja, del d\u00eda de la boda; postales de Cyd Charisse, Vivien Leigh y Catherine Deneuve&#8230; La casa y sus rincones se transforman en aventura y objeto de investigaci\u00f3n: el cuerpo, extra\u00f1o y vulnerable, habita un espacio extra\u00f1ado dentro de una realidad extra\u00f1a. Los patos pasean a sus anchas por las calles de Madrid y se escucha el silencio previo al tsunami. M\u00e1s adelante, im\u00e1genes de la recuperaci\u00f3n de la \u00abnueva normalidad\u00bb: un desplazamiento en tren para acudir a un compromiso profesional; la presentaci\u00f3n de un libro en una de las librer\u00edas que luchan por sobrevivir a la crisis; la participaci\u00f3n en una manifestaci\u00f3n por la sanidad p\u00fablica&#8230;Y cada imagen va acompa\u00f1ada de un texto. Al principio son breves, casi fugaces, y progresivamente van ganando volumen y dando entrada a la reflexi\u00f3n. La escritora va apropi\u00e1ndose ir\u00f3nicamente del medio mientras el medio la vampiriza. Glotona, adicta y can\u00edbal, presenta cultura y vida, fuera y dentro, como alimentos y hormonas que activan su metabolismo. Escritura cuerpo. El paso t\u00edmido, cauto, de las palabras se atreve con la carrera vertiginosa. El hilo del costurero de la abuela se tiende hacia el encuentro con los dem\u00e1s para salvar la incertidumbre.Parte de m\u00ed constituye, adem\u00e1s, una original campa\u00f1a publicitaria: peque\u00f1as mujeres rojas, la \u00faltima novela de Marta Sanz, sali\u00f3 a la venta diez d\u00edas antes del confinamiento y sufri\u00f3 su hechizo. Este volumen es la expresi\u00f3n del miedo de una escritora. Del trabajo, la imaginaci\u00f3n y la voluntad que pone para que las amapolas de una portada no se marchiten. Es la b\u00fasqueda, c\u00f3mica y desesperada, del aire y del hilo para salir del laberinto. De la felicidad irrenunciable incluso en tiempos de peste. Este es un texto hecho de retazos de vida, objetos, personas, recuerdos, sensaciones, instantes. Es el diario de la cotidianeidad que sigui\u00f3 fluyendo cuando en nuestras vidas se instal\u00f3 lo extraordinario. Este testimonio, \u00edntimo y com\u00fan, de un a\u00f1o imprevisible demuestra el talento de Marta Sanz para crear una peque\u00f1a joya literaria a partir de lo aparentemente nimio.<\/p>\n","protected":false},"excerpt":{"rendered":"<p>SANZ, MARTA<\/p>\n","protected":false},"featured_media":64726,"template":"","meta":{"_acf_changed":false,"om_disable_all_campaigns":false,"rs_blank_template":"","rs_page_bg_color":"","slide_template_v7":"","inline_featured_image":false,"_monsterinsights_skip_tracking":false,"_monsterinsights_sitenote_active":false,"_monsterinsights_sitenote_note":"","_monsterinsights_sitenote_category":0},"product_brand":[],"product_cat":[127],"product_tag":[],"class_list":{"0":"post-19064","1":"product","2":"type-product","3":"status-publish","4":"has-post-thumbnail","6":"product_cat-novella-contemporania","8":"first","9":"instock","10":"taxable","11":"shipping-taxable","12":"purchasable","13":"product-type-simple"},"acf":{"autor":"SANZ, MARTA","codart":"843399924","libros-coleccion":"Narrativas hisp\u00e1nicas","ediciones":"1","encuadernacion":"R\u00fastica","fecha_de_publicacion":"01\/05\/2021","novedad":"1","paginas":"230","subtitulo":"","orden":"0","portada":"0","idioma":"spa","editorial":[{"ID":6219,"post_author":"3","post_date":"2022-07-28 17:47:26","post_date_gmt":"2022-07-28 15:47:26","post_content":"","post_title":"Editorial Anagrama S.A.","post_excerpt":"","post_status":"publish","comment_status":"closed","ping_status":"closed","post_password":"","post_name":"editorial-anagrama-s-a","to_ping":"","pinged":"","post_modified":"2022-07-28 17:47:26","post_modified_gmt":"2022-07-28 15:47:26","post_content_filtered":"","post_parent":0,"guid":"http:\/\/dev.claret.cat\/editorial\/editorial-anagrama-s-a\/","menu_order":0,"post_type":"editorial","post_mime_type":"","comment_count":"0","filter":"raw"}],"autores-libros":[{"ID":164220,"post_author":"3","post_date":"2022-10-14 17:45:20","post_date_gmt":"2022-10-14 15:45:20","post_content":"","post_title":"MARTA SANZ","post_excerpt":"","post_status":"publish","comment_status":"closed","ping_status":"closed","post_password":"","post_name":"marta-sanz","to_ping":"","pinged":"","post_modified":"2022-10-14 17:45:20","post_modified_gmt":"2022-10-14 15:45:20","post_content_filtered":"","post_parent":0,"guid":"http:\/\/dev.claret.cat\/autor\/marta-sanz\/","menu_order":0,"post_type":"autor","post_mime_type":"","comment_count":"0","filter":"raw"}]},"aioseo_notices":[],"_links":{"self":[{"href":"https:\/\/www.claret.cat\/es\/wp-json\/wp\/v2\/product\/19064","targetHints":{"allow":["GET"]}}],"collection":[{"href":"https:\/\/www.claret.cat\/es\/wp-json\/wp\/v2\/product"}],"about":[{"href":"https:\/\/www.claret.cat\/es\/wp-json\/wp\/v2\/types\/product"}],"wp:featuredmedia":[{"embeddable":true,"href":"https:\/\/www.claret.cat\/es\/wp-json\/wp\/v2\/media\/64726"}],"wp:attachment":[{"href":"https:\/\/www.claret.cat\/es\/wp-json\/wp\/v2\/media?parent=19064"}],"wp:term":[{"taxonomy":"product_brand","embeddable":true,"href":"https:\/\/www.claret.cat\/es\/wp-json\/wp\/v2\/product_brand?post=19064"},{"taxonomy":"product_cat","embeddable":true,"href":"https:\/\/www.claret.cat\/es\/wp-json\/wp\/v2\/product_cat?post=19064"},{"taxonomy":"product_tag","embeddable":true,"href":"https:\/\/www.claret.cat\/es\/wp-json\/wp\/v2\/product_tag?post=19064"}],"curies":[{"name":"wp","href":"https:\/\/api.w.org\/{rel}","templated":true}]}}