{"id":190664,"date":"2022-10-20T06:08:37","date_gmt":"2022-10-20T04:08:37","guid":{"rendered":"http:\/\/dev.claret.cat\/producte\/el-navegant-2\/"},"modified":"2024-01-31T18:56:40","modified_gmt":"2024-01-31T17:56:40","slug":"el-navegant-9788417031879","status":"publish","type":"product","link":"https:\/\/www.claret.cat\/es\/libro\/el-navegant-9788417031879\/","title":{"rendered":"EL NAVEGANT"},"content":{"rendered":"<p>El protagonista d\u2019aquesta novel\u00b7la d\u2019aventures \u00e9s curi\u00f3s i inexpert, per\u00f2 t\u00e9 un do ins\u00f2lit, gaireb\u00e9 sobrenatural, que el fa ser diferent de totes les altres persones. I tamb\u00e9 t\u00e9 una passi\u00f3 sense l\u00edmits per les lleng\u00fces del m\u00f3n. Es diu Assiscle Xatot i viu a Perpiny\u00e0, a mitjan segle XIX. El seu do i la seva passi\u00f3 el portaran per camins que mai no hauria sospitat, fins al Par\u00eds enc\u00e8s de la guerra franco-prussiana i la revoluci\u00f3 de la Comuna. Una mica m\u00e9s tard, el vent de l\u2019aventura el dur\u00e0 fins a la llunyana Nova Caled\u00f2nia, on, entre colons europeus i ind\u00edgenes canacs, ser\u00e0 posat a prova diversos cops per aconseguir sobreviure. Lluny de les seves terres i de la seva estimada Josefa, es preguntar\u00e0: de qu\u00e8 serveix tenir un do, si nom\u00e9s comporta maldecaps i complicacions de tota mena?<\/p>\n","protected":false},"excerpt":{"rendered":"<p>LLU\u00cdS, JOAN-LLU\u00cdS<\/p>\n","protected":false},"featured_media":190665,"template":"","meta":{"_acf_changed":false,"om_disable_all_campaigns":false,"rs_blank_template":"","rs_page_bg_color":"","slide_template_v7":"","inline_featured_image":false,"_monsterinsights_skip_tracking":false,"_monsterinsights_sitenote_active":false,"_monsterinsights_sitenote_note":"","_monsterinsights_sitenote_category":0},"product_brand":[],"product_cat":[87,353],"product_tag":[],"class_list":{"0":"post-190664","1":"product","2":"type-product","3":"status-publish","4":"has-post-thumbnail","6":"product_cat-literatura","7":"product_cat-literatura-2_humanidades","9":"first","10":"instock","11":"taxable","12":"shipping-taxable","13":"purchasable","14":"product-type-simple"},"acf":{"autor":"LLU\u00cdS, JOAN-LLU\u00cdS","codart":"841703187","libros-coleccion":"LABUTXACA","ediciones":"1","encuadernacion":"R\u00fastica","fecha_de_publicacion":"01\/02\/2018","novedad":"1","paginas":"352","subtitulo":"","orden":"0","portada":"0","idioma":"cat","editorial":[{"ID":6281,"post_author":"3","post_date":"2022-07-28 17:48:50","post_date_gmt":"2022-07-28 15:48:50","post_content":"","post_title":"LABUTXACA","post_excerpt":"","post_status":"publish","comment_status":"closed","ping_status":"closed","post_password":"","post_name":"labutxaca","to_ping":"","pinged":"","post_modified":"2022-07-28 17:48:50","post_modified_gmt":"2022-07-28 15:48:50","post_content_filtered":"","post_parent":0,"guid":"http:\/\/dev.claret.cat\/editorial\/labutxaca\/","menu_order":0,"post_type":"editorial","post_mime_type":"","comment_count":"0","filter":"raw"}],"autores-libros":[{"ID":159468,"post_author":"3","post_date":"2022-10-14 15:45:05","post_date_gmt":"2022-10-14 13:45:05","post_content":"","post_title":"JOAN-LLUIS LLUIS","post_excerpt":"","post_status":"publish","comment_status":"closed","ping_status":"closed","post_password":"","post_name":"joan-lluis-lluis-3","to_ping":"","pinged":"","post_modified":"2022-10-14 15:45:05","post_modified_gmt":"2022-10-14 13:45:05","post_content_filtered":"","post_parent":0,"guid":"http:\/\/dev.claret.cat\/autor\/joan-lluis-lluis-3\/","menu_order":0,"post_type":"autor","post_mime_type":"","comment_count":"0","filter":"raw"}]},"aioseo_notices":[],"_links":{"self":[{"href":"https:\/\/www.claret.cat\/es\/wp-json\/wp\/v2\/product\/190664","targetHints":{"allow":["GET"]}}],"collection":[{"href":"https:\/\/www.claret.cat\/es\/wp-json\/wp\/v2\/product"}],"about":[{"href":"https:\/\/www.claret.cat\/es\/wp-json\/wp\/v2\/types\/product"}],"wp:featuredmedia":[{"embeddable":true,"href":"https:\/\/www.claret.cat\/es\/wp-json\/wp\/v2\/media\/190665"}],"wp:attachment":[{"href":"https:\/\/www.claret.cat\/es\/wp-json\/wp\/v2\/media?parent=190664"}],"wp:term":[{"taxonomy":"product_brand","embeddable":true,"href":"https:\/\/www.claret.cat\/es\/wp-json\/wp\/v2\/product_brand?post=190664"},{"taxonomy":"product_cat","embeddable":true,"href":"https:\/\/www.claret.cat\/es\/wp-json\/wp\/v2\/product_cat?post=190664"},{"taxonomy":"product_tag","embeddable":true,"href":"https:\/\/www.claret.cat\/es\/wp-json\/wp\/v2\/product_tag?post=190664"}],"curies":[{"name":"wp","href":"https:\/\/api.w.org\/{rel}","templated":true}]}}