{"id":190706,"date":"2022-10-20T06:09:20","date_gmt":"2022-10-20T04:09:20","guid":{"rendered":"http:\/\/dev.claret.cat\/producte\/el-dia-3\/"},"modified":"2023-01-28T17:00:28","modified_gmt":"2023-01-28T16:00:28","slug":"el-dia-3-9788416880485","status":"publish","type":"product","link":"https:\/\/www.claret.cat\/es\/libro\/el-dia-3-9788416880485\/","title":{"rendered":"EL D\u00cdA 3"},"content":{"rendered":"<p>El 3 de julio de 2006, a cinco d\u00edas de la visita del papa Benedicto XVI, el subsuelo de Valencia viv\u00eda el peor accidente de metro de la historia de Espa\u00f1a. Las v\u00edas de la estaci\u00f3n de Jes\u00fas se cobraron 43 vidas, hirieron de gravedad a 47 personas y dejaron rotas a centenares de familias. En la superficie, los representantes institucionales se daban prisa en pasar p\u00e1gina ante la inminente llegada del sumo pont\u00edfice. La versi\u00f3n oficial de la fatalidad se impon\u00eda, el blindaje gubernamental obstaculizaba las investigaciones y una densa capa de olvido se extend\u00eda sobre la tragedia.<br \/> Sin embargo, ante el abandono por parte de las instituciones, las v\u00edctimas siempre mantuvieron la dignidad y la esperanza. Mes tras mes, durante casi diez a\u00f1os, se concentraron en la plaza de la Virgen en busca de justicia.<br \/> &#8221;El d\u00eda 3&#8221; es la historia de una lucha contra el silencio, el olvido y contra la mentira programada. &#8221;El d\u00eda 3&#8221; es la historia de la lucha de unas familias, como la tuya o la m\u00eda, que se vieron obligadas por las circunstancias a movilizarse en busca de respuestas. &#8221;El d\u00eda 3&#8221; es la historia de una gran ola de solidaridad, del despertar de una sociedad.<br \/> Para la realizaci\u00f3n de esta novela gr\u00e1fica, los autores se han basado en las investigaciones de Laura Ballester, reflejadas en el libro &#8221;Luchando contra el olvido, el largo camino de las v\u00edctimas del metro de Valencia&#8221; (Sembra Llibres, 2015). Tambi\u00e9n se apoyaron en el trabajo de la productora Barret Cooperativa Valenciana, recopilado en su web 0responsables, y en el documental La estrategia del silencio. Los autores han contado, adem\u00e1s, con el apoyo y el asesoramiento de la AVM3J (Asociaci\u00f3n de V\u00edctimas del Metro 3 de Julio). Esta obra gan\u00f3 el Premi Ciutat de Palma de C\u00f2mic de 2016.<\/p>\n","protected":false},"excerpt":{"rendered":"<p>CRISTINA DUR\u00c1N \/ GINER BOU, MIGUEL \u00c1NGEL \/ BALLESTER, LAURA<\/p>\n","protected":false},"featured_media":190707,"template":"","meta":{"_acf_changed":false,"om_disable_all_campaigns":false,"rs_blank_template":"","rs_page_bg_color":"","slide_template_v7":"","inline_featured_image":false,"_monsterinsights_skip_tracking":false,"_monsterinsights_sitenote_active":false,"_monsterinsights_sitenote_note":"","_monsterinsights_sitenote_category":0},"product_brand":[],"product_cat":[108],"product_tag":[],"class_list":{"0":"post-190706","1":"product","2":"type-product","3":"status-publish","4":"has-post-thumbnail","6":"product_cat-comic","8":"first","9":"instock","10":"taxable","11":"shipping-taxable","12":"purchasable","13":"product-type-simple"},"acf":{"autor":"CRISTINA DUR\u00c1N \/ GINER BOU, MIGUEL \u00c1NGEL \/ BALLESTER, LAURA","codart":"841688048","libros-coleccion":"Sill\u00f3n Orejero","ediciones":"1","encuadernacion":"Carton\u00e9","fecha_de_publicacion":"01\/02\/2018","novedad":"1","paginas":"0","subtitulo":"","orden":"0","portada":"0","idioma":"spa","editorial":[{"ID":6130,"post_author":"3","post_date":"2022-07-28 17:45:32","post_date_gmt":"2022-07-28 15:45:32","post_content":"","post_title":"ASTIBERRI EDICIONES","post_excerpt":"","post_status":"publish","comment_status":"closed","ping_status":"closed","post_password":"","post_name":"astiberri-ediciones","to_ping":"","pinged":"","post_modified":"2022-07-28 17:45:32","post_modified_gmt":"2022-07-28 15:45:32","post_content_filtered":"","post_parent":0,"guid":"http:\/\/dev.claret.cat\/editorial\/astiberri-ediciones\/","menu_order":0,"post_type":"editorial","post_mime_type":"","comment_count":"0","filter":"raw"}],"autores-libros":[{"ID":164926,"post_author":"3","post_date":"2022-10-14 17:50:59","post_date_gmt":"2022-10-14 15:50:59","post_content":"","post_title":"MIGUEL \u00c1NGEL GINER BOU","post_excerpt":"","post_status":"publish","comment_status":"closed","ping_status":"closed","post_password":"","post_name":"miguel-angel-giner-bou","to_ping":"","pinged":"","post_modified":"2022-10-14 17:50:59","post_modified_gmt":"2022-10-14 15:50:59","post_content_filtered":"","post_parent":0,"guid":"http:\/\/dev.claret.cat\/autor\/miguel-angel-giner-bou\/","menu_order":0,"post_type":"autor","post_mime_type":"","comment_count":"0","filter":"raw"},{"ID":153339,"post_author":"3","post_date":"2022-10-14 14:55:59","post_date_gmt":"2022-10-14 12:55:59","post_content":"","post_title":"CRISTINA DUR\u00c1N","post_excerpt":"","post_status":"publish","comment_status":"closed","ping_status":"closed","post_password":"","post_name":"cristina-duran","to_ping":"","pinged":"","post_modified":"2022-10-14 14:55:59","post_modified_gmt":"2022-10-14 12:55:59","post_content_filtered":"","post_parent":0,"guid":"http:\/\/dev.claret.cat\/autor\/cristina-duran\/","menu_order":0,"post_type":"autor","post_mime_type":"","comment_count":"0","filter":"raw"}]},"aioseo_notices":[],"_links":{"self":[{"href":"https:\/\/www.claret.cat\/es\/wp-json\/wp\/v2\/product\/190706","targetHints":{"allow":["GET"]}}],"collection":[{"href":"https:\/\/www.claret.cat\/es\/wp-json\/wp\/v2\/product"}],"about":[{"href":"https:\/\/www.claret.cat\/es\/wp-json\/wp\/v2\/types\/product"}],"wp:featuredmedia":[{"embeddable":true,"href":"https:\/\/www.claret.cat\/es\/wp-json\/wp\/v2\/media\/190707"}],"wp:attachment":[{"href":"https:\/\/www.claret.cat\/es\/wp-json\/wp\/v2\/media?parent=190706"}],"wp:term":[{"taxonomy":"product_brand","embeddable":true,"href":"https:\/\/www.claret.cat\/es\/wp-json\/wp\/v2\/product_brand?post=190706"},{"taxonomy":"product_cat","embeddable":true,"href":"https:\/\/www.claret.cat\/es\/wp-json\/wp\/v2\/product_cat?post=190706"},{"taxonomy":"product_tag","embeddable":true,"href":"https:\/\/www.claret.cat\/es\/wp-json\/wp\/v2\/product_tag?post=190706"}],"curies":[{"name":"wp","href":"https:\/\/api.w.org\/{rel}","templated":true}]}}