{"id":190748,"date":"2022-10-20T06:10:01","date_gmt":"2022-10-20T04:10:01","guid":{"rendered":"http:\/\/dev.claret.cat\/producte\/bajo-cielos-lejanos-2\/"},"modified":"2023-01-28T22:43:47","modified_gmt":"2023-01-28T21:43:47","slug":"bajo-cielos-lejanos-9788466661164","status":"publish","type":"product","link":"https:\/\/www.claret.cat\/es\/libro\/bajo-cielos-lejanos-9788466661164\/","title":{"rendered":"BAJO CIELOS LEJANOS"},"content":{"rendered":"<p>Una emocionante novela sobre un dram\u00e1tico secreto familiar. Sarah Lark, reina del best seller internacional, relata una historia sobre la verdad y el silencio, sobre decisiones err\u00f3neas y correctas, sobre la confianza y el amor. Hamburgo, en la actualidad: la periodista alemana Stephanie naci\u00f3 y creci\u00f3 en Nueva Zelanda. Pero ha perdido cualquier recuerdo sobre sus  primeros a\u00f1os de vida ah\u00ed. Ahora deber\u00e1 volver al pa\u00eds de su infancia y recuperar su pasado.Ah\u00ed descubre la existencia del diario de una joven maor\u00ed del siglo  pasado, cuya dram\u00e1tica historia tiene una profunda influencia sobre los hechos del presente. En su viaje por Nueva Zelanda la acompa\u00f1ar\u00e1 el carism\u00e1tico y atractivo maor\u00ed Weru, que la ayudar\u00e1 no solo a descubrir secretos familiares escondidos durante mucho tiempo, sino tambi\u00e9n emociones que Stephanie nunca se hab\u00eda atrevido a conocer.<\/p>\n","protected":false},"excerpt":{"rendered":"<p>SARAH LARK<\/p>\n","protected":false},"featured_media":190749,"template":"","meta":{"_acf_changed":false,"om_disable_all_campaigns":false,"rs_blank_template":"","rs_page_bg_color":"","slide_template_v7":"","inline_featured_image":false,"_monsterinsights_skip_tracking":false,"_monsterinsights_sitenote_active":false,"_monsterinsights_sitenote_note":"","_monsterinsights_sitenote_category":0},"product_brand":[],"product_cat":[87],"product_tag":[],"class_list":{"0":"post-190748","1":"product","2":"type-product","3":"status-publish","4":"has-post-thumbnail","6":"product_cat-literatura","8":"first","9":"instock","10":"taxable","11":"shipping-taxable","12":"purchasable","13":"product-type-simple"},"acf":{"autor":"SARAH LARK","codart":"846666116","libros-coleccion":"FORA DE COL.LECCI\u00d3","ediciones":"1","encuadernacion":"Carton\u00e9","fecha_de_publicacion":"01\/02\/2018","novedad":"1","paginas":"656","subtitulo":"","orden":"0","portada":"0","idioma":"spa","editorial":[{"ID":6200,"post_author":"3","post_date":"2022-07-28 17:47:00","post_date_gmt":"2022-07-28 15:47:00","post_content":"","post_title":"EDICIONES B","post_excerpt":"","post_status":"publish","comment_status":"closed","ping_status":"closed","post_password":"","post_name":"ediciones-b","to_ping":"","pinged":"","post_modified":"2022-07-28 17:47:00","post_modified_gmt":"2022-07-28 15:47:00","post_content_filtered":"","post_parent":0,"guid":"http:\/\/dev.claret.cat\/editorial\/ediciones-b\/","menu_order":0,"post_type":"editorial","post_mime_type":"","comment_count":"0","filter":"raw"}],"autores-libros":[{"ID":169150,"post_author":"3","post_date":"2022-10-14 22:24:52","post_date_gmt":"2022-10-14 20:24:52","post_content":"","post_title":"SARAH LARK","post_excerpt":"","post_status":"publish","comment_status":"closed","ping_status":"closed","post_password":"","post_name":"sarah-lark-2","to_ping":"","pinged":"","post_modified":"2022-10-14 22:24:52","post_modified_gmt":"2022-10-14 20:24:52","post_content_filtered":"","post_parent":0,"guid":"http:\/\/dev.claret.cat\/autor\/sarah-lark-2\/","menu_order":0,"post_type":"autor","post_mime_type":"","comment_count":"0","filter":"raw"}]},"aioseo_notices":[],"_links":{"self":[{"href":"https:\/\/www.claret.cat\/es\/wp-json\/wp\/v2\/product\/190748","targetHints":{"allow":["GET"]}}],"collection":[{"href":"https:\/\/www.claret.cat\/es\/wp-json\/wp\/v2\/product"}],"about":[{"href":"https:\/\/www.claret.cat\/es\/wp-json\/wp\/v2\/types\/product"}],"wp:featuredmedia":[{"embeddable":true,"href":"https:\/\/www.claret.cat\/es\/wp-json\/wp\/v2\/media\/190749"}],"wp:attachment":[{"href":"https:\/\/www.claret.cat\/es\/wp-json\/wp\/v2\/media?parent=190748"}],"wp:term":[{"taxonomy":"product_brand","embeddable":true,"href":"https:\/\/www.claret.cat\/es\/wp-json\/wp\/v2\/product_brand?post=190748"},{"taxonomy":"product_cat","embeddable":true,"href":"https:\/\/www.claret.cat\/es\/wp-json\/wp\/v2\/product_cat?post=190748"},{"taxonomy":"product_tag","embeddable":true,"href":"https:\/\/www.claret.cat\/es\/wp-json\/wp\/v2\/product_tag?post=190748"}],"curies":[{"name":"wp","href":"https:\/\/api.w.org\/{rel}","templated":true}]}}