{"id":190760,"date":"2022-10-20T06:10:12","date_gmt":"2022-10-20T04:10:12","guid":{"rendered":"http:\/\/dev.claret.cat\/producte\/ocells-rapinyaires-de-catalunya\/"},"modified":"2024-12-31T11:40:31","modified_gmt":"2024-12-31T10:40:31","slug":"ocells-rapinyaires-de-catalunya-9788490346785","status":"publish","type":"product","link":"https:\/\/www.claret.cat\/es\/libro\/ocells-rapinyaires-de-catalunya-9788490346785\/","title":{"rendered":"OCELLS RAPINYAIRES DE CATALUNYA"},"content":{"rendered":"<p>A les nostres terres trobem una varietat molt notable d&#8217;aquests predadors fascinants, que de seguida capten la nostra atenci\u00f3. Molts d&#8217;ells tenen una mida imponent, s\u00f3n relativament escassos, ca\u00e7adors -sovint de bestioles que malmetrien conreus-, i per aix\u00f2 estan tots protegits per la llei.  En aquesta guia trobareu totes les esp\u00e8cies de rapinyaires di\u00fcrns i nocturns amb pres\u00e8ncia regular a Catalunya, i una bona selecci\u00f3 de les visitants ocasionals. Apareixen il\u00b7lustrades amb tot detall: parades, volant i, en el cas que puguem recon\u00e8ixer-les al camp, les variants de plomatge de femelles, mascles i joves. Un text breu i conc\u00eds i unes icones amb molta informaci\u00f3 complement\u00e0ria ens ajudaran a con\u00e8ixer els seus h\u00e0bits, a localitzar-les i identificar-les. Tamb\u00e9 s&#8217;il\u00b7lustren les egagr\u00f2piles i les siluetes de vol de totes les esp\u00e8cies di\u00fcrnes, juntes i a escala.  Cada vegada que albirem un rapinyaire, no podem evitar sentir una emoci\u00f3 especial. Amb aquesta guia aprendrem a posar nom a aquella silueta que ens sobrevola, a aquella visi\u00f3 fuga\u00e7 entre les cap\u00e7ades, a aquell so misteri\u00f3s que se sent a dins el bosc, fins i tot. Saber quins s\u00f3n els nostres rapinyaires ser\u00e0 un primer pas per valorar-los, estimar-los i conservar-los.<\/p>\n","protected":false},"excerpt":{"rendered":"<p>LLOBET FRAN\u00c7OIS, TONI \/ COPETE, JOS\u00c9 LUIS<\/p>\n","protected":false},"featured_media":996647,"template":"","meta":{"_acf_changed":false,"om_disable_all_campaigns":false,"rs_blank_template":"","rs_page_bg_color":"","slide_template_v7":"","inline_featured_image":false,"_monsterinsights_skip_tracking":false,"_monsterinsights_sitenote_active":false,"_monsterinsights_sitenote_note":"","_monsterinsights_sitenote_category":0},"product_brand":[],"product_cat":[90,540],"product_tag":[],"class_list":{"0":"post-190760","1":"product","2":"type-product","3":"status-publish","4":"has-post-thumbnail","6":"product_cat-altres","7":"product_cat-otros","9":"first","10":"instock","11":"taxable","12":"shipping-taxable","13":"purchasable","14":"product-type-simple"},"acf":{"autor":"LLOBET FRAN\u00c7OIS, TONI \/ COPETE, JOS\u00c9 LUIS","codart":"849034678","libros-coleccion":"FORA DE COL.LECCI\u00d3","ediciones":"1","encuadernacion":"R\u00fastica","fecha_de_publicacion":"01\/02\/2018","novedad":"1","paginas":"2","subtitulo":"","orden":"0","portada":"0","idioma":"cat","editorial":[{"ID":6171,"post_author":"3","post_date":"2022-07-28 17:46:25","post_date_gmt":"2022-07-28 15:46:25","post_content":"","post_title":"COSSETANIA EDICIONS","post_excerpt":"","post_status":"publish","comment_status":"closed","ping_status":"closed","post_password":"","post_name":"cossetania-edicions","to_ping":"","pinged":"","post_modified":"2022-07-28 17:46:25","post_modified_gmt":"2022-07-28 15:46:25","post_content_filtered":"","post_parent":0,"guid":"http:\/\/dev.claret.cat\/editorial\/cossetania-edicions\/","menu_order":0,"post_type":"editorial","post_mime_type":"","comment_count":"0","filter":"raw"}],"autores-libros":[{"ID":170546,"post_author":"3","post_date":"2022-10-14 22:36:13","post_date_gmt":"2022-10-14 20:36:13","post_content":"","post_title":"TONI LLOBET FRAN\u00c7OIS","post_excerpt":"","post_status":"publish","comment_status":"closed","ping_status":"closed","post_password":"","post_name":"toni-llobet-francois","to_ping":"","pinged":"","post_modified":"2022-10-14 22:36:13","post_modified_gmt":"2022-10-14 20:36:13","post_content_filtered":"","post_parent":0,"guid":"http:\/\/dev.claret.cat\/autor\/toni-llobet-francois\/","menu_order":0,"post_type":"autor","post_mime_type":"","comment_count":"0","filter":"raw"},{"ID":160318,"post_author":"3","post_date":"2022-10-14 15:52:06","post_date_gmt":"2022-10-14 13:52:06","post_content":"","post_title":"JOS\u00c9 LUIS COPETE","post_excerpt":"","post_status":"publish","comment_status":"closed","ping_status":"closed","post_password":"","post_name":"jose-luis-copete","to_ping":"","pinged":"","post_modified":"2022-10-14 15:52:06","post_modified_gmt":"2022-10-14 13:52:06","post_content_filtered":"","post_parent":0,"guid":"http:\/\/dev.claret.cat\/autor\/jose-luis-copete\/","menu_order":0,"post_type":"autor","post_mime_type":"","comment_count":"0","filter":"raw"}]},"aioseo_notices":[],"_links":{"self":[{"href":"https:\/\/www.claret.cat\/es\/wp-json\/wp\/v2\/product\/190760","targetHints":{"allow":["GET"]}}],"collection":[{"href":"https:\/\/www.claret.cat\/es\/wp-json\/wp\/v2\/product"}],"about":[{"href":"https:\/\/www.claret.cat\/es\/wp-json\/wp\/v2\/types\/product"}],"wp:featuredmedia":[{"embeddable":true,"href":"https:\/\/www.claret.cat\/es\/wp-json\/wp\/v2\/media\/996647"}],"wp:attachment":[{"href":"https:\/\/www.claret.cat\/es\/wp-json\/wp\/v2\/media?parent=190760"}],"wp:term":[{"taxonomy":"product_brand","embeddable":true,"href":"https:\/\/www.claret.cat\/es\/wp-json\/wp\/v2\/product_brand?post=190760"},{"taxonomy":"product_cat","embeddable":true,"href":"https:\/\/www.claret.cat\/es\/wp-json\/wp\/v2\/product_cat?post=190760"},{"taxonomy":"product_tag","embeddable":true,"href":"https:\/\/www.claret.cat\/es\/wp-json\/wp\/v2\/product_tag?post=190760"}],"curies":[{"name":"wp","href":"https:\/\/api.w.org\/{rel}","templated":true}]}}