{"id":190766,"date":"2022-10-20T06:10:19","date_gmt":"2022-10-20T04:10:19","guid":{"rendered":"http:\/\/dev.claret.cat\/producte\/dies-que-duraran-anys\/"},"modified":"2023-01-28T04:29:41","modified_gmt":"2023-01-28T03:29:41","slug":"dies-que-duraran-anys-9788416915446","status":"publish","type":"product","link":"https:\/\/www.claret.cat\/es\/libro\/dies-que-duraran-anys-9788416915446\/","title":{"rendered":"DIES QUE DURARAN ANYS"},"content":{"rendered":"<p>Les impactants imatges de l&#8217;1 d&#8217;octubre per sempre m\u00e9s. Fotografies de Jordi Borr\u00e0s amb textos d\u2019escriptors i escriptores de reconegut talent<br \/>Els fets esdevinguts el dia 1 d\u2019octubre de 2017 quedaran gravats per sempre en la mem\u00f2ria col\u00b7lectiva de diverses generacions de catalans. L\u2019ast\u00facia popular a l\u2019hora de custodiar urnes i paperetes, les primeres detencions de c\u00e0rrecs p\u00fablics, la mobilitzaci\u00f3 general de la societat, la viol\u00e8ncia policial, la resist\u00e8ncia pac\u00edfica i el desencadenament dels fets politicojudicials que se\u2019n desprenen acompanyaran per sempre a molts, i perseguiran tota la vida uns altres. S\u00f3n moltes les imatges ic\u00f2niques que va deixar la tardor del 2017. Una selecci\u00f3 de fotografies que Jordi Borr\u00e0s acompanyades de textos d\u2019escriptors i escriptores de rede reconegut talent que, com tots nosaltres, van viure aquells dies amb una estranya barreja de joia, horror i, sobretot, dignitat.<\/p>\n","protected":false},"excerpt":{"rendered":"<p>BORR\u00c0S I ABELL\u00d3, JORDI<\/p>\n","protected":false},"featured_media":190767,"template":"","meta":{"_acf_changed":false,"om_disable_all_campaigns":false,"rs_blank_template":"","rs_page_bg_color":"","slide_template_v7":"","inline_featured_image":false,"_monsterinsights_skip_tracking":false,"_monsterinsights_sitenote_active":false,"_monsterinsights_sitenote_note":"","_monsterinsights_sitenote_category":0},"product_brand":[],"product_cat":[85,105],"product_tag":[],"class_list":{"0":"post-190766","1":"product","2":"type-product","3":"status-publish","4":"has-post-thumbnail","6":"product_cat-historia","7":"product_cat-regal","9":"first","10":"instock","11":"taxable","12":"shipping-taxable","13":"purchasable","14":"product-type-simple"},"acf":{"autor":"BORR\u00c0S I ABELL\u00d3, JORDI","codart":"841691544","libros-coleccion":"Ara Llibres","ediciones":"1","encuadernacion":"Carton\u00e9","fecha_de_publicacion":"01\/02\/2018","novedad":"0","paginas":"204","subtitulo":"","orden":"0","portada":"0","idioma":"cat","editorial":[{"ID":147452,"post_author":"3","post_date":"2022-10-14 11:50:41","post_date_gmt":"2022-10-14 09:50:41","post_content":"","post_title":"Ara","post_excerpt":"","post_status":"publish","comment_status":"closed","ping_status":"closed","post_password":"","post_name":"ara","to_ping":"","pinged":"","post_modified":"2022-10-14 11:50:41","post_modified_gmt":"2022-10-14 09:50:41","post_content_filtered":"","post_parent":0,"guid":"http:\/\/dev.claret.cat\/editorial\/ara\/","menu_order":0,"post_type":"editorial","post_mime_type":"","comment_count":"0","filter":"raw"}],"autores-libros":[{"ID":159842,"post_author":"3","post_date":"2022-10-14 15:48:10","post_date_gmt":"2022-10-14 13:48:10","post_content":"","post_title":"JORDI BORR\u00c0S I ABELL\u00d3","post_excerpt":"","post_status":"publish","comment_status":"closed","ping_status":"closed","post_password":"","post_name":"jordi-borras-i-abello","to_ping":"","pinged":"","post_modified":"2022-10-14 15:48:10","post_modified_gmt":"2022-10-14 13:48:10","post_content_filtered":"","post_parent":0,"guid":"http:\/\/dev.claret.cat\/autor\/jordi-borras-i-abello\/","menu_order":0,"post_type":"autor","post_mime_type":"","comment_count":"0","filter":"raw"}]},"aioseo_notices":[],"_links":{"self":[{"href":"https:\/\/www.claret.cat\/es\/wp-json\/wp\/v2\/product\/190766","targetHints":{"allow":["GET"]}}],"collection":[{"href":"https:\/\/www.claret.cat\/es\/wp-json\/wp\/v2\/product"}],"about":[{"href":"https:\/\/www.claret.cat\/es\/wp-json\/wp\/v2\/types\/product"}],"wp:featuredmedia":[{"embeddable":true,"href":"https:\/\/www.claret.cat\/es\/wp-json\/wp\/v2\/media\/190767"}],"wp:attachment":[{"href":"https:\/\/www.claret.cat\/es\/wp-json\/wp\/v2\/media?parent=190766"}],"wp:term":[{"taxonomy":"product_brand","embeddable":true,"href":"https:\/\/www.claret.cat\/es\/wp-json\/wp\/v2\/product_brand?post=190766"},{"taxonomy":"product_cat","embeddable":true,"href":"https:\/\/www.claret.cat\/es\/wp-json\/wp\/v2\/product_cat?post=190766"},{"taxonomy":"product_tag","embeddable":true,"href":"https:\/\/www.claret.cat\/es\/wp-json\/wp\/v2\/product_tag?post=190766"}],"curies":[{"name":"wp","href":"https:\/\/api.w.org\/{rel}","templated":true}]}}