{"id":190838,"date":"2022-10-20T06:11:34","date_gmt":"2022-10-20T04:11:34","guid":{"rendered":"http:\/\/dev.claret.cat\/producte\/irina\/"},"modified":"2023-01-28T01:25:06","modified_gmt":"2023-01-28T00:25:06","slug":"irina-9788494819100","status":"publish","type":"product","link":"https:\/\/www.claret.cat\/es\/libro\/irina-9788494819100\/","title":{"rendered":"IRINA"},"content":{"rendered":"<p>Una ni\u00f1a que sobrevivi\u00f3 al silencio y a la distancia, una novela sobre la tragedia del exilio republicano en Rusia.<br \/>Asunci\u00f3n fue una de aquellas ni\u00f1as republicanas que embarc\u00f3 hacia Rusia en 1937 para huir del infierno de la guerra civil. Irina es un mujer hecha a s\u00ed misma, que lucha contra la nostalgia y el recuerdo y empieza de cero en una sociedad desconocida. De forma totalmente inesperada, Santiago Cadavieco, demasiado joven para sentirse tan viejo, asocial y esc\u00e9ptico, entra en contacto con el pasado de Irina, a trav\u00e9s de Oxana, una atractiva rubia reci\u00e9n llegada de Mosc\u00fa. Santiago contempla perplejo como todas sus rutinas?y sus m\u00e1s \u00edntimas convicciones saltan por los aires cuando Oxana pone su vida patas arriba. Casi sin darse cuenta, Santiago, que solo aspira a transitar por la vida sin sobresaltos, se convierte en c\u00f3mplice de una huida a vida o muerte<\/p>\n","protected":false},"excerpt":{"rendered":"<p>FERN\u00c1NDEZ, EMPAR<\/p>\n","protected":false},"featured_media":190839,"template":"","meta":{"_acf_changed":false,"om_disable_all_campaigns":false,"rs_blank_template":"","rs_page_bg_color":"","slide_template_v7":"","inline_featured_image":false,"_monsterinsights_skip_tracking":false,"_monsterinsights_sitenote_active":false,"_monsterinsights_sitenote_note":"","_monsterinsights_sitenote_category":0},"product_brand":[],"product_cat":[87],"product_tag":[],"class_list":{"0":"post-190838","1":"product","2":"type-product","3":"status-publish","4":"has-post-thumbnail","6":"product_cat-literatura","8":"first","9":"instock","10":"taxable","11":"shipping-taxable","12":"purchasable","13":"product-type-simple"},"acf":{"autor":"FERN\u00c1NDEZ, EMPAR","codart":"849481910","libros-coleccion":"Narrativa","ediciones":"1","encuadernacion":"R\u00fastica","fecha_de_publicacion":"01\/02\/2018","novedad":"1","paginas":"302","subtitulo":"UNA NI\u00d1A QUE SOBREVIVI\u00d3 AL SILENCIO Y A LA DISTANCIA, UNA NOVELA SOBRE LA TRAGED","orden":"0","portada":"0","idioma":"spa","editorial":[{"ID":147863,"post_author":"3","post_date":"2022-10-14 11:53:47","post_date_gmt":"2022-10-14 09:53:47","post_content":"","post_title":"EDICIONES VERSATIL","post_excerpt":"","post_status":"publish","comment_status":"closed","ping_status":"closed","post_password":"","post_name":"ediciones-versatil","to_ping":"","pinged":"","post_modified":"2022-10-14 11:53:47","post_modified_gmt":"2022-10-14 09:53:47","post_content_filtered":"","post_parent":0,"guid":"http:\/\/dev.claret.cat\/editorial\/ediciones-versatil\/","menu_order":0,"post_type":"editorial","post_mime_type":"","comment_count":"0","filter":"raw"}],"autores-libros":[{"ID":155068,"post_author":"3","post_date":"2022-10-14 15:09:54","post_date_gmt":"2022-10-14 13:09:54","post_content":"","post_title":"EMPAR FERN\u00c1NDEZ","post_excerpt":"","post_status":"publish","comment_status":"closed","ping_status":"closed","post_password":"","post_name":"empar-fernandez","to_ping":"","pinged":"","post_modified":"2022-10-14 15:09:54","post_modified_gmt":"2022-10-14 13:09:54","post_content_filtered":"","post_parent":0,"guid":"http:\/\/dev.claret.cat\/autor\/empar-fernandez\/","menu_order":0,"post_type":"autor","post_mime_type":"","comment_count":"0","filter":"raw"}]},"aioseo_notices":[],"_links":{"self":[{"href":"https:\/\/www.claret.cat\/es\/wp-json\/wp\/v2\/product\/190838","targetHints":{"allow":["GET"]}}],"collection":[{"href":"https:\/\/www.claret.cat\/es\/wp-json\/wp\/v2\/product"}],"about":[{"href":"https:\/\/www.claret.cat\/es\/wp-json\/wp\/v2\/types\/product"}],"wp:featuredmedia":[{"embeddable":true,"href":"https:\/\/www.claret.cat\/es\/wp-json\/wp\/v2\/media\/190839"}],"wp:attachment":[{"href":"https:\/\/www.claret.cat\/es\/wp-json\/wp\/v2\/media?parent=190838"}],"wp:term":[{"taxonomy":"product_brand","embeddable":true,"href":"https:\/\/www.claret.cat\/es\/wp-json\/wp\/v2\/product_brand?post=190838"},{"taxonomy":"product_cat","embeddable":true,"href":"https:\/\/www.claret.cat\/es\/wp-json\/wp\/v2\/product_cat?post=190838"},{"taxonomy":"product_tag","embeddable":true,"href":"https:\/\/www.claret.cat\/es\/wp-json\/wp\/v2\/product_tag?post=190838"}],"curies":[{"name":"wp","href":"https:\/\/api.w.org\/{rel}","templated":true}]}}