{"id":190943,"date":"2022-10-20T06:13:27","date_gmt":"2022-10-20T04:13:27","guid":{"rendered":"http:\/\/dev.claret.cat\/producte\/morir-en-el-intento\/"},"modified":"2025-02-04T18:15:26","modified_gmt":"2025-02-04T17:15:26","slug":"morir-en-el-intento-9788490566770","status":"publish","type":"product","link":"https:\/\/www.claret.cat\/es\/libro\/morir-en-el-intento-9788490566770\/","title":{"rendered":"MORIR EN EL INTENTO"},"content":{"rendered":"<p>Un paseo sin rumbo por las calles de Chicago. Tras un simple gesto de ayuda a una joven con una muleta, de repente, Jack Reacher se encuentra con una pistola que le apunta al est\u00f3mago. Encerrado en una furgoneta con la misteriosa desconocida, Reacher no sabe por qu\u00e9 los han secuestrado ni ad\u00f3nde los llevan, pero de algo s\u00ed que est\u00e1 seguro: deber\u00e1 hacer uso de todo su coraje y astucia si, contra todo pron\u00f3stico, quiere sobrevivir.<\/p>\n","protected":false},"excerpt":{"rendered":"<p>CHILD , LEE<\/p>\n","protected":false},"featured_media":190944,"template":"","meta":{"_acf_changed":false,"om_disable_all_campaigns":false,"rs_blank_template":"","rs_page_bg_color":"","slide_template_v7":"","inline_featured_image":false,"_monsterinsights_skip_tracking":false,"_monsterinsights_sitenote_active":false,"_monsterinsights_sitenote_note":"","_monsterinsights_sitenote_category":0},"product_brand":[],"product_cat":[353,87],"product_tag":[],"class_list":{"0":"post-190943","1":"product","2":"type-product","3":"status-publish","4":"has-post-thumbnail","6":"product_cat-literatura-2_humanidades","7":"product_cat-literatura","9":"first","10":"instock","11":"taxable","12":"shipping-taxable","13":"purchasable","14":"product-type-simple"},"acf":{"autor":"CHILD , LEE","codart":"849056677","libros-coleccion":"FORA DE COL.LECCI\u00d3","ediciones":"1","encuadernacion":"Carton\u00e9","fecha_de_publicacion":"01\/02\/2018","novedad":"1","paginas":"530","subtitulo":"","orden":"0","portada":"0","idioma":"spa","editorial":[{"ID":148737,"post_author":"3","post_date":"2022-10-14 12:00:35","post_date_gmt":"2022-10-14 10:00:35","post_content":"","post_title":"RBA Libros","post_excerpt":"","post_status":"publish","comment_status":"closed","ping_status":"closed","post_password":"","post_name":"rba-libros","to_ping":"","pinged":"","post_modified":"2022-10-14 12:00:35","post_modified_gmt":"2022-10-14 10:00:35","post_content_filtered":"","post_parent":0,"guid":"http:\/\/dev.claret.cat\/editorial\/rba-libros\/","menu_order":0,"post_type":"editorial","post_mime_type":"","comment_count":"0","filter":"raw"}],"autores-libros":[{"ID":162076,"post_author":"3","post_date":"2022-10-14 17:28:10","post_date_gmt":"2022-10-14 15:28:10","post_content":"","post_title":"LEE CHILD","post_excerpt":"","post_status":"publish","comment_status":"closed","ping_status":"closed","post_password":"","post_name":"lee-child","to_ping":"","pinged":"","post_modified":"2022-10-14 17:28:10","post_modified_gmt":"2022-10-14 15:28:10","post_content_filtered":"","post_parent":0,"guid":"http:\/\/dev.claret.cat\/autor\/lee-child\/","menu_order":0,"post_type":"autor","post_mime_type":"","comment_count":"0","filter":"raw"}]},"aioseo_notices":[],"_links":{"self":[{"href":"https:\/\/www.claret.cat\/es\/wp-json\/wp\/v2\/product\/190943","targetHints":{"allow":["GET"]}}],"collection":[{"href":"https:\/\/www.claret.cat\/es\/wp-json\/wp\/v2\/product"}],"about":[{"href":"https:\/\/www.claret.cat\/es\/wp-json\/wp\/v2\/types\/product"}],"wp:featuredmedia":[{"embeddable":true,"href":"https:\/\/www.claret.cat\/es\/wp-json\/wp\/v2\/media\/190944"}],"wp:attachment":[{"href":"https:\/\/www.claret.cat\/es\/wp-json\/wp\/v2\/media?parent=190943"}],"wp:term":[{"taxonomy":"product_brand","embeddable":true,"href":"https:\/\/www.claret.cat\/es\/wp-json\/wp\/v2\/product_brand?post=190943"},{"taxonomy":"product_cat","embeddable":true,"href":"https:\/\/www.claret.cat\/es\/wp-json\/wp\/v2\/product_cat?post=190943"},{"taxonomy":"product_tag","embeddable":true,"href":"https:\/\/www.claret.cat\/es\/wp-json\/wp\/v2\/product_tag?post=190943"}],"curies":[{"name":"wp","href":"https:\/\/api.w.org\/{rel}","templated":true}]}}