{"id":190964,"date":"2022-10-20T06:13:50","date_gmt":"2022-10-20T04:13:50","guid":{"rendered":"http:\/\/dev.claret.cat\/producte\/confessions-dun-culer-defectuos\/"},"modified":"2024-01-31T18:57:52","modified_gmt":"2024-01-31T17:57:52","slug":"confessions-dun-culer-defectuos-9788417031688","status":"publish","type":"product","link":"https:\/\/www.claret.cat\/es\/libro\/confessions-dun-culer-defectuos-9788417031688\/","title":{"rendered":"CONFESSIONS D&#8217;UN CULER DEFECTU\u00d3S"},"content":{"rendered":"<p>Confessions d&#8217;un culer defectu\u00f3s\u00e9s, sobretot, la hist\u00f2ria d&#8217;una conversi\u00f3 sentimental. Alternant reflexions i records, Sergi P\u00e0mies analitza els or\u00edgens atzarosos del seu barcelonisme com un pretext per desplegar un punt de vista particular i original. \u00bfEs pot ser culer sense ser antimadridista? \u00bfExisteix una manera genu\u00efnament barcelonista d&#8217;animar l&#8217;equip? \u00bfHa de vendre&#8217;s el club l&#8221;\u00e0nima als patrocinadors per mantenir-se a l&#8217;elit? Amb vint anys d&#8217;experi\u00e8ncia com a comentarista de l&#8217;actualitat blaugrana en diversos mitjans de comunicaci\u00f3, P\u00e0mies es planetja aquestes preguntes a trav\u00e9s d&#8217;un exercici retrospectiu que agermana la ironia, el sentit cr\u00edtic i el registre passional. El resultat \u00e9s un text d&#8217;una franquesa ins\u00f2lita: un autoretrat viv\u00edssim del seu autor i, alhora, una radiografia mil\u00b7lim\u00e8trica de les patologies b\u00e0siques del barcelonisme convencional, que el talent de Sergi P\u00e0mies converteix en l&#8217;observatori idoni per mirar d&#8217;entendre el futbol i les actituds que l&#8217;acompanyen.<\/p>\n","protected":false},"excerpt":{"rendered":"<p>P\u00c0MIES, SERGI<\/p>\n","protected":false},"featured_media":190965,"template":"","meta":{"_acf_changed":false,"om_disable_all_campaigns":false,"rs_blank_template":"","rs_page_bg_color":"","slide_template_v7":"","inline_featured_image":false,"_monsterinsights_skip_tracking":false,"_monsterinsights_sitenote_active":false,"_monsterinsights_sitenote_note":"","_monsterinsights_sitenote_category":0},"product_brand":[],"product_cat":[87,353],"product_tag":[],"class_list":{"0":"post-190964","1":"product","2":"type-product","3":"status-publish","4":"has-post-thumbnail","6":"product_cat-literatura","7":"product_cat-literatura-2_humanidades","9":"first","10":"instock","11":"taxable","12":"shipping-taxable","13":"purchasable","14":"product-type-simple"},"acf":{"autor":"P\u00c0MIES, SERGI","codart":"841703168","libros-coleccion":"Narrativa","ediciones":"1","encuadernacion":"R\u00fastica","fecha_de_publicacion":"01\/02\/2018","novedad":"1","paginas":"166","subtitulo":"","orden":"0","portada":"0","idioma":"cat","editorial":[{"ID":6281,"post_author":"3","post_date":"2022-07-28 17:48:50","post_date_gmt":"2022-07-28 15:48:50","post_content":"","post_title":"LABUTXACA","post_excerpt":"","post_status":"publish","comment_status":"closed","ping_status":"closed","post_password":"","post_name":"labutxaca","to_ping":"","pinged":"","post_modified":"2022-07-28 17:48:50","post_modified_gmt":"2022-07-28 15:48:50","post_content_filtered":"","post_parent":0,"guid":"http:\/\/dev.claret.cat\/editorial\/labutxaca\/","menu_order":0,"post_type":"editorial","post_mime_type":"","comment_count":"0","filter":"raw"}],"autores-libros":[{"ID":169319,"post_author":"3","post_date":"2022-10-14 22:26:16","post_date_gmt":"2022-10-14 20:26:16","post_content":"","post_title":"SERGI P\u00c0MIES","post_excerpt":"","post_status":"publish","comment_status":"closed","ping_status":"closed","post_password":"","post_name":"sergi-pamies","to_ping":"","pinged":"","post_modified":"2022-10-14 22:26:16","post_modified_gmt":"2022-10-14 20:26:16","post_content_filtered":"","post_parent":0,"guid":"http:\/\/dev.claret.cat\/autor\/sergi-pamies\/","menu_order":0,"post_type":"autor","post_mime_type":"","comment_count":"0","filter":"raw"}]},"aioseo_notices":[],"_links":{"self":[{"href":"https:\/\/www.claret.cat\/es\/wp-json\/wp\/v2\/product\/190964","targetHints":{"allow":["GET"]}}],"collection":[{"href":"https:\/\/www.claret.cat\/es\/wp-json\/wp\/v2\/product"}],"about":[{"href":"https:\/\/www.claret.cat\/es\/wp-json\/wp\/v2\/types\/product"}],"wp:featuredmedia":[{"embeddable":true,"href":"https:\/\/www.claret.cat\/es\/wp-json\/wp\/v2\/media\/190965"}],"wp:attachment":[{"href":"https:\/\/www.claret.cat\/es\/wp-json\/wp\/v2\/media?parent=190964"}],"wp:term":[{"taxonomy":"product_brand","embeddable":true,"href":"https:\/\/www.claret.cat\/es\/wp-json\/wp\/v2\/product_brand?post=190964"},{"taxonomy":"product_cat","embeddable":true,"href":"https:\/\/www.claret.cat\/es\/wp-json\/wp\/v2\/product_cat?post=190964"},{"taxonomy":"product_tag","embeddable":true,"href":"https:\/\/www.claret.cat\/es\/wp-json\/wp\/v2\/product_tag?post=190964"}],"curies":[{"name":"wp","href":"https:\/\/api.w.org\/{rel}","templated":true}]}}