{"id":19106,"date":"2022-10-01T23:52:32","date_gmt":"2022-10-01T21:52:32","guid":{"rendered":"http:\/\/dev.claret.cat\/producte\/la-familia\/"},"modified":"2026-03-23T13:18:24","modified_gmt":"2026-03-23T12:18:24","slug":"la-familia-9788433999542","status":"publish","type":"product","link":"https:\/\/www.claret.cat\/es\/libro\/la-familia-9788433999542\/","title":{"rendered":"LA FAMILIA"},"content":{"rendered":"<p>La contundente radiograf\u00eda de una familia, de sus heridas latentes, fragilidades, contradicciones y flaquezas.\u00a0<\/p>\n<p> \u00a0 \u00ab\u00a1En esta familia no hay secretos!\u00bb, proclama al inicio de este libro Dami\u00e1n, el padre, un hombre de ideas e ideales fijos obsesionado con la rectitud y la pedagog\u00eda. Pero esa casa sin secretos est\u00e1 en realidad llena de grietas, y la opresi\u00f3n que se respira entre sus paredes terminar\u00e1 creando v\u00edas\u00a0de escape, c\u00f3digos clandestinos, ocultaciones, fingimientos y mentiras. Formada por dos ni\u00f1as, dos ni\u00f1os, una madre y un padre, esta familia en apariencia normal, de clase trabajadora y llena de buenas intenciones,\u00a0es la protagonista de una novela coral que abarca varias d\u00e9cadas y en cuyas historias laten el deseo de libertad y la cr\u00edtica a los pilares que tradicionalmente han sostenido, y todav\u00eda sostienen en gran medida, la instituci\u00f3n familiar: autoritarismo y obediencia, verg\u00fcenza y silencio. \u00a0Sara Mesa vuelve a demostrar que posee un ojo cl\u00ednico para desnudar comportamientos humanos, detectar heridas latentes y retratar en toda su complejidad la fragilidad, las contradicciones y las flaquezas que nos conforman. Este libro es una nueva vuelta de tuerca a la construcci\u00f3n\u00a0de uno de los universos literarios m\u00e1s potentes de las letras espa\u00f1olas actuales y la confirmaci\u00f3n de un talento que no deja de crecer.<\/p>\n","protected":false},"excerpt":{"rendered":"<p>MESA, SARA<\/p>\n","protected":false},"featured_media":375961,"template":"","meta":{"_acf_changed":false,"om_disable_all_campaigns":false,"rs_blank_template":"","rs_page_bg_color":"","slide_template_v7":"","inline_featured_image":false,"_monsterinsights_skip_tracking":false,"_monsterinsights_sitenote_active":false,"_monsterinsights_sitenote_note":"","_monsterinsights_sitenote_category":0},"product_brand":[],"product_cat":[127,357],"product_tag":[],"class_list":{"0":"post-19106","1":"product","2":"type-product","3":"status-publish","4":"has-post-thumbnail","6":"product_cat-novella-contemporania","7":"product_cat-novela-contemporanea","9":"first","10":"instock","11":"taxable","12":"shipping-taxable","13":"purchasable","14":"product-type-simple"},"acf":{"autor":"MESA, SARA","codart":"843399954","libros-coleccion":"Narrativas hisp\u00e1nicas","ediciones":"1","encuadernacion":"R\u00fastica","fecha_de_publicacion":"01\/09\/2022","novedad":"1","paginas":"224","subtitulo":"","orden":"0","portada":"0","idioma":"spa","editorial":[{"ID":6219,"post_author":"3","post_date":"2022-07-28 17:47:26","post_date_gmt":"2022-07-28 15:47:26","post_content":"","post_title":"Editorial Anagrama S.A.","post_excerpt":"","post_status":"publish","comment_status":"closed","ping_status":"closed","post_password":"","post_name":"editorial-anagrama-s-a","to_ping":"","pinged":"","post_modified":"2022-07-28 17:47:26","post_modified_gmt":"2022-07-28 15:47:26","post_content_filtered":"","post_parent":0,"guid":"http:\/\/dev.claret.cat\/editorial\/editorial-anagrama-s-a\/","menu_order":0,"post_type":"editorial","post_mime_type":"","comment_count":"0","filter":"raw"}],"autores-libros":[{"ID":169114,"post_author":"3","post_date":"2022-10-14 22:24:35","post_date_gmt":"2022-10-14 20:24:35","post_content":"","post_title":"SARA MESA","post_excerpt":"","post_status":"publish","comment_status":"closed","ping_status":"closed","post_password":"","post_name":"sara-mesa","to_ping":"","pinged":"","post_modified":"2022-10-14 22:24:35","post_modified_gmt":"2022-10-14 20:24:35","post_content_filtered":"","post_parent":0,"guid":"http:\/\/dev.claret.cat\/autor\/sara-mesa\/","menu_order":0,"post_type":"autor","post_mime_type":"","comment_count":"0","filter":"raw"}],"booktrailer":"","resenas":""},"aioseo_notices":[],"_links":{"self":[{"href":"https:\/\/www.claret.cat\/es\/wp-json\/wp\/v2\/product\/19106","targetHints":{"allow":["GET"]}}],"collection":[{"href":"https:\/\/www.claret.cat\/es\/wp-json\/wp\/v2\/product"}],"about":[{"href":"https:\/\/www.claret.cat\/es\/wp-json\/wp\/v2\/types\/product"}],"wp:featuredmedia":[{"embeddable":true,"href":"https:\/\/www.claret.cat\/es\/wp-json\/wp\/v2\/media\/375961"}],"wp:attachment":[{"href":"https:\/\/www.claret.cat\/es\/wp-json\/wp\/v2\/media?parent=19106"}],"wp:term":[{"taxonomy":"product_brand","embeddable":true,"href":"https:\/\/www.claret.cat\/es\/wp-json\/wp\/v2\/product_brand?post=19106"},{"taxonomy":"product_cat","embeddable":true,"href":"https:\/\/www.claret.cat\/es\/wp-json\/wp\/v2\/product_cat?post=19106"},{"taxonomy":"product_tag","embeddable":true,"href":"https:\/\/www.claret.cat\/es\/wp-json\/wp\/v2\/product_tag?post=19106"}],"curies":[{"name":"wp","href":"https:\/\/api.w.org\/{rel}","templated":true}]}}