{"id":191078,"date":"2022-10-20T06:15:49","date_gmt":"2022-10-20T04:15:49","guid":{"rendered":"http:\/\/dev.claret.cat\/producte\/dulces-suenos-pequena-oruga-glotona\/"},"modified":"2023-01-28T05:32:16","modified_gmt":"2023-01-28T04:32:16","slug":"dulces-suenos-pequena-oruga-glotona-9788417074012","status":"publish","type":"product","link":"https:\/\/www.claret.cat\/es\/libro\/dulces-suenos-pequena-oruga-glotona-9788417074012\/","title":{"rendered":"DULCES SUE\u00d1OS PEQUE\u00d1A ORUGA GLOTONA"},"content":{"rendered":"<p>Rimas y adivinanzas, solapas que se abren y luego se cierran. La peque\u00f1a oruga glotona y el resto de los animalitos invitan a los lectores de regazo a irse a dormir sin rechistar y les garantizan el sue\u00f1o m\u00e1s dulce.<br \/> La peque\u00f1a oruga glotona del mundialmente famoso Eric Carle se ha reproducido en adorables formatos: desplegable, de tela, para pintar, con t\u00edtere de dedo, con peluche, para aprender las horas. La lista es tan interminable como apetecible.<br \/> En esta ocasi\u00f3n, el autor que cautiva a los m\u00e1s chiquitines, nos regala un libro breve y rimado, con solapitas, en el que los ni\u00f1os tienen que adivinar y descubrir qu\u00e9 animalitos se van a dormir o est\u00e1n ya en la cama. <br \/> En la batalla nocturna que se libra en todos los hogares, los peque\u00f1os depondr\u00e1n las armas, hechizados por la cadencia, el ritmo, los colores y las ventanitas sorpresa. Y, finalmente, se quedar\u00e1n fritos imitando a todos los animales y, por supuesto, a su querida oruga glotona.<\/p>\n","protected":false},"excerpt":{"rendered":"<p>ERIC CARLE<\/p>\n","protected":false},"featured_media":191079,"template":"","meta":{"_acf_changed":false,"om_disable_all_campaigns":false,"rs_blank_template":"","rs_page_bg_color":"","slide_template_v7":"","inline_featured_image":false,"_monsterinsights_skip_tracking":false,"_monsterinsights_sitenote_active":false,"_monsterinsights_sitenote_note":"","_monsterinsights_sitenote_category":0},"product_brand":[],"product_cat":[16],"product_tag":[],"class_list":{"0":"post-191078","1":"product","2":"type-product","3":"status-publish","4":"has-post-thumbnail","6":"product_cat-sense-categoria","8":"first","9":"instock","10":"taxable","11":"shipping-taxable","12":"purchasable","13":"product-type-simple"},"acf":{"autor":"ERIC CARLE","codart":"841707401","libros-coleccion":"SUSHI BOOKS","ediciones":"1","encuadernacion":"Carpeta","fecha_de_publicacion":"01\/02\/2018","novedad":"1","paginas":"10","subtitulo":"","orden":"0","portada":"0","idioma":"spa","editorial":[{"ID":147996,"post_author":"3","post_date":"2022-10-14 11:54:50","post_date_gmt":"2022-10-14 09:54:50","post_content":"","post_title":"Editorial K\u00f3kinos","post_excerpt":"","post_status":"publish","comment_status":"closed","ping_status":"closed","post_password":"","post_name":"editorial-kokinos","to_ping":"","pinged":"","post_modified":"2022-10-14 11:54:50","post_modified_gmt":"2022-10-14 09:54:50","post_content_filtered":"","post_parent":0,"guid":"http:\/\/dev.claret.cat\/editorial\/editorial-kokinos\/","menu_order":0,"post_type":"editorial","post_mime_type":"","comment_count":"0","filter":"raw"}],"autores-libros":[{"ID":155253,"post_author":"3","post_date":"2022-10-14 15:11:22","post_date_gmt":"2022-10-14 13:11:22","post_content":"","post_title":"ERIC CARLE","post_excerpt":"","post_status":"publish","comment_status":"closed","ping_status":"closed","post_password":"","post_name":"eric-carle-2","to_ping":"","pinged":"","post_modified":"2022-10-14 15:11:22","post_modified_gmt":"2022-10-14 13:11:22","post_content_filtered":"","post_parent":0,"guid":"http:\/\/dev.claret.cat\/autor\/eric-carle-2\/","menu_order":0,"post_type":"autor","post_mime_type":"","comment_count":"0","filter":"raw"}]},"aioseo_notices":[],"_links":{"self":[{"href":"https:\/\/www.claret.cat\/es\/wp-json\/wp\/v2\/product\/191078","targetHints":{"allow":["GET"]}}],"collection":[{"href":"https:\/\/www.claret.cat\/es\/wp-json\/wp\/v2\/product"}],"about":[{"href":"https:\/\/www.claret.cat\/es\/wp-json\/wp\/v2\/types\/product"}],"wp:featuredmedia":[{"embeddable":true,"href":"https:\/\/www.claret.cat\/es\/wp-json\/wp\/v2\/media\/191079"}],"wp:attachment":[{"href":"https:\/\/www.claret.cat\/es\/wp-json\/wp\/v2\/media?parent=191078"}],"wp:term":[{"taxonomy":"product_brand","embeddable":true,"href":"https:\/\/www.claret.cat\/es\/wp-json\/wp\/v2\/product_brand?post=191078"},{"taxonomy":"product_cat","embeddable":true,"href":"https:\/\/www.claret.cat\/es\/wp-json\/wp\/v2\/product_cat?post=191078"},{"taxonomy":"product_tag","embeddable":true,"href":"https:\/\/www.claret.cat\/es\/wp-json\/wp\/v2\/product_tag?post=191078"}],"curies":[{"name":"wp","href":"https:\/\/api.w.org\/{rel}","templated":true}]}}