{"id":191120,"date":"2022-10-20T06:16:34","date_gmt":"2022-10-20T04:16:34","guid":{"rendered":"http:\/\/dev.claret.cat\/producte\/aprende-a-cocinar-de-la-a-a-la-z\/"},"modified":"2025-02-04T18:04:38","modified_gmt":"2025-02-04T17:04:38","slug":"aprende-a-cocinar-de-la-a-a-la-z-9788490569870","status":"publish","type":"product","link":"https:\/\/www.claret.cat\/es\/libro\/aprende-a-cocinar-de-la-a-a-la-z-9788490569870\/","title":{"rendered":"APRENDE A COCINAR DE LA A A LA Z"},"content":{"rendered":"<p>? Las elaboraciones imprescindibles que deben conocerse en la cocina, ordenadas alfab\u00e9ticamente e<br \/> ilustradas con fotograf\u00edas. ? Un completo glosario de t\u00e9cnicas culinarias b\u00e1sicas que te permitir\u00e1n cocinar verduras,<br \/> carnes, pescados y dulces como un verdadero profesional. ? 47 recetas de la A a la Z explicadas paso a paso para<br \/> preparar estupendos primeros, segundos y postres. ? 12 men\u00fas elaborados con las recetas anteriores para disfrutarlas de<br \/> forma sana y equilibrada.<\/p>\n","protected":false},"excerpt":{"rendered":"<p>REDACCION RBA LIBROS, S.A.<\/p>\n","protected":false},"featured_media":191121,"template":"","meta":{"_acf_changed":false,"om_disable_all_campaigns":false,"rs_blank_template":"","rs_page_bg_color":"","slide_template_v7":"","inline_featured_image":false,"_monsterinsights_skip_tracking":false,"_monsterinsights_sitenote_active":false,"_monsterinsights_sitenote_note":"","_monsterinsights_sitenote_category":0},"product_brand":[],"product_cat":[553,103],"product_tag":[],"class_list":{"0":"post-191120","1":"product","2":"type-product","3":"status-publish","4":"has-post-thumbnail","6":"product_cat-cocina","7":"product_cat-cuina","9":"first","10":"instock","11":"taxable","12":"shipping-taxable","13":"purchasable","14":"product-type-simple"},"acf":{"autor":"REDACCION RBA LIBROS, S.A.","codart":"849056987","libros-coleccion":"PRACTICA","ediciones":"1","encuadernacion":"R\u00fastica","fecha_de_publicacion":"01\/02\/2018","novedad":"1","paginas":"144","subtitulo":"","orden":"0","portada":"0","idioma":"spa","editorial":[{"ID":148737,"post_author":"3","post_date":"2022-10-14 12:00:35","post_date_gmt":"2022-10-14 10:00:35","post_content":"","post_title":"RBA Libros","post_excerpt":"","post_status":"publish","comment_status":"closed","ping_status":"closed","post_password":"","post_name":"rba-libros","to_ping":"","pinged":"","post_modified":"2022-10-14 12:00:35","post_modified_gmt":"2022-10-14 10:00:35","post_content_filtered":"","post_parent":0,"guid":"http:\/\/dev.claret.cat\/editorial\/rba-libros\/","menu_order":0,"post_type":"editorial","post_mime_type":"","comment_count":"0","filter":"raw"}],"autores-libros":[{"ID":168748,"post_author":"3","post_date":"2022-10-14 22:21:37","post_date_gmt":"2022-10-14 20:21:37","post_content":"","post_title":"S.A. REDACCION RBA LIBROS","post_excerpt":"","post_status":"publish","comment_status":"closed","ping_status":"closed","post_password":"","post_name":"s-a-redaccion-rba-libros","to_ping":"","pinged":"","post_modified":"2022-10-14 22:21:37","post_modified_gmt":"2022-10-14 20:21:37","post_content_filtered":"","post_parent":0,"guid":"http:\/\/dev.claret.cat\/autor\/s-a-redaccion-rba-libros\/","menu_order":0,"post_type":"autor","post_mime_type":"","comment_count":"0","filter":"raw"}]},"aioseo_notices":[],"_links":{"self":[{"href":"https:\/\/www.claret.cat\/es\/wp-json\/wp\/v2\/product\/191120","targetHints":{"allow":["GET"]}}],"collection":[{"href":"https:\/\/www.claret.cat\/es\/wp-json\/wp\/v2\/product"}],"about":[{"href":"https:\/\/www.claret.cat\/es\/wp-json\/wp\/v2\/types\/product"}],"wp:featuredmedia":[{"embeddable":true,"href":"https:\/\/www.claret.cat\/es\/wp-json\/wp\/v2\/media\/191121"}],"wp:attachment":[{"href":"https:\/\/www.claret.cat\/es\/wp-json\/wp\/v2\/media?parent=191120"}],"wp:term":[{"taxonomy":"product_brand","embeddable":true,"href":"https:\/\/www.claret.cat\/es\/wp-json\/wp\/v2\/product_brand?post=191120"},{"taxonomy":"product_cat","embeddable":true,"href":"https:\/\/www.claret.cat\/es\/wp-json\/wp\/v2\/product_cat?post=191120"},{"taxonomy":"product_tag","embeddable":true,"href":"https:\/\/www.claret.cat\/es\/wp-json\/wp\/v2\/product_tag?post=191120"}],"curies":[{"name":"wp","href":"https:\/\/api.w.org\/{rel}","templated":true}]}}