{"id":191126,"date":"2022-10-20T06:16:40","date_gmt":"2022-10-20T04:16:40","guid":{"rendered":"http:\/\/dev.claret.cat\/producte\/comer-si-da-la-felicidad\/"},"modified":"2025-02-04T17:20:39","modified_gmt":"2025-02-04T16:20:39","slug":"comer-si-da-la-felicidad-9788490569191","status":"publish","type":"product","link":"https:\/\/www.claret.cat\/es\/libro\/comer-si-da-la-felicidad-9788490569191\/","title":{"rendered":"COMER SI DA LA FELICIDAD"},"content":{"rendered":"<p>\u00bfCu\u00e1ntas veces hemos o\u00eddo la frase Mens sana in corpore sano? Esta obra nos ofrece pautas para tratar<br \/> trastornos como la depresi\u00f3n, el estr\u00e9s, la ansiedad y la hiperactividad con una alimentaci\u00f3n natural. As\u00ed, influiremos<br \/> en el funcionamiento de nuestro cerebro y, en definitiva, en nuestra salud. ? Un plan completo de correcci\u00f3n<br \/> alimentaria para combatir las principales dolencias y trastornos psicol\u00f3gicos. ? Pautas de nutrici\u00f3n ortomolecular y<br \/> suplementos alimentarios que pueden fortalecer tu cerebro y tus emociones. ? Consejos sobre psicoterapia humanista,<br \/> sofrolog\u00eda, terapia floral y ejercicio f\u00edsico que mantendr\u00e1n en forma tu cuerpo y tu mente.<\/p>\n","protected":false},"excerpt":{"rendered":"<p>HERNANDEZ RAMOS, FELIPE<\/p>\n","protected":false},"featured_media":191127,"template":"","meta":{"_acf_changed":false,"om_disable_all_campaigns":false,"rs_blank_template":"","rs_page_bg_color":"","slide_template_v7":"","inline_featured_image":false,"_monsterinsights_skip_tracking":false,"_monsterinsights_sitenote_active":false,"_monsterinsights_sitenote_note":"","_monsterinsights_sitenote_category":0},"product_brand":[],"product_cat":[547,97],"product_tag":[],"class_list":{"0":"post-191126","1":"product","2":"type-product","3":"status-publish","4":"has-post-thumbnail","6":"product_cat-salud","7":"product_cat-salut","9":"first","10":"instock","11":"taxable","12":"shipping-taxable","13":"purchasable","14":"product-type-simple"},"acf":{"autor":"HERNANDEZ RAMOS, FELIPE","codart":"849056919","libros-coleccion":"Salud","ediciones":"1","encuadernacion":"R\u00fastica","fecha_de_publicacion":"01\/02\/2018","novedad":"1","paginas":"336","subtitulo":"","orden":"0","portada":"0","idioma":"spa","editorial":[{"ID":148735,"post_author":"3","post_date":"2022-10-14 12:00:34","post_date_gmt":"2022-10-14 10:00:34","post_content":"","post_title":"RBA Integral","post_excerpt":"","post_status":"publish","comment_status":"closed","ping_status":"closed","post_password":"","post_name":"rba-integral","to_ping":"","pinged":"","post_modified":"2022-10-14 12:00:34","post_modified_gmt":"2022-10-14 10:00:34","post_content_filtered":"","post_parent":0,"guid":"http:\/\/dev.claret.cat\/editorial\/rba-integral\/","menu_order":0,"post_type":"editorial","post_mime_type":"","comment_count":"0","filter":"raw"}],"autores-libros":[{"ID":422534,"post_author":"3","post_date":"2023-05-16 07:20:50","post_date_gmt":"2023-05-16 05:20:50","post_content":"","post_title":"FELIPE HERNANDEZ RAMOS","post_excerpt":"","post_status":"publish","comment_status":"closed","ping_status":"closed","post_password":"","post_name":"felipe-hernandez-ramos","to_ping":"","pinged":"","post_modified":"2023-05-16 07:20:50","post_modified_gmt":"2023-05-16 05:20:50","post_content_filtered":"","post_parent":0,"guid":"https:\/\/www.claret.cat\/autor\/felipe-hernandez-ramos\/","menu_order":0,"post_type":"autor","post_mime_type":"","comment_count":"0","filter":"raw"}]},"aioseo_notices":[],"_links":{"self":[{"href":"https:\/\/www.claret.cat\/es\/wp-json\/wp\/v2\/product\/191126","targetHints":{"allow":["GET"]}}],"collection":[{"href":"https:\/\/www.claret.cat\/es\/wp-json\/wp\/v2\/product"}],"about":[{"href":"https:\/\/www.claret.cat\/es\/wp-json\/wp\/v2\/types\/product"}],"wp:featuredmedia":[{"embeddable":true,"href":"https:\/\/www.claret.cat\/es\/wp-json\/wp\/v2\/media\/191127"}],"wp:attachment":[{"href":"https:\/\/www.claret.cat\/es\/wp-json\/wp\/v2\/media?parent=191126"}],"wp:term":[{"taxonomy":"product_brand","embeddable":true,"href":"https:\/\/www.claret.cat\/es\/wp-json\/wp\/v2\/product_brand?post=191126"},{"taxonomy":"product_cat","embeddable":true,"href":"https:\/\/www.claret.cat\/es\/wp-json\/wp\/v2\/product_cat?post=191126"},{"taxonomy":"product_tag","embeddable":true,"href":"https:\/\/www.claret.cat\/es\/wp-json\/wp\/v2\/product_tag?post=191126"}],"curies":[{"name":"wp","href":"https:\/\/api.w.org\/{rel}","templated":true}]}}