{"id":191165,"date":"2022-10-20T06:17:23","date_gmt":"2022-10-20T04:17:23","guid":{"rendered":"http:\/\/dev.claret.cat\/producte\/el-futuro-es-un-pais-extrano-imperdibles\/"},"modified":"2023-01-28T12:52:16","modified_gmt":"2023-01-28T11:52:16","slug":"el-futuro-es-un-pais-extrano-imperdibles-9788494820809","status":"publish","type":"product","link":"https:\/\/www.claret.cat\/es\/libro\/el-futuro-es-un-pais-extrano-imperdibles-9788494820809\/","title":{"rendered":"EL FUTURO ES UN PAIS EXTRA\u00d1O &#8211; (IMPERDIBLES)"},"content":{"rendered":"<p>Tras concluir Por el bien del Imperio, Josep Fontana sigui\u00f3 analizando los acontecimientos de la actualidad a la luz de las conclusiones de aquel exitoso t\u00edtulo. Este libro es, por un lado, la continuaci\u00f3n de aquel en cuanto realiza un an\u00e1lisis hist\u00f3rico cr\u00edtico de los acontecimientos de los \u00faltimos a\u00f1os, en especial de la crisis y sus consecuencias sociales, que Fontana resume en dos patrones reincidentes: la privatizaci\u00f3n de la pol\u00edtica y la creaci\u00f3n de un estado represivo que acalle la rebeli\u00f3n social que se est\u00e1 organizando. Pero es tambi\u00e9n un libro que presentar\u00e1 a Josep Fontana como el m\u00e1s l\u00facido e incisivo de los analistas de la actualidad pol\u00edtico social (como Tony Judt o Paul Krugman). Ser\u00e1 una buena introducci\u00f3n para todos aquellos que a\u00fan no conozcan la obra del maestro.<\/p>\n","protected":false},"excerpt":{"rendered":"<p>FONTANA L\u00c1ZARO, JOSEP\/<\/p>\n","protected":false},"featured_media":191166,"template":"","meta":{"_acf_changed":false,"om_disable_all_campaigns":false,"rs_blank_template":"","rs_page_bg_color":"","slide_template_v7":"","inline_featured_image":false,"_monsterinsights_skip_tracking":false,"_monsterinsights_sitenote_active":false,"_monsterinsights_sitenote_note":"","_monsterinsights_sitenote_category":0},"product_brand":[],"product_cat":[85],"product_tag":[],"class_list":{"0":"post-191165","1":"product","2":"type-product","3":"status-publish","4":"has-post-thumbnail","6":"product_cat-historia","8":"first","9":"instock","10":"taxable","11":"shipping-taxable","12":"purchasable","13":"product-type-simple"},"acf":{"autor":"FONTANA L\u00c1ZARO, JOSEP\/","codart":"849482080","libros-coleccion":"Historia","ediciones":"1","encuadernacion":"Carpeta","fecha_de_publicacion":"01\/02\/2018","novedad":"1","paginas":"232","subtitulo":"","orden":"0","portada":"0","idioma":"spa","editorial":[{"ID":148646,"post_author":"3","post_date":"2022-10-14 11:59:52","post_date_gmt":"2022-10-14 09:59:52","post_content":"","post_title":"PASADO Y PRESENTE","post_excerpt":"","post_status":"publish","comment_status":"closed","ping_status":"closed","post_password":"","post_name":"pasado-y-presente","to_ping":"","pinged":"","post_modified":"2022-10-14 11:59:52","post_modified_gmt":"2022-10-14 09:59:52","post_content_filtered":"","post_parent":0,"guid":"http:\/\/dev.claret.cat\/editorial\/pasado-y-presente\/","menu_order":0,"post_type":"editorial","post_mime_type":"","comment_count":"0","filter":"raw"}],"autores-libros":[{"ID":160669,"post_author":"3","post_date":"2022-10-14 15:54:56","post_date_gmt":"2022-10-14 13:54:56","post_content":"","post_title":"JOSEP FONTANA L\u00c0ZARO","post_excerpt":"","post_status":"publish","comment_status":"closed","ping_status":"closed","post_password":"","post_name":"josep-fontana-lazaro","to_ping":"","pinged":"","post_modified":"2022-10-14 15:54:56","post_modified_gmt":"2022-10-14 13:54:56","post_content_filtered":"","post_parent":0,"guid":"http:\/\/dev.claret.cat\/autor\/josep-fontana-lazaro\/","menu_order":0,"post_type":"autor","post_mime_type":"","comment_count":"0","filter":"raw"}]},"aioseo_notices":[],"_links":{"self":[{"href":"https:\/\/www.claret.cat\/es\/wp-json\/wp\/v2\/product\/191165","targetHints":{"allow":["GET"]}}],"collection":[{"href":"https:\/\/www.claret.cat\/es\/wp-json\/wp\/v2\/product"}],"about":[{"href":"https:\/\/www.claret.cat\/es\/wp-json\/wp\/v2\/types\/product"}],"wp:featuredmedia":[{"embeddable":true,"href":"https:\/\/www.claret.cat\/es\/wp-json\/wp\/v2\/media\/191166"}],"wp:attachment":[{"href":"https:\/\/www.claret.cat\/es\/wp-json\/wp\/v2\/media?parent=191165"}],"wp:term":[{"taxonomy":"product_brand","embeddable":true,"href":"https:\/\/www.claret.cat\/es\/wp-json\/wp\/v2\/product_brand?post=191165"},{"taxonomy":"product_cat","embeddable":true,"href":"https:\/\/www.claret.cat\/es\/wp-json\/wp\/v2\/product_cat?post=191165"},{"taxonomy":"product_tag","embeddable":true,"href":"https:\/\/www.claret.cat\/es\/wp-json\/wp\/v2\/product_tag?post=191165"}],"curies":[{"name":"wp","href":"https:\/\/api.w.org\/{rel}","templated":true}]}}