{"id":191213,"date":"2022-10-20T06:18:14","date_gmt":"2022-10-20T04:18:14","guid":{"rendered":"http:\/\/dev.claret.cat\/producte\/catalan-para-dummies\/"},"modified":"2023-01-28T13:47:50","modified_gmt":"2023-01-28T12:47:50","slug":"catalan-para-dummies-9788432904264","status":"publish","type":"product","link":"https:\/\/www.claret.cat\/es\/libro\/catalan-para-dummies-9788432904264\/","title":{"rendered":"CATAL\u00c1N PARA DUMMIES"},"content":{"rendered":"<p>\u00a1Est\u00e1 escrito en castellano! Seguramente habr\u00e1s curioseado en las librer\u00edas y te habr\u00e1s enfrentado al fastidioso inconveniente de que todos los libros para aprender catal\u00e1n est\u00e1n escritos \u00a1en catal\u00e1n! <br \/>Adem\u00e1s, se mete de lleno en el cuerpo del idioma e incluye pinceladas de cultura y frases populares que reflejan las costumbres y la historia de los Pa\u00edses Catalanes. <br \/>Por si fuera poco, pone al d\u00eda la gram\u00e1tica y explica el catal\u00e1n actual en t\u00e9rminos tan sencillos que hace que su aprendizaje sea m\u00e1s r\u00e1pido y m\u00e1s ameno. <br \/>9 millones de personas ya hablan catal\u00e1n, con Catal\u00e1n para Dummies t\u00fa tambi\u00e9n puedes hacerlo.<br \/>M\u00e1s que una lengua, Catal\u00e1n para Dummies te conectar\u00e1 con la cultura y la geograf\u00eda catalana.<br \/>A tu aire, Catal\u00e1n para Dummies te permite aprender a tu ritmo sin someterte a la rutina de las clases.<br \/>\u00a1Es la vida! Podr\u00e1s saludar, hacer preguntas, dar indicaciones e, incluso, resolver emergencias en catal\u00e1n.<br \/>Aprender\u00e1s los fundamentos de la pronunciaci\u00f3n y de la gram\u00e1tica catalana y toda la informaci\u00f3n para construir frases y comenzar a hablar.<\/p>\n","protected":false},"excerpt":{"rendered":"<p>ALEXANDRI PALOM, FERRAN<\/p>\n","protected":false},"featured_media":191214,"template":"","meta":{"_acf_changed":false,"om_disable_all_campaigns":false,"rs_blank_template":"","rs_page_bg_color":"","slide_template_v7":"","inline_featured_image":false,"_monsterinsights_skip_tracking":false,"_monsterinsights_sitenote_active":false,"_monsterinsights_sitenote_note":"","_monsterinsights_sitenote_category":0},"product_brand":[],"product_cat":[98],"product_tag":[],"class_list":{"0":"post-191213","1":"product","2":"type-product","3":"status-publish","4":"has-post-thumbnail","6":"product_cat-diccionaris","8":"first","9":"instock","10":"taxable","11":"shipping-taxable","12":"purchasable","13":"product-type-simple"},"acf":{"autor":"ALEXANDRI PALOM, FERRAN","codart":"843290426","libros-coleccion":"SUSHI BOOKS","ediciones":"1","encuadernacion":"R\u00fastica","fecha_de_publicacion":"01\/02\/2018","novedad":"1","paginas":"340","subtitulo":"","orden":"0","portada":"0","idioma":"cat","editorial":[{"ID":148639,"post_author":"3","post_date":"2022-10-14 11:59:49","post_date_gmt":"2022-10-14 09:59:49","post_content":"","post_title":"PARA DUMMIES","post_excerpt":"","post_status":"publish","comment_status":"closed","ping_status":"closed","post_password":"","post_name":"para-dummies","to_ping":"","pinged":"","post_modified":"2022-10-14 11:59:49","post_modified_gmt":"2022-10-14 09:59:49","post_content_filtered":"","post_parent":0,"guid":"http:\/\/dev.claret.cat\/editorial\/para-dummies\/","menu_order":0,"post_type":"editorial","post_mime_type":"","comment_count":"0","filter":"raw"}]},"aioseo_notices":[],"_links":{"self":[{"href":"https:\/\/www.claret.cat\/es\/wp-json\/wp\/v2\/product\/191213","targetHints":{"allow":["GET"]}}],"collection":[{"href":"https:\/\/www.claret.cat\/es\/wp-json\/wp\/v2\/product"}],"about":[{"href":"https:\/\/www.claret.cat\/es\/wp-json\/wp\/v2\/types\/product"}],"wp:featuredmedia":[{"embeddable":true,"href":"https:\/\/www.claret.cat\/es\/wp-json\/wp\/v2\/media\/191214"}],"wp:attachment":[{"href":"https:\/\/www.claret.cat\/es\/wp-json\/wp\/v2\/media?parent=191213"}],"wp:term":[{"taxonomy":"product_brand","embeddable":true,"href":"https:\/\/www.claret.cat\/es\/wp-json\/wp\/v2\/product_brand?post=191213"},{"taxonomy":"product_cat","embeddable":true,"href":"https:\/\/www.claret.cat\/es\/wp-json\/wp\/v2\/product_cat?post=191213"},{"taxonomy":"product_tag","embeddable":true,"href":"https:\/\/www.claret.cat\/es\/wp-json\/wp\/v2\/product_tag?post=191213"}],"curies":[{"name":"wp","href":"https:\/\/api.w.org\/{rel}","templated":true}]}}