{"id":191276,"date":"2022-10-20T06:19:21","date_gmt":"2022-10-20T04:19:21","guid":{"rendered":"http:\/\/dev.claret.cat\/producte\/diseno-digital-de-moda\/"},"modified":"2023-01-28T12:14:15","modified_gmt":"2023-01-28T11:14:15","slug":"diseno-digital-de-moda-9788441539747","status":"publish","type":"product","link":"https:\/\/www.claret.cat\/es\/libro\/diseno-digital-de-moda-9788441539747\/","title":{"rendered":"DISE\u00d1O DIGITAL DE MODA"},"content":{"rendered":"<p>Desde siempre, flexibilidad y adaptaci\u00f3n han sido se\u00f1as de identidad del sector de la moda. Tales sustantivos se potencian hoy, cuando la revoluci\u00f3n tecnol\u00f3gica forma parte del d\u00eda a d\u00eda de esta industria. Por ello, es imprescindible conocer las nuevas metodolog\u00edas y los procesos creativos actuales. Con su extraordinaria sensibilidad al cambio y la impronta vanguardista de sus sistemas de producci\u00f3n y difusi\u00f3n, la moda es uno de los sectores profesionales m\u00e1s beneficiados por los avances tecnol\u00f3gicos del mundo del Dise\u00f1o. El actual dise\u00f1ador de moda precisa crear prendas y colecciones en el menor tiempo posible. Su \u00e9xito no depende solo de su creatividad como artista, sino tambi\u00e9n del empleo de una buena instrumentaci\u00f3n: software adecuado y el dominio del ordenador en su rutina diaria.<\/p>\n<p> Especialmente dedicada a las \u00faltimas innovaciones en el campo del dise\u00f1o de moda digital y las t\u00e9cnicas inform\u00e1ticas esenciales, esta obra analiza los programas especializados m\u00e1s recientes y ofrece numerosos ejemplos pr\u00e1cticos, explicados al detalle, para que los interesados desarrollen con facilidad sus creaciones. En permanente avance y perfeccionamiento, los programas de dise\u00f1o est\u00e1n cambiando el rostro de la moda: mejoran el proceso industrial, la digitalizaci\u00f3n de los datos y figurines, simplifican la manipulaci\u00f3n o sus acabados, y proporcionan herramientas de creaci\u00f3n m\u00e1s minuciosas, \u00e1giles e intuitivas para la representaci\u00f3n gr\u00e1fica de las prendas, la estampaci\u00f3n de los tejidos y la documentaci\u00f3n.<\/p>\n<p> Esta nueva edici\u00f3n, completamente actualizada e ilustrada, responde a la necesidad formativa actual. Reestructura los contenidos y los hace m\u00e1s did\u00e1cticos, incorpora ejercicios pr\u00e1cticos y una amplia galer\u00eda de im\u00e1genes con los dise\u00f1os ganadores del Concurso Internacional de Dise\u00f1o Digital de Moda.<\/p>\n<p> Como valor a\u00f1adido, podr\u00e1s descargarte directamente de la web oficial del libro disenodemoda.com los archivos de pr\u00e1ctica y todo el material extra.<\/p>\n","protected":false},"excerpt":{"rendered":"<p>L\u00d3PEZ L\u00d3PEZ, ANNA MAR\u00cdA<\/p>\n","protected":false},"featured_media":191277,"template":"","meta":{"_acf_changed":false,"om_disable_all_campaigns":false,"rs_blank_template":"","rs_page_bg_color":"","slide_template_v7":"","inline_featured_image":false,"_monsterinsights_skip_tracking":false,"_monsterinsights_sitenote_active":false,"_monsterinsights_sitenote_note":"","_monsterinsights_sitenote_category":0},"product_brand":[],"product_cat":[101],"product_tag":[],"class_list":{"0":"post-191276","1":"product","2":"type-product","3":"status-publish","4":"has-post-thumbnail","6":"product_cat-manualitats","8":"first","9":"instock","10":"taxable","11":"shipping-taxable","12":"purchasable","13":"product-type-simple"},"acf":{"autor":"L\u00d3PEZ L\u00d3PEZ, ANNA MAR\u00cdA","codart":"844153974","libros-coleccion":"FORA DE COL.LECCI\u00d3","ediciones":"1","encuadernacion":"R\u00fastica","fecha_de_publicacion":"01\/02\/2018","novedad":"1","paginas":"347","subtitulo":"","orden":"0","portada":"0","idioma":"spa","editorial":[{"ID":147434,"post_author":"3","post_date":"2022-10-14 11:50:33","post_date_gmt":"2022-10-14 09:50:33","post_content":"","post_title":"ANAYA MULTIMEDIA","post_excerpt":"","post_status":"publish","comment_status":"closed","ping_status":"closed","post_password":"","post_name":"anaya-multimedia","to_ping":"","pinged":"","post_modified":"2022-10-14 11:50:33","post_modified_gmt":"2022-10-14 09:50:33","post_content_filtered":"","post_parent":0,"guid":"http:\/\/dev.claret.cat\/editorial\/anaya-multimedia\/","menu_order":0,"post_type":"editorial","post_mime_type":"","comment_count":"0","filter":"raw"}]},"aioseo_notices":[],"_links":{"self":[{"href":"https:\/\/www.claret.cat\/es\/wp-json\/wp\/v2\/product\/191276","targetHints":{"allow":["GET"]}}],"collection":[{"href":"https:\/\/www.claret.cat\/es\/wp-json\/wp\/v2\/product"}],"about":[{"href":"https:\/\/www.claret.cat\/es\/wp-json\/wp\/v2\/types\/product"}],"wp:featuredmedia":[{"embeddable":true,"href":"https:\/\/www.claret.cat\/es\/wp-json\/wp\/v2\/media\/191277"}],"wp:attachment":[{"href":"https:\/\/www.claret.cat\/es\/wp-json\/wp\/v2\/media?parent=191276"}],"wp:term":[{"taxonomy":"product_brand","embeddable":true,"href":"https:\/\/www.claret.cat\/es\/wp-json\/wp\/v2\/product_brand?post=191276"},{"taxonomy":"product_cat","embeddable":true,"href":"https:\/\/www.claret.cat\/es\/wp-json\/wp\/v2\/product_cat?post=191276"},{"taxonomy":"product_tag","embeddable":true,"href":"https:\/\/www.claret.cat\/es\/wp-json\/wp\/v2\/product_tag?post=191276"}],"curies":[{"name":"wp","href":"https:\/\/api.w.org\/{rel}","templated":true}]}}