{"id":191291,"date":"2022-10-20T06:19:37","date_gmt":"2022-10-20T04:19:37","guid":{"rendered":"http:\/\/dev.claret.cat\/producte\/guerreras-princesas-o-heroinas-de-los-videojuegos\/"},"modified":"2023-01-28T05:41:32","modified_gmt":"2023-01-28T04:41:32","slug":"guerreras-princesas-o-heroinas-de-los-videojuegos-9788494826801","status":"publish","type":"product","link":"https:\/\/www.claret.cat\/es\/libro\/guerreras-princesas-o-heroinas-de-los-videojuegos-9788494826801\/","title":{"rendered":"GUERRERAS PRINCESAS O HEROINAS DE LOS VIDEOJUEGOS"},"content":{"rendered":"<p>Es la industria de entretenimiento m\u00e1s joven, la que tiene mayores perspectivas de crecimiento, la que m\u00e1s gente atrae en todo el mundo y con un mayor potencial de facturaci\u00f3n futura. Es la industria del videojuego. Y adem\u00e1s ha tenido la gran habilidad de saber integrar a las mujeres en su universo, tanto en su papel de jugadoras como en el de protagonistas. Echando un vistazo a los juegos que aparecen en Guerreras y princesas se puede ver c\u00f3mo ha cambiado el papel de las hero\u00ednas. Desde los comienzos, como damiselas en apuros a las que hab\u00eda que rescatar (ya fuera saltando sobre un ej\u00e9rcito de tortugas o li\u00e1ndose a pu\u00f1etazos por las calles de Metro City), a las protagonistas exuberantes que dominaban la pantalla con sus t\u00e9cnicas de artes marciales. Desde las secundarias de lujo, a protagonistas con un trasfondo y unas habilidades a la altura (o por encima) de sus compa\u00f1eros masculinos. Es f\u00e1cil argumentar as\u00ed, que la mujer en los videojuegos se encuentra en su mejor momento.<\/p>\n","protected":false},"excerpt":{"rendered":"<p>MARTINEZ,DAVID<\/p>\n","protected":false},"featured_media":191292,"template":"","meta":{"_acf_changed":false,"om_disable_all_campaigns":false,"rs_blank_template":"","rs_page_bg_color":"","slide_template_v7":"","inline_featured_image":false,"_monsterinsights_skip_tracking":false,"_monsterinsights_sitenote_active":false,"_monsterinsights_sitenote_note":"","_monsterinsights_sitenote_category":0},"product_brand":[],"product_cat":[105,115],"product_tag":[],"class_list":{"0":"post-191291","1":"product","2":"type-product","3":"status-publish","4":"has-post-thumbnail","6":"product_cat-regal","7":"product_cat-videojocs","9":"first","10":"instock","11":"taxable","12":"shipping-taxable","13":"purchasable","14":"product-type-simple"},"acf":{"autor":"MARTINEZ,DAVID","codart":"849482680","libros-coleccion":"","ediciones":"1","encuadernacion":"R\u00fastica","fecha_de_publicacion":"01\/02\/2018","novedad":"1","paginas":"252","subtitulo":"","orden":"0","portada":"0","idioma":"spa","editorial":[{"ID":6292,"post_author":"3","post_date":"2022-07-28 17:49:03","post_date_gmt":"2022-07-28 15:49:03","post_content":"","post_title":"LOOK","post_excerpt":"","post_status":"publish","comment_status":"closed","ping_status":"closed","post_password":"","post_name":"look","to_ping":"","pinged":"","post_modified":"2022-07-28 17:49:03","post_modified_gmt":"2022-07-28 15:49:03","post_content_filtered":"","post_parent":0,"guid":"http:\/\/dev.claret.cat\/editorial\/look\/","menu_order":0,"post_type":"editorial","post_mime_type":"","comment_count":"0","filter":"raw"}],"autores-libros":[{"ID":5390,"post_author":"3","post_date":"2022-07-28 17:22:57","post_date_gmt":"2022-07-28 15:22:57","post_content":"","post_title":"DAVID MARTINEZ","post_excerpt":"","post_status":"publish","comment_status":"closed","ping_status":"closed","post_password":"","post_name":"david-martinez","to_ping":"","pinged":"","post_modified":"2022-07-28 17:22:57","post_modified_gmt":"2022-07-28 15:22:57","post_content_filtered":"","post_parent":0,"guid":"http:\/\/dev.claret.cat\/autor\/david-martinez\/","menu_order":0,"post_type":"autor","post_mime_type":"","comment_count":"0","filter":"raw"}]},"aioseo_notices":[],"_links":{"self":[{"href":"https:\/\/www.claret.cat\/es\/wp-json\/wp\/v2\/product\/191291","targetHints":{"allow":["GET"]}}],"collection":[{"href":"https:\/\/www.claret.cat\/es\/wp-json\/wp\/v2\/product"}],"about":[{"href":"https:\/\/www.claret.cat\/es\/wp-json\/wp\/v2\/types\/product"}],"wp:featuredmedia":[{"embeddable":true,"href":"https:\/\/www.claret.cat\/es\/wp-json\/wp\/v2\/media\/191292"}],"wp:attachment":[{"href":"https:\/\/www.claret.cat\/es\/wp-json\/wp\/v2\/media?parent=191291"}],"wp:term":[{"taxonomy":"product_brand","embeddable":true,"href":"https:\/\/www.claret.cat\/es\/wp-json\/wp\/v2\/product_brand?post=191291"},{"taxonomy":"product_cat","embeddable":true,"href":"https:\/\/www.claret.cat\/es\/wp-json\/wp\/v2\/product_cat?post=191291"},{"taxonomy":"product_tag","embeddable":true,"href":"https:\/\/www.claret.cat\/es\/wp-json\/wp\/v2\/product_tag?post=191291"}],"curies":[{"name":"wp","href":"https:\/\/api.w.org\/{rel}","templated":true}]}}