{"id":191387,"date":"2022-10-20T06:21:19","date_gmt":"2022-10-20T04:21:19","guid":{"rendered":"http:\/\/dev.claret.cat\/producte\/el-vuelo-de-la-serpiente\/"},"modified":"2026-02-23T11:26:27","modified_gmt":"2026-02-23T10:26:27","slug":"el-vuelo-de-la-serpiente-9788416087525","status":"publish","type":"product","link":"https:\/\/www.claret.cat\/es\/libro\/el-vuelo-de-la-serpiente-9788416087525\/","title":{"rendered":"EL VUELO DE LA SERPIENTE"},"content":{"rendered":"<p>El segundo volumen de la trilog\u00eda ambientada en San Sebasti\u00e1n protagonizada por Max Medina y Erika L\u00f3pez.<br \/>En 2013, A\u00f1o de la Serpiente, el signo m\u00e1s ambicioso  del  Zod\u00edaco  chino,  San  Sebasti\u00e1n  vive semanas convulsas tras la desaparici\u00f3n de dos chicas y el asesinato de un joven en el Museo Chillida-Leku. Max Medina y Erika L\u00f3pez, inseparables  en  su  lucha  contra  el  crimen,  deben enfrentarse a asesinatos, secuestros y agentes secretos.<\/p>\n","protected":false},"excerpt":{"rendered":"<p>AL\u00cdA, RICARDO<\/p>\n","protected":false},"featured_media":1085485,"template":"","meta":{"_acf_changed":false,"om_disable_all_campaigns":false,"rs_blank_template":"","rs_page_bg_color":"","slide_template_v7":"","inline_featured_image":false,"_monsterinsights_skip_tracking":false,"_monsterinsights_sitenote_active":false,"_monsterinsights_sitenote_note":"","_monsterinsights_sitenote_category":0},"product_brand":[],"product_cat":[87,353],"product_tag":[],"class_list":{"0":"post-191387","1":"product","2":"type-product","3":"status-publish","4":"has-post-thumbnail","6":"product_cat-literatura","7":"product_cat-literatura-2_humanidades","9":"first","10":"outofstock","11":"taxable","12":"shipping-taxable","13":"purchasable","14":"product-type-simple"},"acf":{"autor":"AL\u00cdA, RICARDO","codart":"841608752","libros-coleccion":"Em Bolsillo","ediciones":"1","encuadernacion":"R\u00fastica","fecha_de_publicacion":"01\/02\/2018","novedad":"0","paginas":"413","subtitulo":"","orden":"0","portada":"0","idioma":"spa","editorial":[{"ID":148087,"post_author":"3","post_date":"2022-10-14 11:55:32","post_date_gmt":"2022-10-14 09:55:32","post_content":"","post_title":"EMBOLSILLO","post_excerpt":"","post_status":"publish","comment_status":"closed","ping_status":"closed","post_password":"","post_name":"embolsillo","to_ping":"","pinged":"","post_modified":"2022-10-14 11:55:32","post_modified_gmt":"2022-10-14 09:55:32","post_content_filtered":"","post_parent":0,"guid":"http:\/\/dev.claret.cat\/editorial\/embolsillo\/","menu_order":0,"post_type":"editorial","post_mime_type":"","comment_count":"0","filter":"raw"}],"booktrailer":"","resenas":"","autores-libros":[{"ID":428041,"post_author":"3","post_date":"2023-05-16 09:18:42","post_date_gmt":"2023-05-16 07:18:42","post_content":"","post_title":"RICARDO AL\u00cdA","post_excerpt":"","post_status":"publish","comment_status":"closed","ping_status":"closed","post_password":"","post_name":"ricardo-alia","to_ping":"","pinged":"","post_modified":"2023-05-16 09:18:42","post_modified_gmt":"2023-05-16 07:18:42","post_content_filtered":"","post_parent":0,"guid":"https:\/\/www.claret.cat\/autor\/ricardo-alia\/","menu_order":0,"post_type":"autor","post_mime_type":"","comment_count":"0","filter":"raw"}]},"aioseo_notices":[],"_links":{"self":[{"href":"https:\/\/www.claret.cat\/es\/wp-json\/wp\/v2\/product\/191387","targetHints":{"allow":["GET"]}}],"collection":[{"href":"https:\/\/www.claret.cat\/es\/wp-json\/wp\/v2\/product"}],"about":[{"href":"https:\/\/www.claret.cat\/es\/wp-json\/wp\/v2\/types\/product"}],"wp:featuredmedia":[{"embeddable":true,"href":"https:\/\/www.claret.cat\/es\/wp-json\/wp\/v2\/media\/1085485"}],"wp:attachment":[{"href":"https:\/\/www.claret.cat\/es\/wp-json\/wp\/v2\/media?parent=191387"}],"wp:term":[{"taxonomy":"product_brand","embeddable":true,"href":"https:\/\/www.claret.cat\/es\/wp-json\/wp\/v2\/product_brand?post=191387"},{"taxonomy":"product_cat","embeddable":true,"href":"https:\/\/www.claret.cat\/es\/wp-json\/wp\/v2\/product_cat?post=191387"},{"taxonomy":"product_tag","embeddable":true,"href":"https:\/\/www.claret.cat\/es\/wp-json\/wp\/v2\/product_tag?post=191387"}],"curies":[{"name":"wp","href":"https:\/\/api.w.org\/{rel}","templated":true}]}}