{"id":191411,"date":"2022-10-20T06:21:44","date_gmt":"2022-10-20T04:21:44","guid":{"rendered":"http:\/\/dev.claret.cat\/producte\/la-cajita-de-rape\/"},"modified":"2026-02-23T11:17:47","modified_gmt":"2026-02-23T10:17:47","slug":"la-cajita-de-rape-9788416087754","status":"publish","type":"product","link":"https:\/\/www.claret.cat\/es\/libro\/la-cajita-de-rape-9788416087754\/","title":{"rendered":"LA CAJITA DE RAP\u00c9"},"content":{"rendered":"<p>Espa\u00f1a, 1861. Tras un cuarto de siglo como polic\u00eda, Jos\u00e9 Mar\u00eda Ben\u00edtez, al frente de la comisar\u00eda de La Latina, ve al alcance de su mano el prestigioso puesto de inspector jefe de Madrid. Sin embargo, sus ambiciones personales quedan relegadas cuando en la casa de los Ribalter, una adinerada familia de su distrito, aparece muerta una criada. El crimen, que en un principio parece explicarse por un m\u00f3vil econ\u00f3mico, se complica cuando, en el transcurso de la investigaci\u00f3n, comienzan a aflorar secretos familiares que vienen de muy lejos, de la isla de Cuba, donde el se\u00f1or Ribalter amas\u00f3 su fortuna.<\/p>\n<p>Mientras Jos\u00e9 Mar\u00eda Ben\u00edtez y Ortega, su nuevo ayudante, un joven abogado malague\u00f1o sin experiencia policial, tratan de esclarecer este caso, que se complica a pasos agigantados, Madrid vive expectante la inminente apertura de Cortes. La ilusi\u00f3n de unidad con la que se ha combatido al imperio marroqu\u00ed se ha desvanecido y en la Uni\u00f3n Liberal, liderada por el general O\u2019Donnell, comienzan a sonar las primeras voces disidentes a ra\u00edz de la conducta del Gobierno con los campesinos andaluces condenados por la sublevaci\u00f3n de Loja.<\/p>\n<p>Ben\u00edtez tendr\u00e1 que enfrentarse a sus demonios personales y poner a prueba su integridad ante la cara m\u00e1s miserable del poder.<\/p>\n","protected":false},"excerpt":{"rendered":"<p>ALONSO GARC\u00cdA &#8211; POZUELO, JAVIER<\/p>\n","protected":false},"featured_media":1085463,"template":"","meta":{"_acf_changed":false,"om_disable_all_campaigns":false,"rs_blank_template":"","rs_page_bg_color":"","slide_template_v7":"","inline_featured_image":false,"_monsterinsights_skip_tracking":false,"_monsterinsights_sitenote_active":false,"_monsterinsights_sitenote_note":"","_monsterinsights_sitenote_category":0},"product_brand":[],"product_cat":[87,353],"product_tag":[],"class_list":{"0":"post-191411","1":"product","2":"type-product","3":"status-publish","4":"has-post-thumbnail","6":"product_cat-literatura","7":"product_cat-literatura-2_humanidades","9":"first","10":"outofstock","11":"taxable","12":"shipping-taxable","13":"purchasable","14":"product-type-simple"},"acf":{"autor":"ALONSO GARC\u00cdA - POZUELO, JAVIER","codart":"841608775","libros-coleccion":"EMBOLSILLO","ediciones":"1","encuadernacion":"R\u00fastica","fecha_de_publicacion":"01\/02\/2018","novedad":"0","paginas":"439","subtitulo":"","orden":"0","portada":"0","idioma":"spa","editorial":[{"ID":148087,"post_author":"3","post_date":"2022-10-14 11:55:32","post_date_gmt":"2022-10-14 09:55:32","post_content":"","post_title":"EMBOLSILLO","post_excerpt":"","post_status":"publish","comment_status":"closed","ping_status":"closed","post_password":"","post_name":"embolsillo","to_ping":"","pinged":"","post_modified":"2022-10-14 11:55:32","post_modified_gmt":"2022-10-14 09:55:32","post_content_filtered":"","post_parent":0,"guid":"http:\/\/dev.claret.cat\/editorial\/embolsillo\/","menu_order":0,"post_type":"editorial","post_mime_type":"","comment_count":"0","filter":"raw"}],"booktrailer":"","resenas":"","autores-libros":[{"ID":423827,"post_author":"3","post_date":"2023-05-16 07:48:00","post_date_gmt":"2023-05-16 05:48:00","post_content":"","post_title":"JAVIER ALONSO GARC\u00cdA - POZUELO","post_excerpt":"","post_status":"publish","comment_status":"closed","ping_status":"closed","post_password":"","post_name":"javier-alonso-garcia-pozuelo","to_ping":"","pinged":"","post_modified":"2023-05-16 07:48:00","post_modified_gmt":"2023-05-16 05:48:00","post_content_filtered":"","post_parent":0,"guid":"https:\/\/www.claret.cat\/autor\/javier-alonso-garcia-pozuelo\/","menu_order":0,"post_type":"autor","post_mime_type":"","comment_count":"0","filter":"raw"}]},"aioseo_notices":[],"_links":{"self":[{"href":"https:\/\/www.claret.cat\/es\/wp-json\/wp\/v2\/product\/191411","targetHints":{"allow":["GET"]}}],"collection":[{"href":"https:\/\/www.claret.cat\/es\/wp-json\/wp\/v2\/product"}],"about":[{"href":"https:\/\/www.claret.cat\/es\/wp-json\/wp\/v2\/types\/product"}],"wp:featuredmedia":[{"embeddable":true,"href":"https:\/\/www.claret.cat\/es\/wp-json\/wp\/v2\/media\/1085463"}],"wp:attachment":[{"href":"https:\/\/www.claret.cat\/es\/wp-json\/wp\/v2\/media?parent=191411"}],"wp:term":[{"taxonomy":"product_brand","embeddable":true,"href":"https:\/\/www.claret.cat\/es\/wp-json\/wp\/v2\/product_brand?post=191411"},{"taxonomy":"product_cat","embeddable":true,"href":"https:\/\/www.claret.cat\/es\/wp-json\/wp\/v2\/product_cat?post=191411"},{"taxonomy":"product_tag","embeddable":true,"href":"https:\/\/www.claret.cat\/es\/wp-json\/wp\/v2\/product_tag?post=191411"}],"curies":[{"name":"wp","href":"https:\/\/api.w.org\/{rel}","templated":true}]}}