{"id":191435,"date":"2022-10-20T06:22:08","date_gmt":"2022-10-20T04:22:08","guid":{"rendered":"http:\/\/dev.claret.cat\/producte\/carnada\/"},"modified":"2023-01-28T16:52:03","modified_gmt":"2023-01-28T15:52:03","slug":"carnada-9788416670420","status":"publish","type":"product","link":"https:\/\/www.claret.cat\/es\/libro\/carnada-9788416670420\/","title":{"rendered":"CARNADA"},"content":{"rendered":"<p>Una hist\u00f2ria d&#8217;amistat, sexe, acci\u00f3&#8230;. i zombies.<br \/>En Pep i l&#8217;Andreu s\u00f3n periodistes i amics de tota la vida. Un bon dia reben l&#8217;enc\u00e0rrec de recuperar una mem\u00f2ria USB que cont\u00e9 una informaci\u00f3 molt comprometedora pel Govern. Resulta ser molt m\u00e9s que aix\u00f2: el que hi veuen demostra que Catalunya s&#8217;aboca a l&#8217;Apocalipsi. Ells, que mai s&#8217;han sentit part d&#8217;aquest m\u00f3n, ara voldran salvar-lo. D\u00e9u ens agafi confessats.<\/p>\n","protected":false},"excerpt":{"rendered":"<p>PRIETO, PEP<\/p>\n","protected":false},"featured_media":191436,"template":"","meta":{"_acf_changed":false,"om_disable_all_campaigns":false,"rs_blank_template":"","rs_page_bg_color":"","slide_template_v7":"","inline_featured_image":false,"_monsterinsights_skip_tracking":false,"_monsterinsights_sitenote_active":false,"_monsterinsights_sitenote_note":"","_monsterinsights_sitenote_category":0},"product_brand":[],"product_cat":[87],"product_tag":[],"class_list":{"0":"post-191435","1":"product","2":"type-product","3":"status-publish","4":"has-post-thumbnail","6":"product_cat-literatura","8":"first","9":"instock","10":"taxable","11":"shipping-taxable","12":"purchasable","13":"product-type-simple"},"acf":{"autor":"PRIETO, PEP","codart":"841667042","libros-coleccion":"SUSHI BOOKS","ediciones":"1","encuadernacion":"R\u00fastica","fecha_de_publicacion":"01\/02\/2018","novedad":"1","paginas":"202","subtitulo":"","orden":"0","portada":"0","idioma":"cat","editorial":[{"ID":147566,"post_author":"3","post_date":"2022-10-14 11:51:33","post_date_gmt":"2022-10-14 09:51:33","post_content":"","post_title":"Bridge","post_excerpt":"","post_status":"publish","comment_status":"closed","ping_status":"closed","post_password":"","post_name":"bridge","to_ping":"","pinged":"","post_modified":"2022-10-14 11:51:33","post_modified_gmt":"2022-10-14 09:51:33","post_content_filtered":"","post_parent":0,"guid":"http:\/\/dev.claret.cat\/editorial\/bridge\/","menu_order":0,"post_type":"editorial","post_mime_type":"","comment_count":"0","filter":"raw"}],"autores-libros":[{"ID":166963,"post_author":"3","post_date":"2022-10-14 18:07:26","post_date_gmt":"2022-10-14 16:07:26","post_content":"","post_title":"PEP PRIETO","post_excerpt":"","post_status":"publish","comment_status":"closed","ping_status":"closed","post_password":"","post_name":"pep-prieto","to_ping":"","pinged":"","post_modified":"2022-10-14 18:07:26","post_modified_gmt":"2022-10-14 16:07:26","post_content_filtered":"","post_parent":0,"guid":"http:\/\/dev.claret.cat\/autor\/pep-prieto\/","menu_order":0,"post_type":"autor","post_mime_type":"","comment_count":"0","filter":"raw"}]},"aioseo_notices":[],"_links":{"self":[{"href":"https:\/\/www.claret.cat\/es\/wp-json\/wp\/v2\/product\/191435","targetHints":{"allow":["GET"]}}],"collection":[{"href":"https:\/\/www.claret.cat\/es\/wp-json\/wp\/v2\/product"}],"about":[{"href":"https:\/\/www.claret.cat\/es\/wp-json\/wp\/v2\/types\/product"}],"wp:featuredmedia":[{"embeddable":true,"href":"https:\/\/www.claret.cat\/es\/wp-json\/wp\/v2\/media\/191436"}],"wp:attachment":[{"href":"https:\/\/www.claret.cat\/es\/wp-json\/wp\/v2\/media?parent=191435"}],"wp:term":[{"taxonomy":"product_brand","embeddable":true,"href":"https:\/\/www.claret.cat\/es\/wp-json\/wp\/v2\/product_brand?post=191435"},{"taxonomy":"product_cat","embeddable":true,"href":"https:\/\/www.claret.cat\/es\/wp-json\/wp\/v2\/product_cat?post=191435"},{"taxonomy":"product_tag","embeddable":true,"href":"https:\/\/www.claret.cat\/es\/wp-json\/wp\/v2\/product_tag?post=191435"}],"curies":[{"name":"wp","href":"https:\/\/api.w.org\/{rel}","templated":true}]}}