{"id":191489,"date":"2022-10-20T06:23:03","date_gmt":"2022-10-20T04:23:03","guid":{"rendered":"http:\/\/dev.claret.cat\/producte\/125-ocells-de-catalunya\/"},"modified":"2024-02-01T18:15:20","modified_gmt":"2024-02-01T17:15:20","slug":"125-ocells-de-catalunya-9788490346747","status":"publish","type":"product","link":"https:\/\/www.claret.cat\/es\/libro\/125-ocells-de-catalunya-9788490346747\/","title":{"rendered":"125 OCELLS DE CATALUNYA"},"content":{"rendered":"<p>Tenim la sort que en aquest rac\u00f3 de m\u00f3n, Catalunya, hi ha una gran diversitat de paisatges, cosa que es tradueix en una gran riquesa ornitol\u00f2gica. Podem trobar ocells interessants mar endins a la Mediterr\u00e0nia, als aiguamolls litorals, a les planes est\u00e8piques de l&#8217;interior, als boscos d&#8217;arreu o als cims pirinencs -i a les grans ciutats, fins i tot-. Per gaudir-ne nom\u00e9s caldr\u00e0 sortir i, en silenci, fonent-nos amb l&#8217;entorn, parar l&#8217;orella i observar amb l&#8217;ajuda d&#8217;uns bons prism\u00e0tics. Quasi sempre millor llevant-nos ben d&#8217;hora, ben d&#8221;hora. I aix\u00ed, ocell a ocell, con\u00e8ixer la terra, aquest tros de Terra que hem fet nostre.  De les m\u00e9s de 350 esp\u00e8cies que s&#8217;han observat a Catalunya, en aquesta guia n&#8217;hem recollit les m\u00e9s imprescindibles, les que per la seva abund\u00e0ncia, bellesa o singularitat, creiem que cal con\u00e8ixer.  A cada l\u00e0mina hi trobareu il\u00b7lustrades a la mateixa escala una desena d&#8221;esp\u00e8cies d&#8217;ocells, acompanyades d&#8217;un petit text i unes icones amb informaci\u00f3 complement\u00e0ria per facilitar-ne la localitzaci\u00f3 i identificaci\u00f3.  Deixeu-vos seduir per aquests primers cent vint-i-cinc ocells i no podreu evitar voler descobrir-ne molts d&#8217;altres!<\/p>\n","protected":false},"excerpt":{"rendered":"<p>LLOBET FRAN\u00c7OIS, TONI \/ COPETE, JOS\u00c9 LUIS<\/p>\n","protected":false},"featured_media":320422,"template":"","meta":{"_acf_changed":false,"om_disable_all_campaigns":false,"rs_blank_template":"","rs_page_bg_color":"","slide_template_v7":"","inline_featured_image":false,"_monsterinsights_skip_tracking":false,"_monsterinsights_sitenote_active":false,"_monsterinsights_sitenote_note":"","_monsterinsights_sitenote_category":0},"product_brand":[],"product_cat":[90,554,104,540],"product_tag":[],"class_list":{"0":"post-191489","1":"product","2":"type-product","3":"status-publish","4":"has-post-thumbnail","6":"product_cat-altres","7":"product_cat-ciencia-5_otras-spa","8":"product_cat-ciencia","9":"product_cat-otros","11":"first","12":"instock","13":"taxable","14":"shipping-taxable","15":"purchasable","16":"product-type-simple"},"acf":{"autor":"LLOBET FRAN\u00c7OIS, TONI \/ COPETE, JOS\u00c9 LUIS","codart":"849034674","libros-coleccion":"FORA DE COL.LECCI\u00d3","ediciones":"1","encuadernacion":"R\u00fastica","fecha_de_publicacion":"01\/02\/2018","novedad":"1","paginas":"2","subtitulo":"QUE CAL CON\u00c8IXER","orden":"0","portada":"0","idioma":"cat","editorial":[{"ID":6171,"post_author":"3","post_date":"2022-07-28 17:46:25","post_date_gmt":"2022-07-28 15:46:25","post_content":"","post_title":"COSSETANIA EDICIONS","post_excerpt":"","post_status":"publish","comment_status":"closed","ping_status":"closed","post_password":"","post_name":"cossetania-edicions","to_ping":"","pinged":"","post_modified":"2022-07-28 17:46:25","post_modified_gmt":"2022-07-28 15:46:25","post_content_filtered":"","post_parent":0,"guid":"http:\/\/dev.claret.cat\/editorial\/cossetania-edicions\/","menu_order":0,"post_type":"editorial","post_mime_type":"","comment_count":"0","filter":"raw"}],"autores-libros":[{"ID":170546,"post_author":"3","post_date":"2022-10-14 22:36:13","post_date_gmt":"2022-10-14 20:36:13","post_content":"","post_title":"TONI LLOBET FRAN\u00c7OIS","post_excerpt":"","post_status":"publish","comment_status":"closed","ping_status":"closed","post_password":"","post_name":"toni-llobet-francois","to_ping":"","pinged":"","post_modified":"2022-10-14 22:36:13","post_modified_gmt":"2022-10-14 20:36:13","post_content_filtered":"","post_parent":0,"guid":"http:\/\/dev.claret.cat\/autor\/toni-llobet-francois\/","menu_order":0,"post_type":"autor","post_mime_type":"","comment_count":"0","filter":"raw"},{"ID":160318,"post_author":"3","post_date":"2022-10-14 15:52:06","post_date_gmt":"2022-10-14 13:52:06","post_content":"","post_title":"JOS\u00c9 LUIS COPETE","post_excerpt":"","post_status":"publish","comment_status":"closed","ping_status":"closed","post_password":"","post_name":"jose-luis-copete","to_ping":"","pinged":"","post_modified":"2022-10-14 15:52:06","post_modified_gmt":"2022-10-14 13:52:06","post_content_filtered":"","post_parent":0,"guid":"http:\/\/dev.claret.cat\/autor\/jose-luis-copete\/","menu_order":0,"post_type":"autor","post_mime_type":"","comment_count":"0","filter":"raw"}]},"aioseo_notices":[],"_links":{"self":[{"href":"https:\/\/www.claret.cat\/es\/wp-json\/wp\/v2\/product\/191489","targetHints":{"allow":["GET"]}}],"collection":[{"href":"https:\/\/www.claret.cat\/es\/wp-json\/wp\/v2\/product"}],"about":[{"href":"https:\/\/www.claret.cat\/es\/wp-json\/wp\/v2\/types\/product"}],"wp:featuredmedia":[{"embeddable":true,"href":"https:\/\/www.claret.cat\/es\/wp-json\/wp\/v2\/media\/320422"}],"wp:attachment":[{"href":"https:\/\/www.claret.cat\/es\/wp-json\/wp\/v2\/media?parent=191489"}],"wp:term":[{"taxonomy":"product_brand","embeddable":true,"href":"https:\/\/www.claret.cat\/es\/wp-json\/wp\/v2\/product_brand?post=191489"},{"taxonomy":"product_cat","embeddable":true,"href":"https:\/\/www.claret.cat\/es\/wp-json\/wp\/v2\/product_cat?post=191489"},{"taxonomy":"product_tag","embeddable":true,"href":"https:\/\/www.claret.cat\/es\/wp-json\/wp\/v2\/product_tag?post=191489"}],"curies":[{"name":"wp","href":"https:\/\/api.w.org\/{rel}","templated":true}]}}